{"id":16125,"date":"2022-12-06T21:08:02","date_gmt":"2022-12-06T21:08:02","guid":{"rendered":"https:\/\/www.daco-solutions.com\/?page_id=16125"},"modified":"2024-07-15T20:27:00","modified_gmt":"2024-07-15T19:27:00","slug":"daco-solutions","status":"publish","type":"page","link":"https:\/\/www.daco-solutions.com\/ro\/","title":{"rendered":"T\u0103iere cu \u0219tan\u021b\u0103 rotativ\u0103 \/ Bobinatoare de etichete cu inspec\u021bie"},"content":{"rendered":"","protected":false},"excerpt":{"rendered":"","protected":false},"author":7,"featured_media":0,"parent":0,"menu_order":0,"comment_status":"closed","ping_status":"open","template":"page-home.php","meta":{"_acf_changed":false,"footnotes":""},"class_list":["post-16125","page","type-page","status-publish","hentry"],"acf":[],"yoast_head":"<!-- This site is optimized with the Yoast SEO Premium plugin v27.4 (Yoast SEO v27.5) - https:\/\/yoast.com\/product\/yoast-seo-premium-wordpress\/ -->\n<title>T\u0103iere cu \u0219tan\u021b\u0103 rotativ\u0103 \/ Rebobinatoare cu t\u0103iere longitudinal\u0103 \u0219i inspec\u021bie | Daco Solutions<\/title>\n<meta name=\"description\" content=\"Daco Solutions - produc\u0103tori britanici de ma\u0219ini de t\u0103iat cu \u0219tan\u021b\u0103 rotativ\u0103, rebobinatoare cu t\u0103iere longitudinal\u0103 \u0219i inspec\u021bie \u0219i rebobinatoare cu turel\u0103 pentru industria tip\u0103ririi de etichete, materiale \u00eenguste \u0219i converting.\" \/>\n<meta name=\"robots\" content=\"index, follow, max-snippet:-1, max-image-preview:large, max-video-preview:-1\" \/>\n<link rel=\"canonical\" href=\"https:\/\/www.daco-solutions.com\/ro\/\" \/>\n<meta property=\"og:locale\" content=\"ro_RO\" \/>\n<meta property=\"og:type\" content=\"article\" \/>\n<meta property=\"og:title\" content=\"T\u0103iere cu \u0219tan\u021b\u0103 rotativ\u0103 \/ Bobinatoare de etichete cu inspec\u021bie\" \/>\n<meta property=\"og:description\" content=\"Daco Solutions - produc\u0103tori britanici de ma\u0219ini de t\u0103iat cu \u0219tan\u021b\u0103 rotativ\u0103, rebobinatoare cu t\u0103iere longitudinal\u0103 \u0219i inspec\u021bie \u0219i rebobinatoare cu turel\u0103 pentru industria tip\u0103ririi de etichete, materiale \u00eenguste \u0219i converting.\" \/>\n<meta property=\"og:url\" content=\"https:\/\/www.daco-solutions.com\/ro\/\" \/>\n<meta property=\"og:site_name\" content=\"Daco Solutions\" \/>\n<meta property=\"article:modified_time\" content=\"2024-07-15T19:27:00+00:00\" \/>\n<meta name=\"twitter:card\" content=\"summary_large_image\" \/>\n<meta name=\"twitter:site\" content=\"@DacoSolutions\" \/>\n<meta name=\"twitter:label1\" content=\"Timp estimat pentru citire\" \/>\n\t<meta name=\"twitter:data1\" content=\"5 minute\" \/>\n<script type=\"application\/ld+json\" class=\"yoast-schema-graph\">{\"@context\":\"https:\\\/\\\/schema.org\",\"@graph\":[{\"@type\":\"WebPage\",\"@id\":\"https:\\\/\\\/www.daco-solutions.com\\\/ro\\\/\",\"url\":\"https:\\\/\\\/www.daco-solutions.com\\\/ro\\\/\",\"name\":\"T\u0103iere cu \u0219tan\u021b\u0103 rotativ\u0103 \\\/ Rebobinatoare cu t\u0103iere longitudinal\u0103 \u0219i inspec\u021bie | Daco Solutions\",\"isPartOf\":{\"@id\":\"https:\\\/\\\/www.daco-solutions.com\\\/ro\\\/#website\"},\"datePublished\":\"2022-12-06T21:08:02+00:00\",\"dateModified\":\"2024-07-15T19:27:00+00:00\",\"description\":\"Daco Solutions - produc\u0103tori britanici de ma\u0219ini de t\u0103iat cu \u0219tan\u021b\u0103 rotativ\u0103, rebobinatoare cu t\u0103iere longitudinal\u0103 \u0219i inspec\u021bie \u0219i rebobinatoare cu turel\u0103 pentru industria tip\u0103ririi de etichete, materiale \u00eenguste \u0219i converting.\",\"breadcrumb\":{\"@id\":\"https:\\\/\\\/www.daco-solutions.com\\\/ro\\\/#breadcrumb\"},\"inLanguage\":\"ro-RO\",\"potentialAction\":[{\"@type\":\"ReadAction\",\"target\":[\"https:\\\/\\\/www.daco-solutions.com\\\/ro\\\/\"]}]},{\"@type\":\"BreadcrumbList\",\"@id\":\"https:\\\/\\\/www.daco-solutions.com\\\/ro\\\/#breadcrumb\",\"itemListElement\":[{\"@type\":\"ListItem\",\"position\":1,\"name\":\"Home\",\"item\":\"https:\\\/\\\/www.daco-solutions.com\\\/ro\\\/\"},{\"@type\":\"ListItem\",\"position\":2,\"name\":\"T\u0103iere cu \u0219tan\u021b\u0103 rotativ\u0103 \\\/ Bobinatoare de etichete cu inspec\u021bie\"}]},{\"@type\":\"WebSite\",\"@id\":\"https:\\\/\\\/www.daco-solutions.com\\\/ro\\\/#website\",\"url\":\"https:\\\/\\\/www.daco-solutions.com\\\/ro\\\/\",\"name\":\"Daco Solutions\",\"description\":\"Rotary Die Cutting, Turret Rewinding &amp; Slitting Machinery\",\"publisher\":{\"@id\":\"https:\\\/\\\/www.daco-solutions.com\\\/ro\\\/#organization\"},\"potentialAction\":[{\"@type\":\"SearchAction\",\"target\":{\"@type\":\"EntryPoint\",\"urlTemplate\":\"https:\\\/\\\/www.daco-solutions.com\\\/ro\\\/?s={search_term_string}\"},\"query-input\":{\"@type\":\"PropertyValueSpecification\",\"valueRequired\":true,\"valueName\":\"search_term_string\"}}],\"inLanguage\":\"ro-RO\"},{\"@type\":\"Organization\",\"@id\":\"https:\\\/\\\/www.daco-solutions.com\\\/ro\\\/#organization\",\"name\":\"Daco Solutions Ltd\",\"url\":\"https:\\\/\\\/www.daco-solutions.com\\\/ro\\\/\",\"logo\":{\"@type\":\"ImageObject\",\"inLanguage\":\"ro-RO\",\"@id\":\"https:\\\/\\\/www.daco-solutions.com\\\/ro\\\/#\\\/schema\\\/logo\\\/image\\\/\",\"url\":\"https:\\\/\\\/0xrad6.n3cdn1.secureserver.net\\\/wp-content\\\/uploads\\\/2015\\\/07\\\/DacoNewLogo.jpg?time=1716375896\",\"contentUrl\":\"https:\\\/\\\/0xrad6.n3cdn1.secureserver.net\\\/wp-content\\\/uploads\\\/2015\\\/07\\\/DacoNewLogo.jpg?time=1716375896\",\"width\":5467,\"height\":1918,\"caption\":\"Daco Solutions Ltd\"},\"image\":{\"@id\":\"https:\\\/\\\/www.daco-solutions.com\\\/ro\\\/#\\\/schema\\\/logo\\\/image\\\/\"},\"sameAs\":[\"https:\\\/\\\/x.com\\\/DacoSolutions\",\"https:\\\/\\\/www.instagram.com\\\/dacosolutions1\\\/\",\"https:\\\/\\\/www.linkedin.com\\\/in\\\/mark-laurence-bab6492b\\\/\",\"https:\\\/\\\/www.youtube.com\\\/user\\\/DacoSolutions1\"],\"description\":\"Daco Solutions are a UK manufacturer with a range of equipment for the self adhesive label converting industry. The equipment is designed in house, with all parts manufactured in our modern CNC machining facility, with electrical panel building, assembly and testing all performed by Daco.\",\"email\":\"sales@daco-solutions.com\",\"telephone\":\"+ 44 (0)1482 860288\",\"legalName\":\"Daco Solutions Ltd\",\"foundingDate\":\"2001-01-15\"}]}<\/script>\n<!-- \/ Yoast SEO Premium plugin. -->","yoast_head_json":{"title":"T\u0103iere cu \u0219tan\u021b\u0103 rotativ\u0103 \/ Rebobinatoare cu t\u0103iere longitudinal\u0103 \u0219i inspec\u021bie | Daco Solutions","description":"Daco Solutions - produc\u0103tori britanici de ma\u0219ini de t\u0103iat cu \u0219tan\u021b\u0103 rotativ\u0103, rebobinatoare cu t\u0103iere longitudinal\u0103 \u0219i inspec\u021bie \u0219i rebobinatoare cu turel\u0103 pentru industria tip\u0103ririi de etichete, materiale \u00eenguste \u0219i converting.","robots":{"index":"index","follow":"follow","max-snippet":"max-snippet:-1","max-image-preview":"max-image-preview:large","max-video-preview":"max-video-preview:-1"},"canonical":"https:\/\/www.daco-solutions.com\/ro\/","og_locale":"ro_RO","og_type":"article","og_title":"T\u0103iere cu \u0219tan\u021b\u0103 rotativ\u0103 \/ Bobinatoare de etichete cu inspec\u021bie","og_description":"Daco Solutions - produc\u0103tori britanici de ma\u0219ini de t\u0103iat cu \u0219tan\u021b\u0103 rotativ\u0103, rebobinatoare cu t\u0103iere longitudinal\u0103 \u0219i inspec\u021bie \u0219i rebobinatoare cu turel\u0103 pentru industria tip\u0103ririi de etichete, materiale \u00eenguste \u0219i converting.","og_url":"https:\/\/www.daco-solutions.com\/ro\/","og_site_name":"Daco Solutions","article_modified_time":"2024-07-15T19:27:00+00:00","twitter_card":"summary_large_image","twitter_site":"@DacoSolutions","twitter_misc":{"Timp estimat pentru citire":"5 minute"},"schema":{"@context":"https:\/\/schema.org","@graph":[{"@type":"WebPage","@id":"https:\/\/www.daco-solutions.com\/ro\/","url":"https:\/\/www.daco-solutions.com\/ro\/","name":"T\u0103iere cu \u0219tan\u021b\u0103 rotativ\u0103 \/ Rebobinatoare cu t\u0103iere longitudinal\u0103 \u0219i inspec\u021bie | Daco Solutions","isPartOf":{"@id":"https:\/\/www.daco-solutions.com\/ro\/#website"},"datePublished":"2022-12-06T21:08:02+00:00","dateModified":"2024-07-15T19:27:00+00:00","description":"Daco Solutions - produc\u0103tori britanici de ma\u0219ini de t\u0103iat cu \u0219tan\u021b\u0103 rotativ\u0103, rebobinatoare cu t\u0103iere longitudinal\u0103 \u0219i inspec\u021bie \u0219i rebobinatoare cu turel\u0103 pentru industria tip\u0103ririi de etichete, materiale \u00eenguste \u0219i converting.","breadcrumb":{"@id":"https:\/\/www.daco-solutions.com\/ro\/#breadcrumb"},"inLanguage":"ro-RO","potentialAction":[{"@type":"ReadAction","target":["https:\/\/www.daco-solutions.com\/ro\/"]}]},{"@type":"BreadcrumbList","@id":"https:\/\/www.daco-solutions.com\/ro\/#breadcrumb","itemListElement":[{"@type":"ListItem","position":1,"name":"Home","item":"https:\/\/www.daco-solutions.com\/ro\/"},{"@type":"ListItem","position":2,"name":"T\u0103iere cu \u0219tan\u021b\u0103 rotativ\u0103 \/ Bobinatoare de etichete cu inspec\u021bie"}]},{"@type":"WebSite","@id":"https:\/\/www.daco-solutions.com\/ro\/#website","url":"https:\/\/www.daco-solutions.com\/ro\/","name":"Daco Solutions","description":"Rotary Die Cutting, Turret Rewinding &amp; Slitting Machinery","publisher":{"@id":"https:\/\/www.daco-solutions.com\/ro\/#organization"},"potentialAction":[{"@type":"SearchAction","target":{"@type":"EntryPoint","urlTemplate":"https:\/\/www.daco-solutions.com\/ro\/?s={search_term_string}"},"query-input":{"@type":"PropertyValueSpecification","valueRequired":true,"valueName":"search_term_string"}}],"inLanguage":"ro-RO"},{"@type":"Organization","@id":"https:\/\/www.daco-solutions.com\/ro\/#organization","name":"Daco Solutions Ltd","url":"https:\/\/www.daco-solutions.com\/ro\/","logo":{"@type":"ImageObject","inLanguage":"ro-RO","@id":"https:\/\/www.daco-solutions.com\/ro\/#\/schema\/logo\/image\/","url":"https:\/\/0xrad6.n3cdn1.secureserver.net\/wp-content\/uploads\/2015\/07\/DacoNewLogo.jpg?time=1716375896","contentUrl":"https:\/\/0xrad6.n3cdn1.secureserver.net\/wp-content\/uploads\/2015\/07\/DacoNewLogo.jpg?time=1716375896","width":5467,"height":1918,"caption":"Daco Solutions Ltd"},"image":{"@id":"https:\/\/www.daco-solutions.com\/ro\/#\/schema\/logo\/image\/"},"sameAs":["https:\/\/x.com\/DacoSolutions","https:\/\/www.instagram.com\/dacosolutions1\/","https:\/\/www.linkedin.com\/in\/mark-laurence-bab6492b\/","https:\/\/www.youtube.com\/user\/DacoSolutions1"],"description":"Daco Solutions are a UK manufacturer with a range of equipment for the self adhesive label converting industry. The equipment is designed in house, with all parts manufactured in our modern CNC machining facility, with electrical panel building, assembly and testing all performed by Daco.","email":"sales@daco-solutions.com","telephone":"+ 44 (0)1482 860288","legalName":"Daco Solutions Ltd","foundingDate":"2001-01-15"}]}},"_links":{"self":[{"href":"https:\/\/www.daco-solutions.com\/ro\/wp-json\/wp\/v2\/pages\/16125","targetHints":{"allow":["GET"]}}],"collection":[{"href":"https:\/\/www.daco-solutions.com\/ro\/wp-json\/wp\/v2\/pages"}],"about":[{"href":"https:\/\/www.daco-solutions.com\/ro\/wp-json\/wp\/v2\/types\/page"}],"author":[{"embeddable":true,"href":"https:\/\/www.daco-solutions.com\/ro\/wp-json\/wp\/v2\/users\/7"}],"replies":[{"embeddable":true,"href":"https:\/\/www.daco-solutions.com\/ro\/wp-json\/wp\/v2\/comments?post=16125"}],"version-history":[{"count":13,"href":"https:\/\/www.daco-solutions.com\/ro\/wp-json\/wp\/v2\/pages\/16125\/revisions"}],"predecessor-version":[{"id":18207,"href":"https:\/\/www.daco-solutions.com\/ro\/wp-json\/wp\/v2\/pages\/16125\/revisions\/18207"}],"wp:attachment":[{"href":"https:\/\/www.daco-solutions.com\/ro\/wp-json\/wp\/v2\/media?parent=16125"}],"curies":[{"name":"wp","href":"https:\/\/api.w.org\/{rel}","templated":true}]}}