{"id":16122,"date":"2022-11-09T14:58:35","date_gmt":"2022-11-09T14:58:35","guid":{"rendered":"https:\/\/www.daco-solutions.com\/?page_id=16122"},"modified":"2024-07-15T11:21:29","modified_gmt":"2024-07-15T10:21:29","slug":"contactati-daco-solutions","status":"publish","type":"page","link":"https:\/\/www.daco-solutions.com\/ro\/contactati-daco-solutions\/","title":{"rendered":"S\u0103 intr\u0103m \u00een contact"},"content":{"rendered":"","protected":false},"excerpt":{"rendered":"","protected":false},"author":7,"featured_media":0,"parent":0,"menu_order":0,"comment_status":"open","ping_status":"open","template":"","meta":{"_acf_changed":false,"footnotes":""},"class_list":["post-16122","page","type-page","status-publish","hentry"],"acf":[],"yoast_head":"<!-- This site is optimized with the Yoast SEO Premium plugin v27.4 (Yoast SEO v27.5) - https:\/\/yoast.com\/product\/yoast-seo-premium-wordpress\/ -->\n<title>S\u0103 intr\u0103m \u00een contact - Daco Solutions<\/title>\n<meta name=\"description\" content=\"Detalii de contact pentru Daco Solutions cu un formular de solicitare online pentru transmiterea rapid\u0103 de solicit\u0103ri c\u0103tre noi.\" \/>\n<meta name=\"robots\" content=\"index, follow, max-snippet:-1, max-image-preview:large, max-video-preview:-1\" \/>\n<link rel=\"canonical\" href=\"https:\/\/www.daco-solutions.com\/ro\/contactati-daco-solutions\/\" \/>\n<meta property=\"og:locale\" content=\"ro_RO\" \/>\n<meta property=\"og:type\" content=\"article\" \/>\n<meta property=\"og:title\" content=\"S\u0103 intr\u0103m \u00een contact\" \/>\n<meta property=\"og:description\" content=\"Detalii de contact pentru Daco Solutions cu un formular de solicitare online pentru transmiterea rapid\u0103 de solicit\u0103ri c\u0103tre noi.\" \/>\n<meta property=\"og:url\" content=\"https:\/\/www.daco-solutions.com\/ro\/contactati-daco-solutions\/\" \/>\n<meta property=\"og:site_name\" content=\"Daco Solutions\" \/>\n<meta property=\"article:modified_time\" content=\"2024-07-15T10:21:29+00:00\" \/>\n<meta name=\"twitter:card\" content=\"summary_large_image\" \/>\n<meta name=\"twitter:site\" content=\"@DacoSolutions\" \/>\n<meta name=\"twitter:label1\" content=\"Timp estimat pentru citire\" \/>\n\t<meta name=\"twitter:data1\" content=\"1 minut\" \/>\n<script type=\"application\/ld+json\" class=\"yoast-schema-graph\">{\"@context\":\"https:\\\/\\\/schema.org\",\"@graph\":[{\"@type\":\"WebPage\",\"@id\":\"https:\\\/\\\/www.daco-solutions.com\\\/ro\\\/contactati-daco-solutions\\\/\",\"url\":\"https:\\\/\\\/www.daco-solutions.com\\\/ro\\\/contactati-daco-solutions\\\/\",\"name\":\"S\u0103 intr\u0103m \u00een contact - Daco Solutions\",\"isPartOf\":{\"@id\":\"https:\\\/\\\/www.daco-solutions.com\\\/ro\\\/#website\"},\"datePublished\":\"2022-11-09T14:58:35+00:00\",\"dateModified\":\"2024-07-15T10:21:29+00:00\",\"description\":\"Detalii de contact pentru Daco Solutions cu un formular de solicitare online pentru transmiterea rapid\u0103 de solicit\u0103ri c\u0103tre noi.\",\"breadcrumb\":{\"@id\":\"https:\\\/\\\/www.daco-solutions.com\\\/ro\\\/contactati-daco-solutions\\\/#breadcrumb\"},\"inLanguage\":\"ro-RO\",\"potentialAction\":[{\"@type\":\"ReadAction\",\"target\":[\"https:\\\/\\\/www.daco-solutions.com\\\/ro\\\/contactati-daco-solutions\\\/\"]}]},{\"@type\":\"BreadcrumbList\",\"@id\":\"https:\\\/\\\/www.daco-solutions.com\\\/ro\\\/contactati-daco-solutions\\\/#breadcrumb\",\"itemListElement\":[{\"@type\":\"ListItem\",\"position\":1,\"name\":\"Home\",\"item\":\"https:\\\/\\\/www.daco-solutions.com\\\/ro\\\/\"},{\"@type\":\"ListItem\",\"position\":2,\"name\":\"S\u0103 intr\u0103m \u00een contact\"}]},{\"@type\":\"WebSite\",\"@id\":\"https:\\\/\\\/www.daco-solutions.com\\\/ro\\\/#website\",\"url\":\"https:\\\/\\\/www.daco-solutions.com\\\/ro\\\/\",\"name\":\"Daco Solutions\",\"description\":\"Rotary Die Cutting, Turret Rewinding &amp; Slitting Machinery\",\"publisher\":{\"@id\":\"https:\\\/\\\/www.daco-solutions.com\\\/ro\\\/#organization\"},\"potentialAction\":[{\"@type\":\"SearchAction\",\"target\":{\"@type\":\"EntryPoint\",\"urlTemplate\":\"https:\\\/\\\/www.daco-solutions.com\\\/ro\\\/?s={search_term_string}\"},\"query-input\":{\"@type\":\"PropertyValueSpecification\",\"valueRequired\":true,\"valueName\":\"search_term_string\"}}],\"inLanguage\":\"ro-RO\"},{\"@type\":\"Organization\",\"@id\":\"https:\\\/\\\/www.daco-solutions.com\\\/ro\\\/#organization\",\"name\":\"Daco Solutions Ltd\",\"url\":\"https:\\\/\\\/www.daco-solutions.com\\\/ro\\\/\",\"logo\":{\"@type\":\"ImageObject\",\"inLanguage\":\"ro-RO\",\"@id\":\"https:\\\/\\\/www.daco-solutions.com\\\/ro\\\/#\\\/schema\\\/logo\\\/image\\\/\",\"url\":\"https:\\\/\\\/0xrad6.n3cdn1.secureserver.net\\\/wp-content\\\/uploads\\\/2015\\\/07\\\/DacoNewLogo.jpg?time=1716375896\",\"contentUrl\":\"https:\\\/\\\/0xrad6.n3cdn1.secureserver.net\\\/wp-content\\\/uploads\\\/2015\\\/07\\\/DacoNewLogo.jpg?time=1716375896\",\"width\":5467,\"height\":1918,\"caption\":\"Daco Solutions Ltd\"},\"image\":{\"@id\":\"https:\\\/\\\/www.daco-solutions.com\\\/ro\\\/#\\\/schema\\\/logo\\\/image\\\/\"},\"sameAs\":[\"https:\\\/\\\/x.com\\\/DacoSolutions\",\"https:\\\/\\\/www.instagram.com\\\/dacosolutions1\\\/\",\"https:\\\/\\\/www.linkedin.com\\\/in\\\/mark-laurence-bab6492b\\\/\",\"https:\\\/\\\/www.youtube.com\\\/user\\\/DacoSolutions1\"],\"description\":\"Daco Solutions are a UK manufacturer with a range of equipment for the self adhesive label converting industry. The equipment is designed in house, with all parts manufactured in our modern CNC machining facility, with electrical panel building, assembly and testing all performed by Daco.\",\"email\":\"sales@daco-solutions.com\",\"telephone\":\"+ 44 (0)1482 860288\",\"legalName\":\"Daco Solutions Ltd\",\"foundingDate\":\"2001-01-15\"}]}<\/script>\n<!-- \/ Yoast SEO Premium plugin. -->","yoast_head_json":{"title":"S\u0103 intr\u0103m \u00een contact - Daco Solutions","description":"Detalii de contact pentru Daco Solutions cu un formular de solicitare online pentru transmiterea rapid\u0103 de solicit\u0103ri c\u0103tre noi.","robots":{"index":"index","follow":"follow","max-snippet":"max-snippet:-1","max-image-preview":"max-image-preview:large","max-video-preview":"max-video-preview:-1"},"canonical":"https:\/\/www.daco-solutions.com\/ro\/contactati-daco-solutions\/","og_locale":"ro_RO","og_type":"article","og_title":"S\u0103 intr\u0103m \u00een contact","og_description":"Detalii de contact pentru Daco Solutions cu un formular de solicitare online pentru transmiterea rapid\u0103 de solicit\u0103ri c\u0103tre noi.","og_url":"https:\/\/www.daco-solutions.com\/ro\/contactati-daco-solutions\/","og_site_name":"Daco Solutions","article_modified_time":"2024-07-15T10:21:29+00:00","twitter_card":"summary_large_image","twitter_site":"@DacoSolutions","twitter_misc":{"Timp estimat pentru citire":"1 minut"},"schema":{"@context":"https:\/\/schema.org","@graph":[{"@type":"WebPage","@id":"https:\/\/www.daco-solutions.com\/ro\/contactati-daco-solutions\/","url":"https:\/\/www.daco-solutions.com\/ro\/contactati-daco-solutions\/","name":"S\u0103 intr\u0103m \u00een contact - Daco Solutions","isPartOf":{"@id":"https:\/\/www.daco-solutions.com\/ro\/#website"},"datePublished":"2022-11-09T14:58:35+00:00","dateModified":"2024-07-15T10:21:29+00:00","description":"Detalii de contact pentru Daco Solutions cu un formular de solicitare online pentru transmiterea rapid\u0103 de solicit\u0103ri c\u0103tre noi.","breadcrumb":{"@id":"https:\/\/www.daco-solutions.com\/ro\/contactati-daco-solutions\/#breadcrumb"},"inLanguage":"ro-RO","potentialAction":[{"@type":"ReadAction","target":["https:\/\/www.daco-solutions.com\/ro\/contactati-daco-solutions\/"]}]},{"@type":"BreadcrumbList","@id":"https:\/\/www.daco-solutions.com\/ro\/contactati-daco-solutions\/#breadcrumb","itemListElement":[{"@type":"ListItem","position":1,"name":"Home","item":"https:\/\/www.daco-solutions.com\/ro\/"},{"@type":"ListItem","position":2,"name":"S\u0103 intr\u0103m \u00een contact"}]},{"@type":"WebSite","@id":"https:\/\/www.daco-solutions.com\/ro\/#website","url":"https:\/\/www.daco-solutions.com\/ro\/","name":"Daco Solutions","description":"Rotary Die Cutting, Turret Rewinding &amp; Slitting Machinery","publisher":{"@id":"https:\/\/www.daco-solutions.com\/ro\/#organization"},"potentialAction":[{"@type":"SearchAction","target":{"@type":"EntryPoint","urlTemplate":"https:\/\/www.daco-solutions.com\/ro\/?s={search_term_string}"},"query-input":{"@type":"PropertyValueSpecification","valueRequired":true,"valueName":"search_term_string"}}],"inLanguage":"ro-RO"},{"@type":"Organization","@id":"https:\/\/www.daco-solutions.com\/ro\/#organization","name":"Daco Solutions Ltd","url":"https:\/\/www.daco-solutions.com\/ro\/","logo":{"@type":"ImageObject","inLanguage":"ro-RO","@id":"https:\/\/www.daco-solutions.com\/ro\/#\/schema\/logo\/image\/","url":"https:\/\/0xrad6.n3cdn1.secureserver.net\/wp-content\/uploads\/2015\/07\/DacoNewLogo.jpg?time=1716375896","contentUrl":"https:\/\/0xrad6.n3cdn1.secureserver.net\/wp-content\/uploads\/2015\/07\/DacoNewLogo.jpg?time=1716375896","width":5467,"height":1918,"caption":"Daco Solutions Ltd"},"image":{"@id":"https:\/\/www.daco-solutions.com\/ro\/#\/schema\/logo\/image\/"},"sameAs":["https:\/\/x.com\/DacoSolutions","https:\/\/www.instagram.com\/dacosolutions1\/","https:\/\/www.linkedin.com\/in\/mark-laurence-bab6492b\/","https:\/\/www.youtube.com\/user\/DacoSolutions1"],"description":"Daco Solutions are a UK manufacturer with a range of equipment for the self adhesive label converting industry. The equipment is designed in house, with all parts manufactured in our modern CNC machining facility, with electrical panel building, assembly and testing all performed by Daco.","email":"sales@daco-solutions.com","telephone":"+ 44 (0)1482 860288","legalName":"Daco Solutions Ltd","foundingDate":"2001-01-15"}]}},"_links":{"self":[{"href":"https:\/\/www.daco-solutions.com\/ro\/wp-json\/wp\/v2\/pages\/16122","targetHints":{"allow":["GET"]}}],"collection":[{"href":"https:\/\/www.daco-solutions.com\/ro\/wp-json\/wp\/v2\/pages"}],"about":[{"href":"https:\/\/www.daco-solutions.com\/ro\/wp-json\/wp\/v2\/types\/page"}],"author":[{"embeddable":true,"href":"https:\/\/www.daco-solutions.com\/ro\/wp-json\/wp\/v2\/users\/7"}],"replies":[{"embeddable":true,"href":"https:\/\/www.daco-solutions.com\/ro\/wp-json\/wp\/v2\/comments?post=16122"}],"version-history":[{"count":1,"href":"https:\/\/www.daco-solutions.com\/ro\/wp-json\/wp\/v2\/pages\/16122\/revisions"}],"predecessor-version":[{"id":18204,"href":"https:\/\/www.daco-solutions.com\/ro\/wp-json\/wp\/v2\/pages\/16122\/revisions\/18204"}],"wp:attachment":[{"href":"https:\/\/www.daco-solutions.com\/ro\/wp-json\/wp\/v2\/media?parent=16122"}],"curies":[{"name":"wp","href":"https:\/\/api.w.org\/{rel}","templated":true}]}}