{"id":726,"date":"2014-08-07T15:50:13","date_gmt":"2014-08-07T14:50:13","guid":{"rendered":"http:\/\/www.web-translations.co.uk\/clients\/daco\/die-cutting-and-slitting-machinery-2\/"},"modified":"2024-05-31T12:42:09","modified_gmt":"2024-05-31T11:42:09","slug":"die-cutting-and-slitting-machinery-2","status":"publish","type":"page","link":"https:\/\/www.daco-solutions.com\/pt-pt\/","title":{"rendered":"Maquinaria para rebobinar e cortar, e o equipamento rotativo"},"content":{"rendered":"","protected":false},"excerpt":{"rendered":"","protected":false},"author":6,"featured_media":0,"parent":0,"menu_order":0,"comment_status":"closed","ping_status":"open","template":"page-home.php","meta":{"_acf_changed":false,"footnotes":""},"class_list":["post-726","page","type-page","status-publish","hentry"],"acf":[],"yoast_head":"<!-- This site is optimized with the Yoast SEO Premium plugin v27.4 (Yoast SEO v27.5) - https:\/\/yoast.com\/product\/yoast-seo-premium-wordpress\/ -->\n<title>Maquinaria para rebobinar e cortar, e o equipamento rotativo - Daco Solutions<\/title>\n<meta name=\"description\" content=\"Fabricante ingl\u00eas de rebobinadoras de corte, rebobinadoras rev\u00f3lver, cortadoras de molde rotativas e equipamentos de convers\u00e3o \u00e0 medida para impress\u00e3o de etiquetas, para rolos finos e ind\u00fastria de convers\u00e3o.\" \/>\n<meta name=\"robots\" content=\"index, follow, max-snippet:-1, max-image-preview:large, max-video-preview:-1\" \/>\n<link rel=\"canonical\" href=\"https:\/\/www.daco-solutions.com\/pt-pt\/\" \/>\n<meta property=\"og:locale\" content=\"pt_PT\" \/>\n<meta property=\"og:type\" content=\"article\" \/>\n<meta property=\"og:title\" content=\"Maquinaria para rebobinar e cortar, e o equipamento rotativo\" \/>\n<meta property=\"og:description\" content=\"Fabricante ingl\u00eas de rebobinadoras de corte, rebobinadoras rev\u00f3lver, cortadoras de molde rotativas e equipamentos de convers\u00e3o \u00e0 medida para impress\u00e3o de etiquetas, para rolos finos e ind\u00fastria de convers\u00e3o.\" \/>\n<meta property=\"og:url\" content=\"https:\/\/www.daco-solutions.com\/pt-pt\/\" \/>\n<meta property=\"og:site_name\" content=\"Daco Solutions\" \/>\n<meta property=\"article:modified_time\" content=\"2024-05-31T11:42:09+00:00\" \/>\n<meta name=\"twitter:card\" content=\"summary_large_image\" \/>\n<meta name=\"twitter:site\" content=\"@DacoSolutions\" \/>\n<meta name=\"twitter:label1\" content=\"Tempo estimado de leitura\" \/>\n\t<meta name=\"twitter:data1\" content=\"4 minutos\" \/>\n<script type=\"application\/ld+json\" class=\"yoast-schema-graph\">{\"@context\":\"https:\\\/\\\/schema.org\",\"@graph\":[{\"@type\":\"WebPage\",\"@id\":\"https:\\\/\\\/www.daco-solutions.com\\\/pt-pt\\\/\",\"url\":\"https:\\\/\\\/www.daco-solutions.com\\\/pt-pt\\\/\",\"name\":\"Maquinaria para rebobinar e cortar, e o equipamento rotativo - Daco Solutions\",\"isPartOf\":{\"@id\":\"https:\\\/\\\/www.daco-solutions.com\\\/pt-pt\\\/#website\"},\"datePublished\":\"2014-08-07T14:50:13+00:00\",\"dateModified\":\"2024-05-31T11:42:09+00:00\",\"description\":\"Fabricante ingl\u00eas de rebobinadoras de corte, rebobinadoras rev\u00f3lver, cortadoras de molde rotativas e equipamentos de convers\u00e3o \u00e0 medida para impress\u00e3o de etiquetas, para rolos finos e ind\u00fastria de convers\u00e3o.\",\"breadcrumb\":{\"@id\":\"https:\\\/\\\/www.daco-solutions.com\\\/pt-pt\\\/#breadcrumb\"},\"inLanguage\":\"pt-PT\",\"potentialAction\":[{\"@type\":\"ReadAction\",\"target\":[\"https:\\\/\\\/www.daco-solutions.com\\\/pt-pt\\\/\"]}]},{\"@type\":\"BreadcrumbList\",\"@id\":\"https:\\\/\\\/www.daco-solutions.com\\\/pt-pt\\\/#breadcrumb\",\"itemListElement\":[{\"@type\":\"ListItem\",\"position\":1,\"name\":\"Home\",\"item\":\"https:\\\/\\\/www.daco-solutions.com\\\/pt-pt\\\/\"},{\"@type\":\"ListItem\",\"position\":2,\"name\":\"Maquinaria para rebobinar e cortar, e o equipamento rotativo\"}]},{\"@type\":\"WebSite\",\"@id\":\"https:\\\/\\\/www.daco-solutions.com\\\/pt-pt\\\/#website\",\"url\":\"https:\\\/\\\/www.daco-solutions.com\\\/pt-pt\\\/\",\"name\":\"Daco Solutions\",\"description\":\"Cortadoras de moldes e guilhotinas\",\"publisher\":{\"@id\":\"https:\\\/\\\/www.daco-solutions.com\\\/pt-pt\\\/#organization\"},\"potentialAction\":[{\"@type\":\"SearchAction\",\"target\":{\"@type\":\"EntryPoint\",\"urlTemplate\":\"https:\\\/\\\/www.daco-solutions.com\\\/pt-pt\\\/?s={search_term_string}\"},\"query-input\":{\"@type\":\"PropertyValueSpecification\",\"valueRequired\":true,\"valueName\":\"search_term_string\"}}],\"inLanguage\":\"pt-PT\"},{\"@type\":\"Organization\",\"@id\":\"https:\\\/\\\/www.daco-solutions.com\\\/pt-pt\\\/#organization\",\"name\":\"Daco Solutions Ltd\",\"url\":\"https:\\\/\\\/www.daco-solutions.com\\\/pt-pt\\\/\",\"logo\":{\"@type\":\"ImageObject\",\"inLanguage\":\"pt-PT\",\"@id\":\"https:\\\/\\\/www.daco-solutions.com\\\/pt-pt\\\/#\\\/schema\\\/logo\\\/image\\\/\",\"url\":\"https:\\\/\\\/0xrad6.n3cdn1.secureserver.net\\\/wp-content\\\/uploads\\\/2015\\\/07\\\/DacoNewLogo.jpg?time=1716375896\",\"contentUrl\":\"https:\\\/\\\/0xrad6.n3cdn1.secureserver.net\\\/wp-content\\\/uploads\\\/2015\\\/07\\\/DacoNewLogo.jpg?time=1716375896\",\"width\":5467,\"height\":1918,\"caption\":\"Daco Solutions Ltd\"},\"image\":{\"@id\":\"https:\\\/\\\/www.daco-solutions.com\\\/pt-pt\\\/#\\\/schema\\\/logo\\\/image\\\/\"},\"sameAs\":[\"https:\\\/\\\/x.com\\\/DacoSolutions\",\"https:\\\/\\\/www.instagram.com\\\/dacosolutions1\\\/\",\"https:\\\/\\\/www.linkedin.com\\\/in\\\/mark-laurence-bab6492b\\\/\",\"https:\\\/\\\/www.youtube.com\\\/user\\\/DacoSolutions1\"],\"description\":\"Daco Solutions are a UK manufacturer with a range of equipment for the self adhesive label converting industry. The equipment is designed in house, with all parts manufactured in our modern CNC machining facility, with electrical panel building, assembly and testing all performed by Daco.\",\"email\":\"sales@daco-solutions.com\",\"telephone\":\"+ 44 (0)1482 860288\",\"legalName\":\"Daco Solutions Ltd\",\"foundingDate\":\"2001-01-15\"}]}<\/script>\n<!-- \/ Yoast SEO Premium plugin. -->","yoast_head_json":{"title":"Maquinaria para rebobinar e cortar, e o equipamento rotativo - Daco Solutions","description":"Fabricante ingl\u00eas de rebobinadoras de corte, rebobinadoras rev\u00f3lver, cortadoras de molde rotativas e equipamentos de convers\u00e3o \u00e0 medida para impress\u00e3o de etiquetas, para rolos finos e ind\u00fastria de convers\u00e3o.","robots":{"index":"index","follow":"follow","max-snippet":"max-snippet:-1","max-image-preview":"max-image-preview:large","max-video-preview":"max-video-preview:-1"},"canonical":"https:\/\/www.daco-solutions.com\/pt-pt\/","og_locale":"pt_PT","og_type":"article","og_title":"Maquinaria para rebobinar e cortar, e o equipamento rotativo","og_description":"Fabricante ingl\u00eas de rebobinadoras de corte, rebobinadoras rev\u00f3lver, cortadoras de molde rotativas e equipamentos de convers\u00e3o \u00e0 medida para impress\u00e3o de etiquetas, para rolos finos e ind\u00fastria de convers\u00e3o.","og_url":"https:\/\/www.daco-solutions.com\/pt-pt\/","og_site_name":"Daco Solutions","article_modified_time":"2024-05-31T11:42:09+00:00","twitter_card":"summary_large_image","twitter_site":"@DacoSolutions","twitter_misc":{"Tempo estimado de leitura":"4 minutos"},"schema":{"@context":"https:\/\/schema.org","@graph":[{"@type":"WebPage","@id":"https:\/\/www.daco-solutions.com\/pt-pt\/","url":"https:\/\/www.daco-solutions.com\/pt-pt\/","name":"Maquinaria para rebobinar e cortar, e o equipamento rotativo - Daco Solutions","isPartOf":{"@id":"https:\/\/www.daco-solutions.com\/pt-pt\/#website"},"datePublished":"2014-08-07T14:50:13+00:00","dateModified":"2024-05-31T11:42:09+00:00","description":"Fabricante ingl\u00eas de rebobinadoras de corte, rebobinadoras rev\u00f3lver, cortadoras de molde rotativas e equipamentos de convers\u00e3o \u00e0 medida para impress\u00e3o de etiquetas, para rolos finos e ind\u00fastria de convers\u00e3o.","breadcrumb":{"@id":"https:\/\/www.daco-solutions.com\/pt-pt\/#breadcrumb"},"inLanguage":"pt-PT","potentialAction":[{"@type":"ReadAction","target":["https:\/\/www.daco-solutions.com\/pt-pt\/"]}]},{"@type":"BreadcrumbList","@id":"https:\/\/www.daco-solutions.com\/pt-pt\/#breadcrumb","itemListElement":[{"@type":"ListItem","position":1,"name":"Home","item":"https:\/\/www.daco-solutions.com\/pt-pt\/"},{"@type":"ListItem","position":2,"name":"Maquinaria para rebobinar e cortar, e o equipamento rotativo"}]},{"@type":"WebSite","@id":"https:\/\/www.daco-solutions.com\/pt-pt\/#website","url":"https:\/\/www.daco-solutions.com\/pt-pt\/","name":"Daco Solutions","description":"Cortadoras de moldes e guilhotinas","publisher":{"@id":"https:\/\/www.daco-solutions.com\/pt-pt\/#organization"},"potentialAction":[{"@type":"SearchAction","target":{"@type":"EntryPoint","urlTemplate":"https:\/\/www.daco-solutions.com\/pt-pt\/?s={search_term_string}"},"query-input":{"@type":"PropertyValueSpecification","valueRequired":true,"valueName":"search_term_string"}}],"inLanguage":"pt-PT"},{"@type":"Organization","@id":"https:\/\/www.daco-solutions.com\/pt-pt\/#organization","name":"Daco Solutions Ltd","url":"https:\/\/www.daco-solutions.com\/pt-pt\/","logo":{"@type":"ImageObject","inLanguage":"pt-PT","@id":"https:\/\/www.daco-solutions.com\/pt-pt\/#\/schema\/logo\/image\/","url":"https:\/\/0xrad6.n3cdn1.secureserver.net\/wp-content\/uploads\/2015\/07\/DacoNewLogo.jpg?time=1716375896","contentUrl":"https:\/\/0xrad6.n3cdn1.secureserver.net\/wp-content\/uploads\/2015\/07\/DacoNewLogo.jpg?time=1716375896","width":5467,"height":1918,"caption":"Daco Solutions Ltd"},"image":{"@id":"https:\/\/www.daco-solutions.com\/pt-pt\/#\/schema\/logo\/image\/"},"sameAs":["https:\/\/x.com\/DacoSolutions","https:\/\/www.instagram.com\/dacosolutions1\/","https:\/\/www.linkedin.com\/in\/mark-laurence-bab6492b\/","https:\/\/www.youtube.com\/user\/DacoSolutions1"],"description":"Daco Solutions are a UK manufacturer with a range of equipment for the self adhesive label converting industry. The equipment is designed in house, with all parts manufactured in our modern CNC machining facility, with electrical panel building, assembly and testing all performed by Daco.","email":"sales@daco-solutions.com","telephone":"+ 44 (0)1482 860288","legalName":"Daco Solutions Ltd","foundingDate":"2001-01-15"}]}},"_links":{"self":[{"href":"https:\/\/www.daco-solutions.com\/pt-pt\/wp-json\/wp\/v2\/pages\/726","targetHints":{"allow":["GET"]}}],"collection":[{"href":"https:\/\/www.daco-solutions.com\/pt-pt\/wp-json\/wp\/v2\/pages"}],"about":[{"href":"https:\/\/www.daco-solutions.com\/pt-pt\/wp-json\/wp\/v2\/types\/page"}],"author":[{"embeddable":true,"href":"https:\/\/www.daco-solutions.com\/pt-pt\/wp-json\/wp\/v2\/users\/6"}],"replies":[{"embeddable":true,"href":"https:\/\/www.daco-solutions.com\/pt-pt\/wp-json\/wp\/v2\/comments?post=726"}],"version-history":[{"count":5,"href":"https:\/\/www.daco-solutions.com\/pt-pt\/wp-json\/wp\/v2\/pages\/726\/revisions"}],"predecessor-version":[{"id":18046,"href":"https:\/\/www.daco-solutions.com\/pt-pt\/wp-json\/wp\/v2\/pages\/726\/revisions\/18046"}],"wp:attachment":[{"href":"https:\/\/www.daco-solutions.com\/pt-pt\/wp-json\/wp\/v2\/media?parent=726"}],"curies":[{"name":"wp","href":"https:\/\/api.w.org\/{rel}","templated":true}]}}