{"id":1600,"date":"2014-08-18T11:03:07","date_gmt":"2014-08-18T10:03:07","guid":{"rendered":"http:\/\/www.web-translations.co.uk\/clients\/daco\/used-equipment-2\/"},"modified":"2018-05-18T00:31:52","modified_gmt":"2018-05-17T23:31:52","slug":"maquinaria-usada","status":"publish","type":"page","link":"https:\/\/www.daco-solutions.com\/pt-pt\/maquinaria-usada\/","title":{"rendered":"Maquinaria usada"},"content":{"rendered":"<p>On occasions we have ex-demonstration machines that are only a few months old and machines that have been part exchanged against a new machine from the Daco Solutions product range.<\/p>\n<p>Se quiser vender o seu equipamento, preencha o formul\u00e1rio <a href=\"https:\/\/daco-solutions.com\/pt-pt\/tem-maquinas-para-vender\/\" target=\"_self\"><strong>T\u00eam m\u00e1quinas para vender?<\/strong><\/a> e o seu equipamento ser\u00e1 incorporado na nossa base de dados.<\/p>\n","protected":false},"excerpt":{"rendered":"<p>On occasions we have ex-demonstration machines that are only a few months old and machines that have been part exchanged against a new machine from the Daco Solutions product range. Se quiser vender o seu equipamento, preencha o formul\u00e1rio T\u00eam m\u00e1quinas para vender? e o seu equipamento ser\u00e1 incorporado na nossa base de dados.<\/p>\n","protected":false},"author":6,"featured_media":0,"parent":0,"menu_order":0,"comment_status":"closed","ping_status":"open","template":"page-used-equipment.php","meta":{"_acf_changed":false,"footnotes":""},"class_list":["post-1600","page","type-page","status-publish","hentry"],"acf":[],"yoast_head":"<!-- This site is optimized with the Yoast SEO Premium plugin v27.2 (Yoast SEO v27.4) - https:\/\/yoast.com\/product\/yoast-seo-premium-wordpress\/ -->\n<title>Maquinaria usada - Daco Solutions<\/title>\n<meta name=\"robots\" content=\"index, follow, max-snippet:-1, max-image-preview:large, max-video-preview:-1\" \/>\n<link rel=\"canonical\" href=\"https:\/\/www.daco-solutions.com\/pt-pt\/maquinaria-usada\/\" \/>\n<meta property=\"og:locale\" content=\"pt_PT\" \/>\n<meta property=\"og:type\" content=\"article\" \/>\n<meta property=\"og:title\" content=\"Maquinaria usada\" \/>\n<meta property=\"og:description\" content=\"On occasions we have ex-demonstration machines that are only a few months old and machines that have been part exchanged against a new machine from the Daco Solutions product range. Se quiser vender o seu equipamento, preencha o formul\u00e1rio T\u00eam m\u00e1quinas para vender? e o seu equipamento ser\u00e1 incorporado na nossa base de dados.\" \/>\n<meta property=\"og:url\" content=\"https:\/\/www.daco-solutions.com\/pt-pt\/maquinaria-usada\/\" \/>\n<meta property=\"og:site_name\" content=\"Daco Solutions\" \/>\n<meta property=\"article:modified_time\" content=\"2018-05-17T23:31:52+00:00\" \/>\n<meta name=\"twitter:card\" content=\"summary_large_image\" \/>\n<meta name=\"twitter:site\" content=\"@DacoSolutions\" \/>\n<script type=\"application\/ld+json\" class=\"yoast-schema-graph\">{\"@context\":\"https:\\\/\\\/schema.org\",\"@graph\":[{\"@type\":\"WebPage\",\"@id\":\"https:\\\/\\\/www.daco-solutions.com\\\/pt-pt\\\/maquinaria-usada\\\/\",\"url\":\"https:\\\/\\\/www.daco-solutions.com\\\/pt-pt\\\/maquinaria-usada\\\/\",\"name\":\"Maquinaria usada - Daco Solutions\",\"isPartOf\":{\"@id\":\"https:\\\/\\\/www.daco-solutions.com\\\/pt-pt\\\/#website\"},\"datePublished\":\"2014-08-18T10:03:07+00:00\",\"dateModified\":\"2018-05-17T23:31:52+00:00\",\"breadcrumb\":{\"@id\":\"https:\\\/\\\/www.daco-solutions.com\\\/pt-pt\\\/maquinaria-usada\\\/#breadcrumb\"},\"inLanguage\":\"pt-PT\",\"potentialAction\":[{\"@type\":\"ReadAction\",\"target\":[\"https:\\\/\\\/www.daco-solutions.com\\\/pt-pt\\\/maquinaria-usada\\\/\"]}]},{\"@type\":\"BreadcrumbList\",\"@id\":\"https:\\\/\\\/www.daco-solutions.com\\\/pt-pt\\\/maquinaria-usada\\\/#breadcrumb\",\"itemListElement\":[{\"@type\":\"ListItem\",\"position\":1,\"name\":\"Home\",\"item\":\"https:\\\/\\\/www.daco-solutions.com\\\/pt-pt\\\/\"},{\"@type\":\"ListItem\",\"position\":2,\"name\":\"Maquinaria usada\"}]},{\"@type\":\"WebSite\",\"@id\":\"https:\\\/\\\/www.daco-solutions.com\\\/pt-pt\\\/#website\",\"url\":\"https:\\\/\\\/www.daco-solutions.com\\\/pt-pt\\\/\",\"name\":\"Daco Solutions\",\"description\":\"Cortadoras de moldes e guilhotinas\",\"publisher\":{\"@id\":\"https:\\\/\\\/www.daco-solutions.com\\\/pt-pt\\\/#organization\"},\"potentialAction\":[{\"@type\":\"SearchAction\",\"target\":{\"@type\":\"EntryPoint\",\"urlTemplate\":\"https:\\\/\\\/www.daco-solutions.com\\\/pt-pt\\\/?s={search_term_string}\"},\"query-input\":{\"@type\":\"PropertyValueSpecification\",\"valueRequired\":true,\"valueName\":\"search_term_string\"}}],\"inLanguage\":\"pt-PT\"},{\"@type\":\"Organization\",\"@id\":\"https:\\\/\\\/www.daco-solutions.com\\\/pt-pt\\\/#organization\",\"name\":\"Daco Solutions Ltd\",\"url\":\"https:\\\/\\\/www.daco-solutions.com\\\/pt-pt\\\/\",\"logo\":{\"@type\":\"ImageObject\",\"inLanguage\":\"pt-PT\",\"@id\":\"https:\\\/\\\/www.daco-solutions.com\\\/pt-pt\\\/#\\\/schema\\\/logo\\\/image\\\/\",\"url\":\"https:\\\/\\\/0xrad6.n3cdn1.secureserver.net\\\/wp-content\\\/uploads\\\/2015\\\/07\\\/DacoNewLogo.jpg?time=1716375896\",\"contentUrl\":\"https:\\\/\\\/0xrad6.n3cdn1.secureserver.net\\\/wp-content\\\/uploads\\\/2015\\\/07\\\/DacoNewLogo.jpg?time=1716375896\",\"width\":5467,\"height\":1918,\"caption\":\"Daco Solutions Ltd\"},\"image\":{\"@id\":\"https:\\\/\\\/www.daco-solutions.com\\\/pt-pt\\\/#\\\/schema\\\/logo\\\/image\\\/\"},\"sameAs\":[\"https:\\\/\\\/x.com\\\/DacoSolutions\",\"https:\\\/\\\/www.instagram.com\\\/dacosolutions1\\\/\",\"https:\\\/\\\/www.linkedin.com\\\/in\\\/mark-laurence-bab6492b\\\/\",\"https:\\\/\\\/www.youtube.com\\\/user\\\/DacoSolutions1\"],\"description\":\"Daco Solutions are a UK manufacturer with a range of equipment for the self adhesive label converting industry. The equipment is designed in house, with all parts manufactured in our modern CNC machining facility, with electrical panel building, assembly and testing all performed by Daco.\",\"email\":\"sales@daco-solutions.com\",\"telephone\":\"+ 44 (0)1482 860288\",\"legalName\":\"Daco Solutions Ltd\",\"foundingDate\":\"2001-01-15\"}]}<\/script>\n<!-- \/ Yoast SEO Premium plugin. -->","yoast_head_json":{"title":"Maquinaria usada - Daco Solutions","robots":{"index":"index","follow":"follow","max-snippet":"max-snippet:-1","max-image-preview":"max-image-preview:large","max-video-preview":"max-video-preview:-1"},"canonical":"https:\/\/www.daco-solutions.com\/pt-pt\/maquinaria-usada\/","og_locale":"pt_PT","og_type":"article","og_title":"Maquinaria usada","og_description":"On occasions we have ex-demonstration machines that are only a few months old and machines that have been part exchanged against a new machine from the Daco Solutions product range. Se quiser vender o seu equipamento, preencha o formul\u00e1rio T\u00eam m\u00e1quinas para vender? e o seu equipamento ser\u00e1 incorporado na nossa base de dados.","og_url":"https:\/\/www.daco-solutions.com\/pt-pt\/maquinaria-usada\/","og_site_name":"Daco Solutions","article_modified_time":"2018-05-17T23:31:52+00:00","twitter_card":"summary_large_image","twitter_site":"@DacoSolutions","schema":{"@context":"https:\/\/schema.org","@graph":[{"@type":"WebPage","@id":"https:\/\/www.daco-solutions.com\/pt-pt\/maquinaria-usada\/","url":"https:\/\/www.daco-solutions.com\/pt-pt\/maquinaria-usada\/","name":"Maquinaria usada - Daco Solutions","isPartOf":{"@id":"https:\/\/www.daco-solutions.com\/pt-pt\/#website"},"datePublished":"2014-08-18T10:03:07+00:00","dateModified":"2018-05-17T23:31:52+00:00","breadcrumb":{"@id":"https:\/\/www.daco-solutions.com\/pt-pt\/maquinaria-usada\/#breadcrumb"},"inLanguage":"pt-PT","potentialAction":[{"@type":"ReadAction","target":["https:\/\/www.daco-solutions.com\/pt-pt\/maquinaria-usada\/"]}]},{"@type":"BreadcrumbList","@id":"https:\/\/www.daco-solutions.com\/pt-pt\/maquinaria-usada\/#breadcrumb","itemListElement":[{"@type":"ListItem","position":1,"name":"Home","item":"https:\/\/www.daco-solutions.com\/pt-pt\/"},{"@type":"ListItem","position":2,"name":"Maquinaria usada"}]},{"@type":"WebSite","@id":"https:\/\/www.daco-solutions.com\/pt-pt\/#website","url":"https:\/\/www.daco-solutions.com\/pt-pt\/","name":"Daco Solutions","description":"Cortadoras de moldes e guilhotinas","publisher":{"@id":"https:\/\/www.daco-solutions.com\/pt-pt\/#organization"},"potentialAction":[{"@type":"SearchAction","target":{"@type":"EntryPoint","urlTemplate":"https:\/\/www.daco-solutions.com\/pt-pt\/?s={search_term_string}"},"query-input":{"@type":"PropertyValueSpecification","valueRequired":true,"valueName":"search_term_string"}}],"inLanguage":"pt-PT"},{"@type":"Organization","@id":"https:\/\/www.daco-solutions.com\/pt-pt\/#organization","name":"Daco Solutions Ltd","url":"https:\/\/www.daco-solutions.com\/pt-pt\/","logo":{"@type":"ImageObject","inLanguage":"pt-PT","@id":"https:\/\/www.daco-solutions.com\/pt-pt\/#\/schema\/logo\/image\/","url":"https:\/\/0xrad6.n3cdn1.secureserver.net\/wp-content\/uploads\/2015\/07\/DacoNewLogo.jpg?time=1716375896","contentUrl":"https:\/\/0xrad6.n3cdn1.secureserver.net\/wp-content\/uploads\/2015\/07\/DacoNewLogo.jpg?time=1716375896","width":5467,"height":1918,"caption":"Daco Solutions Ltd"},"image":{"@id":"https:\/\/www.daco-solutions.com\/pt-pt\/#\/schema\/logo\/image\/"},"sameAs":["https:\/\/x.com\/DacoSolutions","https:\/\/www.instagram.com\/dacosolutions1\/","https:\/\/www.linkedin.com\/in\/mark-laurence-bab6492b\/","https:\/\/www.youtube.com\/user\/DacoSolutions1"],"description":"Daco Solutions are a UK manufacturer with a range of equipment for the self adhesive label converting industry. The equipment is designed in house, with all parts manufactured in our modern CNC machining facility, with electrical panel building, assembly and testing all performed by Daco.","email":"sales@daco-solutions.com","telephone":"+ 44 (0)1482 860288","legalName":"Daco Solutions Ltd","foundingDate":"2001-01-15"}]}},"_links":{"self":[{"href":"https:\/\/www.daco-solutions.com\/pt-pt\/wp-json\/wp\/v2\/pages\/1600","targetHints":{"allow":["GET"]}}],"collection":[{"href":"https:\/\/www.daco-solutions.com\/pt-pt\/wp-json\/wp\/v2\/pages"}],"about":[{"href":"https:\/\/www.daco-solutions.com\/pt-pt\/wp-json\/wp\/v2\/types\/page"}],"author":[{"embeddable":true,"href":"https:\/\/www.daco-solutions.com\/pt-pt\/wp-json\/wp\/v2\/users\/6"}],"replies":[{"embeddable":true,"href":"https:\/\/www.daco-solutions.com\/pt-pt\/wp-json\/wp\/v2\/comments?post=1600"}],"version-history":[{"count":0,"href":"https:\/\/www.daco-solutions.com\/pt-pt\/wp-json\/wp\/v2\/pages\/1600\/revisions"}],"wp:attachment":[{"href":"https:\/\/www.daco-solutions.com\/pt-pt\/wp-json\/wp\/v2\/media?parent=1600"}],"curies":[{"name":"wp","href":"https:\/\/api.w.org\/{rel}","templated":true}]}}