{"id":1589,"date":"2014-08-18T11:01:05","date_gmt":"2014-08-18T10:01:05","guid":{"rendered":"http:\/\/www.web-translations.co.uk\/clients\/daco\/ex-demo-equipment-2\/"},"modified":"2024-05-29T15:17:25","modified_gmt":"2024-05-29T14:17:25","slug":"maquinas-de-demonstracao","status":"publish","type":"page","link":"https:\/\/www.daco-solutions.com\/pt-pt\/maquinas-de-demonstracao\/","title":{"rendered":"M\u00e1quinas de demonstra\u00e7\u00e3o"},"content":{"rendered":"","protected":false},"excerpt":{"rendered":"","protected":false},"author":6,"featured_media":0,"parent":0,"menu_order":0,"comment_status":"open","ping_status":"open","template":"page-ex-display.php","meta":{"_acf_changed":false,"footnotes":""},"class_list":["post-1589","page","type-page","status-publish","hentry"],"acf":[],"yoast_head":"<!-- This site is optimized with the Yoast SEO Premium plugin v27.4 (Yoast SEO v27.5) - https:\/\/yoast.com\/product\/yoast-seo-premium-wordpress\/ -->\n<title>M\u00e1quinas de demonstra\u00e7\u00e3o - Daco Solutions<\/title>\n<meta name=\"robots\" content=\"index, follow, max-snippet:-1, max-image-preview:large, max-video-preview:-1\" \/>\n<link rel=\"canonical\" href=\"https:\/\/www.daco-solutions.com\/pt-pt\/maquinas-de-demonstracao\/\" \/>\n<meta property=\"og:locale\" content=\"pt_PT\" \/>\n<meta property=\"og:type\" content=\"article\" \/>\n<meta property=\"og:title\" content=\"M\u00e1quinas de demonstra\u00e7\u00e3o\" \/>\n<meta property=\"og:url\" content=\"https:\/\/www.daco-solutions.com\/pt-pt\/maquinas-de-demonstracao\/\" \/>\n<meta property=\"og:site_name\" content=\"Daco Solutions\" \/>\n<meta property=\"article:modified_time\" content=\"2024-05-29T14:17:25+00:00\" \/>\n<meta name=\"twitter:card\" content=\"summary_large_image\" \/>\n<meta name=\"twitter:site\" content=\"@DacoSolutions\" \/>\n<meta name=\"twitter:label1\" content=\"Tempo estimado de leitura\" \/>\n\t<meta name=\"twitter:data1\" content=\"3 minutos\" \/>\n<script type=\"application\/ld+json\" class=\"yoast-schema-graph\">{\"@context\":\"https:\\\/\\\/schema.org\",\"@graph\":[{\"@type\":\"WebPage\",\"@id\":\"https:\\\/\\\/www.daco-solutions.com\\\/pt-pt\\\/maquinas-de-demonstracao\\\/\",\"url\":\"https:\\\/\\\/www.daco-solutions.com\\\/pt-pt\\\/maquinas-de-demonstracao\\\/\",\"name\":\"M\u00e1quinas de demonstra\u00e7\u00e3o - Daco Solutions\",\"isPartOf\":{\"@id\":\"https:\\\/\\\/www.daco-solutions.com\\\/pt-pt\\\/#website\"},\"datePublished\":\"2014-08-18T10:01:05+00:00\",\"dateModified\":\"2024-05-29T14:17:25+00:00\",\"breadcrumb\":{\"@id\":\"https:\\\/\\\/www.daco-solutions.com\\\/pt-pt\\\/maquinas-de-demonstracao\\\/#breadcrumb\"},\"inLanguage\":\"pt-PT\",\"potentialAction\":[{\"@type\":\"ReadAction\",\"target\":[\"https:\\\/\\\/www.daco-solutions.com\\\/pt-pt\\\/maquinas-de-demonstracao\\\/\"]}]},{\"@type\":\"BreadcrumbList\",\"@id\":\"https:\\\/\\\/www.daco-solutions.com\\\/pt-pt\\\/maquinas-de-demonstracao\\\/#breadcrumb\",\"itemListElement\":[{\"@type\":\"ListItem\",\"position\":1,\"name\":\"Home\",\"item\":\"https:\\\/\\\/www.daco-solutions.com\\\/pt-pt\\\/\"},{\"@type\":\"ListItem\",\"position\":2,\"name\":\"M\u00e1quinas de demonstra\u00e7\u00e3o\"}]},{\"@type\":\"WebSite\",\"@id\":\"https:\\\/\\\/www.daco-solutions.com\\\/pt-pt\\\/#website\",\"url\":\"https:\\\/\\\/www.daco-solutions.com\\\/pt-pt\\\/\",\"name\":\"Daco Solutions\",\"description\":\"Cortadoras de moldes e guilhotinas\",\"publisher\":{\"@id\":\"https:\\\/\\\/www.daco-solutions.com\\\/pt-pt\\\/#organization\"},\"potentialAction\":[{\"@type\":\"SearchAction\",\"target\":{\"@type\":\"EntryPoint\",\"urlTemplate\":\"https:\\\/\\\/www.daco-solutions.com\\\/pt-pt\\\/?s={search_term_string}\"},\"query-input\":{\"@type\":\"PropertyValueSpecification\",\"valueRequired\":true,\"valueName\":\"search_term_string\"}}],\"inLanguage\":\"pt-PT\"},{\"@type\":\"Organization\",\"@id\":\"https:\\\/\\\/www.daco-solutions.com\\\/pt-pt\\\/#organization\",\"name\":\"Daco Solutions Ltd\",\"url\":\"https:\\\/\\\/www.daco-solutions.com\\\/pt-pt\\\/\",\"logo\":{\"@type\":\"ImageObject\",\"inLanguage\":\"pt-PT\",\"@id\":\"https:\\\/\\\/www.daco-solutions.com\\\/pt-pt\\\/#\\\/schema\\\/logo\\\/image\\\/\",\"url\":\"https:\\\/\\\/0xrad6.n3cdn1.secureserver.net\\\/wp-content\\\/uploads\\\/2015\\\/07\\\/DacoNewLogo.jpg?time=1716375896\",\"contentUrl\":\"https:\\\/\\\/0xrad6.n3cdn1.secureserver.net\\\/wp-content\\\/uploads\\\/2015\\\/07\\\/DacoNewLogo.jpg?time=1716375896\",\"width\":5467,\"height\":1918,\"caption\":\"Daco Solutions Ltd\"},\"image\":{\"@id\":\"https:\\\/\\\/www.daco-solutions.com\\\/pt-pt\\\/#\\\/schema\\\/logo\\\/image\\\/\"},\"sameAs\":[\"https:\\\/\\\/x.com\\\/DacoSolutions\",\"https:\\\/\\\/www.instagram.com\\\/dacosolutions1\\\/\",\"https:\\\/\\\/www.linkedin.com\\\/in\\\/mark-laurence-bab6492b\\\/\",\"https:\\\/\\\/www.youtube.com\\\/user\\\/DacoSolutions1\"],\"description\":\"Daco Solutions are a UK manufacturer with a range of equipment for the self adhesive label converting industry. The equipment is designed in house, with all parts manufactured in our modern CNC machining facility, with electrical panel building, assembly and testing all performed by Daco.\",\"email\":\"sales@daco-solutions.com\",\"telephone\":\"+ 44 (0)1482 860288\",\"legalName\":\"Daco Solutions Ltd\",\"foundingDate\":\"2001-01-15\"}]}<\/script>\n<!-- \/ Yoast SEO Premium plugin. -->","yoast_head_json":{"title":"M\u00e1quinas de demonstra\u00e7\u00e3o - Daco Solutions","robots":{"index":"index","follow":"follow","max-snippet":"max-snippet:-1","max-image-preview":"max-image-preview:large","max-video-preview":"max-video-preview:-1"},"canonical":"https:\/\/www.daco-solutions.com\/pt-pt\/maquinas-de-demonstracao\/","og_locale":"pt_PT","og_type":"article","og_title":"M\u00e1quinas de demonstra\u00e7\u00e3o","og_url":"https:\/\/www.daco-solutions.com\/pt-pt\/maquinas-de-demonstracao\/","og_site_name":"Daco Solutions","article_modified_time":"2024-05-29T14:17:25+00:00","twitter_card":"summary_large_image","twitter_site":"@DacoSolutions","twitter_misc":{"Tempo estimado de leitura":"3 minutos"},"schema":{"@context":"https:\/\/schema.org","@graph":[{"@type":"WebPage","@id":"https:\/\/www.daco-solutions.com\/pt-pt\/maquinas-de-demonstracao\/","url":"https:\/\/www.daco-solutions.com\/pt-pt\/maquinas-de-demonstracao\/","name":"M\u00e1quinas de demonstra\u00e7\u00e3o - Daco Solutions","isPartOf":{"@id":"https:\/\/www.daco-solutions.com\/pt-pt\/#website"},"datePublished":"2014-08-18T10:01:05+00:00","dateModified":"2024-05-29T14:17:25+00:00","breadcrumb":{"@id":"https:\/\/www.daco-solutions.com\/pt-pt\/maquinas-de-demonstracao\/#breadcrumb"},"inLanguage":"pt-PT","potentialAction":[{"@type":"ReadAction","target":["https:\/\/www.daco-solutions.com\/pt-pt\/maquinas-de-demonstracao\/"]}]},{"@type":"BreadcrumbList","@id":"https:\/\/www.daco-solutions.com\/pt-pt\/maquinas-de-demonstracao\/#breadcrumb","itemListElement":[{"@type":"ListItem","position":1,"name":"Home","item":"https:\/\/www.daco-solutions.com\/pt-pt\/"},{"@type":"ListItem","position":2,"name":"M\u00e1quinas de demonstra\u00e7\u00e3o"}]},{"@type":"WebSite","@id":"https:\/\/www.daco-solutions.com\/pt-pt\/#website","url":"https:\/\/www.daco-solutions.com\/pt-pt\/","name":"Daco Solutions","description":"Cortadoras de moldes e guilhotinas","publisher":{"@id":"https:\/\/www.daco-solutions.com\/pt-pt\/#organization"},"potentialAction":[{"@type":"SearchAction","target":{"@type":"EntryPoint","urlTemplate":"https:\/\/www.daco-solutions.com\/pt-pt\/?s={search_term_string}"},"query-input":{"@type":"PropertyValueSpecification","valueRequired":true,"valueName":"search_term_string"}}],"inLanguage":"pt-PT"},{"@type":"Organization","@id":"https:\/\/www.daco-solutions.com\/pt-pt\/#organization","name":"Daco Solutions Ltd","url":"https:\/\/www.daco-solutions.com\/pt-pt\/","logo":{"@type":"ImageObject","inLanguage":"pt-PT","@id":"https:\/\/www.daco-solutions.com\/pt-pt\/#\/schema\/logo\/image\/","url":"https:\/\/0xrad6.n3cdn1.secureserver.net\/wp-content\/uploads\/2015\/07\/DacoNewLogo.jpg?time=1716375896","contentUrl":"https:\/\/0xrad6.n3cdn1.secureserver.net\/wp-content\/uploads\/2015\/07\/DacoNewLogo.jpg?time=1716375896","width":5467,"height":1918,"caption":"Daco Solutions Ltd"},"image":{"@id":"https:\/\/www.daco-solutions.com\/pt-pt\/#\/schema\/logo\/image\/"},"sameAs":["https:\/\/x.com\/DacoSolutions","https:\/\/www.instagram.com\/dacosolutions1\/","https:\/\/www.linkedin.com\/in\/mark-laurence-bab6492b\/","https:\/\/www.youtube.com\/user\/DacoSolutions1"],"description":"Daco Solutions are a UK manufacturer with a range of equipment for the self adhesive label converting industry. The equipment is designed in house, with all parts manufactured in our modern CNC machining facility, with electrical panel building, assembly and testing all performed by Daco.","email":"sales@daco-solutions.com","telephone":"+ 44 (0)1482 860288","legalName":"Daco Solutions Ltd","foundingDate":"2001-01-15"}]}},"_links":{"self":[{"href":"https:\/\/www.daco-solutions.com\/pt-pt\/wp-json\/wp\/v2\/pages\/1589","targetHints":{"allow":["GET"]}}],"collection":[{"href":"https:\/\/www.daco-solutions.com\/pt-pt\/wp-json\/wp\/v2\/pages"}],"about":[{"href":"https:\/\/www.daco-solutions.com\/pt-pt\/wp-json\/wp\/v2\/types\/page"}],"author":[{"embeddable":true,"href":"https:\/\/www.daco-solutions.com\/pt-pt\/wp-json\/wp\/v2\/users\/6"}],"replies":[{"embeddable":true,"href":"https:\/\/www.daco-solutions.com\/pt-pt\/wp-json\/wp\/v2\/comments?post=1589"}],"version-history":[{"count":4,"href":"https:\/\/www.daco-solutions.com\/pt-pt\/wp-json\/wp\/v2\/pages\/1589\/revisions"}],"predecessor-version":[{"id":18014,"href":"https:\/\/www.daco-solutions.com\/pt-pt\/wp-json\/wp\/v2\/pages\/1589\/revisions\/18014"}],"wp:attachment":[{"href":"https:\/\/www.daco-solutions.com\/pt-pt\/wp-json\/wp\/v2\/media?parent=1589"}],"curies":[{"name":"wp","href":"https:\/\/api.w.org\/{rel}","templated":true}]}}