{"id":1565,"date":"2014-08-18T10:59:24","date_gmt":"2014-08-18T09:59:24","guid":{"rendered":"http:\/\/www.web-translations.co.uk\/clients\/daco\/agents-required-2\/"},"modified":"2024-07-10T10:39:46","modified_gmt":"2024-07-10T09:39:46","slug":"precisam-se-agentes","status":"publish","type":"page","link":"https:\/\/www.daco-solutions.com\/pt-pt\/precisam-se-agentes\/","title":{"rendered":"Representantes Pretendidos"},"content":{"rendered":"<p>A Daco Solutions pretende criar uma grande presen\u00e7a internacional em mercados existentes e em desenvolvimento em todo o Mundo.<\/p>\n<p>Sendo um fabricante lider em inova\u00e7\u00e3o de m\u00e1quinas de corte e rebobinagem, m\u00e1quinas de cortar moldes e rebobinadoras rev\u00f3lver, pretendemos promover a nossa larga gama de equipamentos especialmente nas ind\u00fastrias de banda estreita e de convers\u00e3o de etiquetas e r\u00f3tulos.<\/p>\n<p>Gostamos de trabalhar com parceiros, agentes e distribuidores que partilham os nossos valores. Caso se possam comprometer em prestar um excelente servi\u00e7o e pretendam fazer parte da nossa equipa internacional, contactem por favor Mark Laurence em <a href=\"mailto:mark@daco-solutions.com\">mark@daco-solutions.com<\/a><\/p>\n","protected":false},"excerpt":{"rendered":"<p>A Daco Solutions pretende criar uma grande presen\u00e7a internacional em mercados existentes e em desenvolvimento em todo o Mundo. Sendo um fabricante lider em inova\u00e7\u00e3o de m\u00e1quinas de corte e rebobinagem, m\u00e1quinas de cortar moldes e rebobinadoras rev\u00f3lver, pretendemos promover a nossa larga gama de equipamentos especialmente nas ind\u00fastrias de banda estreita e de convers\u00e3o [&hellip;]<\/p>\n","protected":false},"author":6,"featured_media":0,"parent":0,"menu_order":0,"comment_status":"closed","ping_status":"closed","template":"","meta":{"_acf_changed":false,"footnotes":""},"class_list":["post-1565","page","type-page","status-publish","hentry"],"acf":[],"yoast_head":"<!-- This site is optimized with the Yoast SEO Premium plugin v27.2 (Yoast SEO v27.4) - https:\/\/yoast.com\/product\/yoast-seo-premium-wordpress\/ -->\n<title>Representantes Pretendidos - Equipamento de Convers\u00e3o de Etiquetas - Daco Solutions<\/title>\n<meta name=\"description\" content=\"Daco Solutions - Reino Unido, fabricante de equipamento de convers\u00e3o de etiquetas, incluindo cortadoras de moldes rotativas e rebobinadoras de bancada. Contacte-nos e torne-se um representante nosso.\" \/>\n<meta name=\"robots\" content=\"index, follow, max-snippet:-1, max-image-preview:large, max-video-preview:-1\" \/>\n<link rel=\"canonical\" href=\"https:\/\/www.daco-solutions.com\/pt-pt\/precisam-se-agentes\/\" \/>\n<meta property=\"og:locale\" content=\"pt_PT\" \/>\n<meta property=\"og:type\" content=\"article\" \/>\n<meta property=\"og:title\" content=\"Representantes Pretendidos\" \/>\n<meta property=\"og:description\" content=\"Daco Solutions - Reino Unido, fabricante de equipamento de convers\u00e3o de etiquetas, incluindo cortadoras de moldes rotativas e rebobinadoras de bancada. Contacte-nos e torne-se um representante nosso.\" \/>\n<meta property=\"og:url\" content=\"https:\/\/www.daco-solutions.com\/pt-pt\/precisam-se-agentes\/\" \/>\n<meta property=\"og:site_name\" content=\"Daco Solutions\" \/>\n<meta property=\"article:modified_time\" content=\"2024-07-10T09:39:46+00:00\" \/>\n<meta name=\"twitter:card\" content=\"summary_large_image\" \/>\n<meta name=\"twitter:site\" content=\"@DacoSolutions\" \/>\n<meta name=\"twitter:label1\" content=\"Tempo estimado de leitura\" \/>\n\t<meta name=\"twitter:data1\" content=\"2 minutos\" \/>\n<script type=\"application\/ld+json\" class=\"yoast-schema-graph\">{\"@context\":\"https:\\\/\\\/schema.org\",\"@graph\":[{\"@type\":\"WebPage\",\"@id\":\"https:\\\/\\\/www.daco-solutions.com\\\/pt-pt\\\/precisam-se-agentes\\\/\",\"url\":\"https:\\\/\\\/www.daco-solutions.com\\\/pt-pt\\\/precisam-se-agentes\\\/\",\"name\":\"Representantes Pretendidos - Equipamento de Convers\u00e3o de Etiquetas - Daco Solutions\",\"isPartOf\":{\"@id\":\"https:\\\/\\\/www.daco-solutions.com\\\/pt-pt\\\/#website\"},\"datePublished\":\"2014-08-18T09:59:24+00:00\",\"dateModified\":\"2024-07-10T09:39:46+00:00\",\"description\":\"Daco Solutions - Reino Unido, fabricante de equipamento de convers\u00e3o de etiquetas, incluindo cortadoras de moldes rotativas e rebobinadoras de bancada. Contacte-nos e torne-se um representante nosso.\",\"breadcrumb\":{\"@id\":\"https:\\\/\\\/www.daco-solutions.com\\\/pt-pt\\\/precisam-se-agentes\\\/#breadcrumb\"},\"inLanguage\":\"pt-PT\",\"potentialAction\":[{\"@type\":\"ReadAction\",\"target\":[\"https:\\\/\\\/www.daco-solutions.com\\\/pt-pt\\\/precisam-se-agentes\\\/\"]}]},{\"@type\":\"BreadcrumbList\",\"@id\":\"https:\\\/\\\/www.daco-solutions.com\\\/pt-pt\\\/precisam-se-agentes\\\/#breadcrumb\",\"itemListElement\":[{\"@type\":\"ListItem\",\"position\":1,\"name\":\"Home\",\"item\":\"https:\\\/\\\/www.daco-solutions.com\\\/pt-pt\\\/\"},{\"@type\":\"ListItem\",\"position\":2,\"name\":\"Representantes Pretendidos\"}]},{\"@type\":\"WebSite\",\"@id\":\"https:\\\/\\\/www.daco-solutions.com\\\/pt-pt\\\/#website\",\"url\":\"https:\\\/\\\/www.daco-solutions.com\\\/pt-pt\\\/\",\"name\":\"Daco Solutions\",\"description\":\"Cortadoras de moldes e guilhotinas\",\"publisher\":{\"@id\":\"https:\\\/\\\/www.daco-solutions.com\\\/pt-pt\\\/#organization\"},\"potentialAction\":[{\"@type\":\"SearchAction\",\"target\":{\"@type\":\"EntryPoint\",\"urlTemplate\":\"https:\\\/\\\/www.daco-solutions.com\\\/pt-pt\\\/?s={search_term_string}\"},\"query-input\":{\"@type\":\"PropertyValueSpecification\",\"valueRequired\":true,\"valueName\":\"search_term_string\"}}],\"inLanguage\":\"pt-PT\"},{\"@type\":\"Organization\",\"@id\":\"https:\\\/\\\/www.daco-solutions.com\\\/pt-pt\\\/#organization\",\"name\":\"Daco Solutions Ltd\",\"url\":\"https:\\\/\\\/www.daco-solutions.com\\\/pt-pt\\\/\",\"logo\":{\"@type\":\"ImageObject\",\"inLanguage\":\"pt-PT\",\"@id\":\"https:\\\/\\\/www.daco-solutions.com\\\/pt-pt\\\/#\\\/schema\\\/logo\\\/image\\\/\",\"url\":\"https:\\\/\\\/0xrad6.n3cdn1.secureserver.net\\\/wp-content\\\/uploads\\\/2015\\\/07\\\/DacoNewLogo.jpg?time=1716375896\",\"contentUrl\":\"https:\\\/\\\/0xrad6.n3cdn1.secureserver.net\\\/wp-content\\\/uploads\\\/2015\\\/07\\\/DacoNewLogo.jpg?time=1716375896\",\"width\":5467,\"height\":1918,\"caption\":\"Daco Solutions Ltd\"},\"image\":{\"@id\":\"https:\\\/\\\/www.daco-solutions.com\\\/pt-pt\\\/#\\\/schema\\\/logo\\\/image\\\/\"},\"sameAs\":[\"https:\\\/\\\/x.com\\\/DacoSolutions\",\"https:\\\/\\\/www.instagram.com\\\/dacosolutions1\\\/\",\"https:\\\/\\\/www.linkedin.com\\\/in\\\/mark-laurence-bab6492b\\\/\",\"https:\\\/\\\/www.youtube.com\\\/user\\\/DacoSolutions1\"],\"description\":\"Daco Solutions are a UK manufacturer with a range of equipment for the self adhesive label converting industry. The equipment is designed in house, with all parts manufactured in our modern CNC machining facility, with electrical panel building, assembly and testing all performed by Daco.\",\"email\":\"sales@daco-solutions.com\",\"telephone\":\"+ 44 (0)1482 860288\",\"legalName\":\"Daco Solutions Ltd\",\"foundingDate\":\"2001-01-15\"}]}<\/script>\n<!-- \/ Yoast SEO Premium plugin. -->","yoast_head_json":{"title":"Representantes Pretendidos - Equipamento de Convers\u00e3o de Etiquetas - Daco Solutions","description":"Daco Solutions - Reino Unido, fabricante de equipamento de convers\u00e3o de etiquetas, incluindo cortadoras de moldes rotativas e rebobinadoras de bancada. Contacte-nos e torne-se um representante nosso.","robots":{"index":"index","follow":"follow","max-snippet":"max-snippet:-1","max-image-preview":"max-image-preview:large","max-video-preview":"max-video-preview:-1"},"canonical":"https:\/\/www.daco-solutions.com\/pt-pt\/precisam-se-agentes\/","og_locale":"pt_PT","og_type":"article","og_title":"Representantes Pretendidos","og_description":"Daco Solutions - Reino Unido, fabricante de equipamento de convers\u00e3o de etiquetas, incluindo cortadoras de moldes rotativas e rebobinadoras de bancada. Contacte-nos e torne-se um representante nosso.","og_url":"https:\/\/www.daco-solutions.com\/pt-pt\/precisam-se-agentes\/","og_site_name":"Daco Solutions","article_modified_time":"2024-07-10T09:39:46+00:00","twitter_card":"summary_large_image","twitter_site":"@DacoSolutions","twitter_misc":{"Tempo estimado de leitura":"2 minutos"},"schema":{"@context":"https:\/\/schema.org","@graph":[{"@type":"WebPage","@id":"https:\/\/www.daco-solutions.com\/pt-pt\/precisam-se-agentes\/","url":"https:\/\/www.daco-solutions.com\/pt-pt\/precisam-se-agentes\/","name":"Representantes Pretendidos - Equipamento de Convers\u00e3o de Etiquetas - Daco Solutions","isPartOf":{"@id":"https:\/\/www.daco-solutions.com\/pt-pt\/#website"},"datePublished":"2014-08-18T09:59:24+00:00","dateModified":"2024-07-10T09:39:46+00:00","description":"Daco Solutions - Reino Unido, fabricante de equipamento de convers\u00e3o de etiquetas, incluindo cortadoras de moldes rotativas e rebobinadoras de bancada. Contacte-nos e torne-se um representante nosso.","breadcrumb":{"@id":"https:\/\/www.daco-solutions.com\/pt-pt\/precisam-se-agentes\/#breadcrumb"},"inLanguage":"pt-PT","potentialAction":[{"@type":"ReadAction","target":["https:\/\/www.daco-solutions.com\/pt-pt\/precisam-se-agentes\/"]}]},{"@type":"BreadcrumbList","@id":"https:\/\/www.daco-solutions.com\/pt-pt\/precisam-se-agentes\/#breadcrumb","itemListElement":[{"@type":"ListItem","position":1,"name":"Home","item":"https:\/\/www.daco-solutions.com\/pt-pt\/"},{"@type":"ListItem","position":2,"name":"Representantes Pretendidos"}]},{"@type":"WebSite","@id":"https:\/\/www.daco-solutions.com\/pt-pt\/#website","url":"https:\/\/www.daco-solutions.com\/pt-pt\/","name":"Daco Solutions","description":"Cortadoras de moldes e guilhotinas","publisher":{"@id":"https:\/\/www.daco-solutions.com\/pt-pt\/#organization"},"potentialAction":[{"@type":"SearchAction","target":{"@type":"EntryPoint","urlTemplate":"https:\/\/www.daco-solutions.com\/pt-pt\/?s={search_term_string}"},"query-input":{"@type":"PropertyValueSpecification","valueRequired":true,"valueName":"search_term_string"}}],"inLanguage":"pt-PT"},{"@type":"Organization","@id":"https:\/\/www.daco-solutions.com\/pt-pt\/#organization","name":"Daco Solutions Ltd","url":"https:\/\/www.daco-solutions.com\/pt-pt\/","logo":{"@type":"ImageObject","inLanguage":"pt-PT","@id":"https:\/\/www.daco-solutions.com\/pt-pt\/#\/schema\/logo\/image\/","url":"https:\/\/0xrad6.n3cdn1.secureserver.net\/wp-content\/uploads\/2015\/07\/DacoNewLogo.jpg?time=1716375896","contentUrl":"https:\/\/0xrad6.n3cdn1.secureserver.net\/wp-content\/uploads\/2015\/07\/DacoNewLogo.jpg?time=1716375896","width":5467,"height":1918,"caption":"Daco Solutions Ltd"},"image":{"@id":"https:\/\/www.daco-solutions.com\/pt-pt\/#\/schema\/logo\/image\/"},"sameAs":["https:\/\/x.com\/DacoSolutions","https:\/\/www.instagram.com\/dacosolutions1\/","https:\/\/www.linkedin.com\/in\/mark-laurence-bab6492b\/","https:\/\/www.youtube.com\/user\/DacoSolutions1"],"description":"Daco Solutions are a UK manufacturer with a range of equipment for the self adhesive label converting industry. The equipment is designed in house, with all parts manufactured in our modern CNC machining facility, with electrical panel building, assembly and testing all performed by Daco.","email":"sales@daco-solutions.com","telephone":"+ 44 (0)1482 860288","legalName":"Daco Solutions Ltd","foundingDate":"2001-01-15"}]}},"_links":{"self":[{"href":"https:\/\/www.daco-solutions.com\/pt-pt\/wp-json\/wp\/v2\/pages\/1565","targetHints":{"allow":["GET"]}}],"collection":[{"href":"https:\/\/www.daco-solutions.com\/pt-pt\/wp-json\/wp\/v2\/pages"}],"about":[{"href":"https:\/\/www.daco-solutions.com\/pt-pt\/wp-json\/wp\/v2\/types\/page"}],"author":[{"embeddable":true,"href":"https:\/\/www.daco-solutions.com\/pt-pt\/wp-json\/wp\/v2\/users\/6"}],"replies":[{"embeddable":true,"href":"https:\/\/www.daco-solutions.com\/pt-pt\/wp-json\/wp\/v2\/comments?post=1565"}],"version-history":[{"count":1,"href":"https:\/\/www.daco-solutions.com\/pt-pt\/wp-json\/wp\/v2\/pages\/1565\/revisions"}],"predecessor-version":[{"id":18189,"href":"https:\/\/www.daco-solutions.com\/pt-pt\/wp-json\/wp\/v2\/pages\/1565\/revisions\/18189"}],"wp:attachment":[{"href":"https:\/\/www.daco-solutions.com\/pt-pt\/wp-json\/wp\/v2\/media?parent=1565"}],"curies":[{"name":"wp","href":"https:\/\/api.w.org\/{rel}","templated":true}]}}