{"id":964,"date":"2014-08-08T15:57:23","date_gmt":"2014-08-08T14:57:23","guid":{"rendered":"http:\/\/www.web-translations.co.uk\/clients\/daco\/exhibitions-2\/"},"modified":"2024-05-28T13:33:50","modified_gmt":"2024-05-28T12:33:50","slug":"expositions","status":"publish","type":"page","link":"https:\/\/www.daco-solutions.com\/fr\/expositions\/","title":{"rendered":"Expositions"},"content":{"rendered":"","protected":false},"excerpt":{"rendered":"","protected":false},"author":6,"featured_media":11106,"parent":0,"menu_order":0,"comment_status":"open","ping_status":"open","template":"","meta":{"_acf_changed":false,"footnotes":""},"class_list":["post-964","page","type-page","status-publish","has-post-thumbnail","hentry"],"acf":[],"yoast_head":"<!-- This site is optimized with the Yoast SEO Premium plugin v27.2 (Yoast SEO v27.4) - https:\/\/yoast.com\/product\/yoast-seo-premium-wordpress\/ -->\n<title>Expositions - Daco Solutions<\/title>\n<meta name=\"description\" content=\"Agenda des expositions et \u00e9v\u00e9nements Daco Solutions. Consultez notre agenda et prenez des dispositions pour nous rencontrer. Nous sommes \u00e0 Labelexpo Europe 2019\" \/>\n<meta name=\"robots\" content=\"index, follow, max-snippet:-1, max-image-preview:large, max-video-preview:-1\" \/>\n<link rel=\"canonical\" href=\"https:\/\/www.daco-solutions.com\/fr\/expositions\/\" \/>\n<meta property=\"og:locale\" content=\"fr_FR\" \/>\n<meta property=\"og:type\" content=\"article\" \/>\n<meta property=\"og:title\" content=\"Expositions\" \/>\n<meta property=\"og:description\" content=\"Agenda des expositions et \u00e9v\u00e9nements Daco Solutions. Consultez notre agenda et prenez des dispositions pour nous rencontrer. Nous sommes \u00e0 Labelexpo Europe 2019\" \/>\n<meta property=\"og:url\" content=\"https:\/\/www.daco-solutions.com\/fr\/expositions\/\" \/>\n<meta property=\"og:site_name\" content=\"Daco Solutions\" \/>\n<meta property=\"article:modified_time\" content=\"2024-05-28T12:33:50+00:00\" \/>\n<meta property=\"og:image\" content=\"https:\/\/www.daco-solutions.com\/wp-content\/uploads\/2015\/06\/expo-event.png\" \/>\n\t<meta property=\"og:image:width\" content=\"814\" \/>\n\t<meta property=\"og:image:height\" content=\"457\" \/>\n\t<meta property=\"og:image:type\" content=\"image\/png\" \/>\n<meta name=\"twitter:card\" content=\"summary_large_image\" \/>\n<meta name=\"twitter:site\" content=\"@DacoSolutions\" \/>\n<meta name=\"twitter:label1\" content=\"Dur\u00e9e de lecture estim\u00e9e\" \/>\n\t<meta name=\"twitter:data1\" content=\"2 minutes\" \/>\n<script type=\"application\/ld+json\" class=\"yoast-schema-graph\">{\"@context\":\"https:\\\/\\\/schema.org\",\"@graph\":[{\"@type\":\"WebPage\",\"@id\":\"https:\\\/\\\/www.daco-solutions.com\\\/fr\\\/expositions\\\/\",\"url\":\"https:\\\/\\\/www.daco-solutions.com\\\/fr\\\/expositions\\\/\",\"name\":\"Expositions - Daco Solutions\",\"isPartOf\":{\"@id\":\"https:\\\/\\\/www.daco-solutions.com\\\/fr\\\/#website\"},\"primaryImageOfPage\":{\"@id\":\"https:\\\/\\\/www.daco-solutions.com\\\/fr\\\/expositions\\\/#primaryimage\"},\"image\":{\"@id\":\"https:\\\/\\\/www.daco-solutions.com\\\/fr\\\/expositions\\\/#primaryimage\"},\"thumbnailUrl\":\"https:\\\/\\\/www.daco-solutions.com\\\/wp-content\\\/uploads\\\/2015\\\/06\\\/expo-event.png\",\"datePublished\":\"2014-08-08T14:57:23+00:00\",\"dateModified\":\"2024-05-28T12:33:50+00:00\",\"description\":\"Agenda des expositions et \u00e9v\u00e9nements Daco Solutions. Consultez notre agenda et prenez des dispositions pour nous rencontrer. Nous sommes \u00e0 Labelexpo Europe 2019\",\"breadcrumb\":{\"@id\":\"https:\\\/\\\/www.daco-solutions.com\\\/fr\\\/expositions\\\/#breadcrumb\"},\"inLanguage\":\"fr-FR\",\"potentialAction\":[{\"@type\":\"ReadAction\",\"target\":[\"https:\\\/\\\/www.daco-solutions.com\\\/fr\\\/expositions\\\/\"]}]},{\"@type\":\"ImageObject\",\"inLanguage\":\"fr-FR\",\"@id\":\"https:\\\/\\\/www.daco-solutions.com\\\/fr\\\/expositions\\\/#primaryimage\",\"url\":\"https:\\\/\\\/www.daco-solutions.com\\\/wp-content\\\/uploads\\\/2015\\\/06\\\/expo-event.png\",\"contentUrl\":\"https:\\\/\\\/www.daco-solutions.com\\\/wp-content\\\/uploads\\\/2015\\\/06\\\/expo-event.png\",\"width\":814,\"height\":457},{\"@type\":\"BreadcrumbList\",\"@id\":\"https:\\\/\\\/www.daco-solutions.com\\\/fr\\\/expositions\\\/#breadcrumb\",\"itemListElement\":[{\"@type\":\"ListItem\",\"position\":1,\"name\":\"Home\",\"item\":\"https:\\\/\\\/www.daco-solutions.com\\\/fr\\\/\"},{\"@type\":\"ListItem\",\"position\":2,\"name\":\"Expositions\"}]},{\"@type\":\"WebSite\",\"@id\":\"https:\\\/\\\/www.daco-solutions.com\\\/fr\\\/#website\",\"url\":\"https:\\\/\\\/www.daco-solutions.com\\\/fr\\\/\",\"name\":\"Daco Solutions\",\"description\":\"\u00c9quipement de d\u00e9coupe et fa\u00e7onnage\",\"publisher\":{\"@id\":\"https:\\\/\\\/www.daco-solutions.com\\\/fr\\\/#organization\"},\"potentialAction\":[{\"@type\":\"SearchAction\",\"target\":{\"@type\":\"EntryPoint\",\"urlTemplate\":\"https:\\\/\\\/www.daco-solutions.com\\\/fr\\\/?s={search_term_string}\"},\"query-input\":{\"@type\":\"PropertyValueSpecification\",\"valueRequired\":true,\"valueName\":\"search_term_string\"}}],\"inLanguage\":\"fr-FR\"},{\"@type\":\"Organization\",\"@id\":\"https:\\\/\\\/www.daco-solutions.com\\\/fr\\\/#organization\",\"name\":\"Daco Solutions Ltd\",\"url\":\"https:\\\/\\\/www.daco-solutions.com\\\/fr\\\/\",\"logo\":{\"@type\":\"ImageObject\",\"inLanguage\":\"fr-FR\",\"@id\":\"https:\\\/\\\/www.daco-solutions.com\\\/fr\\\/#\\\/schema\\\/logo\\\/image\\\/\",\"url\":\"https:\\\/\\\/0xrad6.n3cdn1.secureserver.net\\\/wp-content\\\/uploads\\\/2015\\\/07\\\/DacoNewLogo.jpg?time=1716375896\",\"contentUrl\":\"https:\\\/\\\/0xrad6.n3cdn1.secureserver.net\\\/wp-content\\\/uploads\\\/2015\\\/07\\\/DacoNewLogo.jpg?time=1716375896\",\"width\":5467,\"height\":1918,\"caption\":\"Daco Solutions Ltd\"},\"image\":{\"@id\":\"https:\\\/\\\/www.daco-solutions.com\\\/fr\\\/#\\\/schema\\\/logo\\\/image\\\/\"},\"sameAs\":[\"https:\\\/\\\/x.com\\\/DacoSolutions\",\"https:\\\/\\\/www.instagram.com\\\/dacosolutions1\\\/\",\"https:\\\/\\\/www.linkedin.com\\\/in\\\/mark-laurence-bab6492b\\\/\",\"https:\\\/\\\/www.youtube.com\\\/user\\\/DacoSolutions1\"],\"description\":\"Daco Solutions are a UK manufacturer with a range of equipment for the self adhesive label converting industry. The equipment is designed in house, with all parts manufactured in our modern CNC machining facility, with electrical panel building, assembly and testing all performed by Daco.\",\"email\":\"sales@daco-solutions.com\",\"telephone\":\"+ 44 (0)1482 860288\",\"legalName\":\"Daco Solutions Ltd\",\"foundingDate\":\"2001-01-15\"}]}<\/script>\n<!-- \/ Yoast SEO Premium plugin. -->","yoast_head_json":{"title":"Expositions - Daco Solutions","description":"Agenda des expositions et \u00e9v\u00e9nements Daco Solutions. Consultez notre agenda et prenez des dispositions pour nous rencontrer. Nous sommes \u00e0 Labelexpo Europe 2019","robots":{"index":"index","follow":"follow","max-snippet":"max-snippet:-1","max-image-preview":"max-image-preview:large","max-video-preview":"max-video-preview:-1"},"canonical":"https:\/\/www.daco-solutions.com\/fr\/expositions\/","og_locale":"fr_FR","og_type":"article","og_title":"Expositions","og_description":"Agenda des expositions et \u00e9v\u00e9nements Daco Solutions. Consultez notre agenda et prenez des dispositions pour nous rencontrer. Nous sommes \u00e0 Labelexpo Europe 2019","og_url":"https:\/\/www.daco-solutions.com\/fr\/expositions\/","og_site_name":"Daco Solutions","article_modified_time":"2024-05-28T12:33:50+00:00","og_image":[{"width":814,"height":457,"url":"https:\/\/www.daco-solutions.com\/wp-content\/uploads\/2015\/06\/expo-event.png","type":"image\/png"}],"twitter_card":"summary_large_image","twitter_site":"@DacoSolutions","twitter_misc":{"Dur\u00e9e de lecture estim\u00e9e":"2 minutes"},"schema":{"@context":"https:\/\/schema.org","@graph":[{"@type":"WebPage","@id":"https:\/\/www.daco-solutions.com\/fr\/expositions\/","url":"https:\/\/www.daco-solutions.com\/fr\/expositions\/","name":"Expositions - Daco Solutions","isPartOf":{"@id":"https:\/\/www.daco-solutions.com\/fr\/#website"},"primaryImageOfPage":{"@id":"https:\/\/www.daco-solutions.com\/fr\/expositions\/#primaryimage"},"image":{"@id":"https:\/\/www.daco-solutions.com\/fr\/expositions\/#primaryimage"},"thumbnailUrl":"https:\/\/www.daco-solutions.com\/wp-content\/uploads\/2015\/06\/expo-event.png","datePublished":"2014-08-08T14:57:23+00:00","dateModified":"2024-05-28T12:33:50+00:00","description":"Agenda des expositions et \u00e9v\u00e9nements Daco Solutions. Consultez notre agenda et prenez des dispositions pour nous rencontrer. Nous sommes \u00e0 Labelexpo Europe 2019","breadcrumb":{"@id":"https:\/\/www.daco-solutions.com\/fr\/expositions\/#breadcrumb"},"inLanguage":"fr-FR","potentialAction":[{"@type":"ReadAction","target":["https:\/\/www.daco-solutions.com\/fr\/expositions\/"]}]},{"@type":"ImageObject","inLanguage":"fr-FR","@id":"https:\/\/www.daco-solutions.com\/fr\/expositions\/#primaryimage","url":"https:\/\/www.daco-solutions.com\/wp-content\/uploads\/2015\/06\/expo-event.png","contentUrl":"https:\/\/www.daco-solutions.com\/wp-content\/uploads\/2015\/06\/expo-event.png","width":814,"height":457},{"@type":"BreadcrumbList","@id":"https:\/\/www.daco-solutions.com\/fr\/expositions\/#breadcrumb","itemListElement":[{"@type":"ListItem","position":1,"name":"Home","item":"https:\/\/www.daco-solutions.com\/fr\/"},{"@type":"ListItem","position":2,"name":"Expositions"}]},{"@type":"WebSite","@id":"https:\/\/www.daco-solutions.com\/fr\/#website","url":"https:\/\/www.daco-solutions.com\/fr\/","name":"Daco Solutions","description":"\u00c9quipement de d\u00e9coupe et fa\u00e7onnage","publisher":{"@id":"https:\/\/www.daco-solutions.com\/fr\/#organization"},"potentialAction":[{"@type":"SearchAction","target":{"@type":"EntryPoint","urlTemplate":"https:\/\/www.daco-solutions.com\/fr\/?s={search_term_string}"},"query-input":{"@type":"PropertyValueSpecification","valueRequired":true,"valueName":"search_term_string"}}],"inLanguage":"fr-FR"},{"@type":"Organization","@id":"https:\/\/www.daco-solutions.com\/fr\/#organization","name":"Daco Solutions Ltd","url":"https:\/\/www.daco-solutions.com\/fr\/","logo":{"@type":"ImageObject","inLanguage":"fr-FR","@id":"https:\/\/www.daco-solutions.com\/fr\/#\/schema\/logo\/image\/","url":"https:\/\/0xrad6.n3cdn1.secureserver.net\/wp-content\/uploads\/2015\/07\/DacoNewLogo.jpg?time=1716375896","contentUrl":"https:\/\/0xrad6.n3cdn1.secureserver.net\/wp-content\/uploads\/2015\/07\/DacoNewLogo.jpg?time=1716375896","width":5467,"height":1918,"caption":"Daco Solutions Ltd"},"image":{"@id":"https:\/\/www.daco-solutions.com\/fr\/#\/schema\/logo\/image\/"},"sameAs":["https:\/\/x.com\/DacoSolutions","https:\/\/www.instagram.com\/dacosolutions1\/","https:\/\/www.linkedin.com\/in\/mark-laurence-bab6492b\/","https:\/\/www.youtube.com\/user\/DacoSolutions1"],"description":"Daco Solutions are a UK manufacturer with a range of equipment for the self adhesive label converting industry. The equipment is designed in house, with all parts manufactured in our modern CNC machining facility, with electrical panel building, assembly and testing all performed by Daco.","email":"sales@daco-solutions.com","telephone":"+ 44 (0)1482 860288","legalName":"Daco Solutions Ltd","foundingDate":"2001-01-15"}]}},"_links":{"self":[{"href":"https:\/\/www.daco-solutions.com\/fr\/wp-json\/wp\/v2\/pages\/964","targetHints":{"allow":["GET"]}}],"collection":[{"href":"https:\/\/www.daco-solutions.com\/fr\/wp-json\/wp\/v2\/pages"}],"about":[{"href":"https:\/\/www.daco-solutions.com\/fr\/wp-json\/wp\/v2\/types\/page"}],"author":[{"embeddable":true,"href":"https:\/\/www.daco-solutions.com\/fr\/wp-json\/wp\/v2\/users\/6"}],"replies":[{"embeddable":true,"href":"https:\/\/www.daco-solutions.com\/fr\/wp-json\/wp\/v2\/comments?post=964"}],"version-history":[{"count":1,"href":"https:\/\/www.daco-solutions.com\/fr\/wp-json\/wp\/v2\/pages\/964\/revisions"}],"predecessor-version":[{"id":17945,"href":"https:\/\/www.daco-solutions.com\/fr\/wp-json\/wp\/v2\/pages\/964\/revisions\/17945"}],"wp:featuredmedia":[{"embeddable":true,"href":"https:\/\/www.daco-solutions.com\/fr\/wp-json\/wp\/v2\/media\/11106"}],"wp:attachment":[{"href":"https:\/\/www.daco-solutions.com\/fr\/wp-json\/wp\/v2\/media?parent=964"}],"curies":[{"name":"wp","href":"https:\/\/api.w.org\/{rel}","templated":true}]}}