{"id":1595,"date":"2014-08-18T11:03:07","date_gmt":"2014-08-18T10:03:07","guid":{"rendered":"http:\/\/www.web-translations.co.uk\/clients\/daco\/used-equipment-2\/"},"modified":"2019-02-05T14:13:01","modified_gmt":"2019-02-05T14:13:01","slug":"machines-doccasion","status":"publish","type":"page","link":"https:\/\/www.daco-solutions.com\/fr\/machines-doccasion\/","title":{"rendered":"Machines d&rsquo;occasion"},"content":{"rendered":"<p>Il arrive souvent que nous ayons \u00e0 vendre du mat\u00e9riel d&rsquo;occasion \/ d&rsquo;\u00e9change de pi\u00e8ces ou qui a servi \u00e0 des d\u00e9monstrations.<\/p>\n<p>Si vous souhaitez vendre votre mat\u00e9riel, veuillez remplir le formulaire <a href=\"https:\/\/daco-solutions.com\/fr\/vous-souhaitez-vendre-vos-machines\/\" target=\"_self\"><strong>Vous souhaitez vendre vos machines ?<\/strong><\/a> et nous l\u2019ajouterons \u00e0 notre base de donn\u00e9es.<\/p>\n","protected":false},"excerpt":{"rendered":"<p>Il arrive souvent que nous ayons \u00e0 vendre du mat\u00e9riel d&rsquo;occasion \/ d&rsquo;\u00e9change de pi\u00e8ces ou qui a servi \u00e0 des d\u00e9monstrations. Si vous souhaitez vendre votre mat\u00e9riel, veuillez remplir le formulaire Vous souhaitez vendre vos machines ? et nous l\u2019ajouterons \u00e0 notre base de donn\u00e9es.<\/p>\n","protected":false},"author":6,"featured_media":0,"parent":0,"menu_order":0,"comment_status":"closed","ping_status":"open","template":"page-used-equipment.php","meta":{"_acf_changed":false,"footnotes":""},"class_list":["post-1595","page","type-page","status-publish","hentry"],"acf":[],"yoast_head":"<!-- This site is optimized with the Yoast SEO Premium plugin v27.2 (Yoast SEO v27.4) - https:\/\/yoast.com\/product\/yoast-seo-premium-wordpress\/ -->\n<title>Machines d&#039;occasion - Daco Solutions<\/title>\n<meta name=\"description\" content=\"Il arrive parfois que Daco Solutions a du mat\u00e9riel d&#039;occasion de transformation d&#039;\u00e9tiquette \u00e0 disposition qui a \u00e9t\u00e9 \u00e9chang\u00e9 contre un nouvel \u00e9quipement de la gamme de produits de Daco Solutions.\" \/>\n<meta name=\"robots\" content=\"index, follow, max-snippet:-1, max-image-preview:large, max-video-preview:-1\" \/>\n<link rel=\"canonical\" href=\"https:\/\/www.daco-solutions.com\/fr\/machines-doccasion\/\" \/>\n<meta property=\"og:locale\" content=\"fr_FR\" \/>\n<meta property=\"og:type\" content=\"article\" \/>\n<meta property=\"og:title\" content=\"Machines d&#039;occasion\" \/>\n<meta property=\"og:description\" content=\"Il arrive parfois que Daco Solutions a du mat\u00e9riel d&#039;occasion de transformation d&#039;\u00e9tiquette \u00e0 disposition qui a \u00e9t\u00e9 \u00e9chang\u00e9 contre un nouvel \u00e9quipement de la gamme de produits de Daco Solutions.\" \/>\n<meta property=\"og:url\" content=\"https:\/\/www.daco-solutions.com\/fr\/machines-doccasion\/\" \/>\n<meta property=\"og:site_name\" content=\"Daco Solutions\" \/>\n<meta property=\"article:modified_time\" content=\"2019-02-05T14:13:01+00:00\" \/>\n<meta name=\"twitter:card\" content=\"summary_large_image\" \/>\n<meta name=\"twitter:site\" content=\"@DacoSolutions\" \/>\n<script type=\"application\/ld+json\" class=\"yoast-schema-graph\">{\"@context\":\"https:\\\/\\\/schema.org\",\"@graph\":[{\"@type\":\"WebPage\",\"@id\":\"https:\\\/\\\/www.daco-solutions.com\\\/fr\\\/machines-doccasion\\\/\",\"url\":\"https:\\\/\\\/www.daco-solutions.com\\\/fr\\\/machines-doccasion\\\/\",\"name\":\"Machines d'occasion - Daco Solutions\",\"isPartOf\":{\"@id\":\"https:\\\/\\\/www.daco-solutions.com\\\/fr\\\/#website\"},\"datePublished\":\"2014-08-18T10:03:07+00:00\",\"dateModified\":\"2019-02-05T14:13:01+00:00\",\"description\":\"Il arrive parfois que Daco Solutions a du mat\u00e9riel d'occasion de transformation d'\u00e9tiquette \u00e0 disposition qui a \u00e9t\u00e9 \u00e9chang\u00e9 contre un nouvel \u00e9quipement de la gamme de produits de Daco Solutions.\",\"breadcrumb\":{\"@id\":\"https:\\\/\\\/www.daco-solutions.com\\\/fr\\\/machines-doccasion\\\/#breadcrumb\"},\"inLanguage\":\"fr-FR\",\"potentialAction\":[{\"@type\":\"ReadAction\",\"target\":[\"https:\\\/\\\/www.daco-solutions.com\\\/fr\\\/machines-doccasion\\\/\"]}]},{\"@type\":\"BreadcrumbList\",\"@id\":\"https:\\\/\\\/www.daco-solutions.com\\\/fr\\\/machines-doccasion\\\/#breadcrumb\",\"itemListElement\":[{\"@type\":\"ListItem\",\"position\":1,\"name\":\"Home\",\"item\":\"https:\\\/\\\/www.daco-solutions.com\\\/fr\\\/\"},{\"@type\":\"ListItem\",\"position\":2,\"name\":\"Machines d&rsquo;occasion\"}]},{\"@type\":\"WebSite\",\"@id\":\"https:\\\/\\\/www.daco-solutions.com\\\/fr\\\/#website\",\"url\":\"https:\\\/\\\/www.daco-solutions.com\\\/fr\\\/\",\"name\":\"Daco Solutions\",\"description\":\"\u00c9quipement de d\u00e9coupe et fa\u00e7onnage\",\"publisher\":{\"@id\":\"https:\\\/\\\/www.daco-solutions.com\\\/fr\\\/#organization\"},\"potentialAction\":[{\"@type\":\"SearchAction\",\"target\":{\"@type\":\"EntryPoint\",\"urlTemplate\":\"https:\\\/\\\/www.daco-solutions.com\\\/fr\\\/?s={search_term_string}\"},\"query-input\":{\"@type\":\"PropertyValueSpecification\",\"valueRequired\":true,\"valueName\":\"search_term_string\"}}],\"inLanguage\":\"fr-FR\"},{\"@type\":\"Organization\",\"@id\":\"https:\\\/\\\/www.daco-solutions.com\\\/fr\\\/#organization\",\"name\":\"Daco Solutions Ltd\",\"url\":\"https:\\\/\\\/www.daco-solutions.com\\\/fr\\\/\",\"logo\":{\"@type\":\"ImageObject\",\"inLanguage\":\"fr-FR\",\"@id\":\"https:\\\/\\\/www.daco-solutions.com\\\/fr\\\/#\\\/schema\\\/logo\\\/image\\\/\",\"url\":\"https:\\\/\\\/0xrad6.n3cdn1.secureserver.net\\\/wp-content\\\/uploads\\\/2015\\\/07\\\/DacoNewLogo.jpg?time=1716375896\",\"contentUrl\":\"https:\\\/\\\/0xrad6.n3cdn1.secureserver.net\\\/wp-content\\\/uploads\\\/2015\\\/07\\\/DacoNewLogo.jpg?time=1716375896\",\"width\":5467,\"height\":1918,\"caption\":\"Daco Solutions Ltd\"},\"image\":{\"@id\":\"https:\\\/\\\/www.daco-solutions.com\\\/fr\\\/#\\\/schema\\\/logo\\\/image\\\/\"},\"sameAs\":[\"https:\\\/\\\/x.com\\\/DacoSolutions\",\"https:\\\/\\\/www.instagram.com\\\/dacosolutions1\\\/\",\"https:\\\/\\\/www.linkedin.com\\\/in\\\/mark-laurence-bab6492b\\\/\",\"https:\\\/\\\/www.youtube.com\\\/user\\\/DacoSolutions1\"],\"description\":\"Daco Solutions are a UK manufacturer with a range of equipment for the self adhesive label converting industry. The equipment is designed in house, with all parts manufactured in our modern CNC machining facility, with electrical panel building, assembly and testing all performed by Daco.\",\"email\":\"sales@daco-solutions.com\",\"telephone\":\"+ 44 (0)1482 860288\",\"legalName\":\"Daco Solutions Ltd\",\"foundingDate\":\"2001-01-15\"}]}<\/script>\n<!-- \/ Yoast SEO Premium plugin. -->","yoast_head_json":{"title":"Machines d'occasion - Daco Solutions","description":"Il arrive parfois que Daco Solutions a du mat\u00e9riel d'occasion de transformation d'\u00e9tiquette \u00e0 disposition qui a \u00e9t\u00e9 \u00e9chang\u00e9 contre un nouvel \u00e9quipement de la gamme de produits de Daco Solutions.","robots":{"index":"index","follow":"follow","max-snippet":"max-snippet:-1","max-image-preview":"max-image-preview:large","max-video-preview":"max-video-preview:-1"},"canonical":"https:\/\/www.daco-solutions.com\/fr\/machines-doccasion\/","og_locale":"fr_FR","og_type":"article","og_title":"Machines d'occasion","og_description":"Il arrive parfois que Daco Solutions a du mat\u00e9riel d'occasion de transformation d'\u00e9tiquette \u00e0 disposition qui a \u00e9t\u00e9 \u00e9chang\u00e9 contre un nouvel \u00e9quipement de la gamme de produits de Daco Solutions.","og_url":"https:\/\/www.daco-solutions.com\/fr\/machines-doccasion\/","og_site_name":"Daco Solutions","article_modified_time":"2019-02-05T14:13:01+00:00","twitter_card":"summary_large_image","twitter_site":"@DacoSolutions","schema":{"@context":"https:\/\/schema.org","@graph":[{"@type":"WebPage","@id":"https:\/\/www.daco-solutions.com\/fr\/machines-doccasion\/","url":"https:\/\/www.daco-solutions.com\/fr\/machines-doccasion\/","name":"Machines d'occasion - Daco Solutions","isPartOf":{"@id":"https:\/\/www.daco-solutions.com\/fr\/#website"},"datePublished":"2014-08-18T10:03:07+00:00","dateModified":"2019-02-05T14:13:01+00:00","description":"Il arrive parfois que Daco Solutions a du mat\u00e9riel d'occasion de transformation d'\u00e9tiquette \u00e0 disposition qui a \u00e9t\u00e9 \u00e9chang\u00e9 contre un nouvel \u00e9quipement de la gamme de produits de Daco Solutions.","breadcrumb":{"@id":"https:\/\/www.daco-solutions.com\/fr\/machines-doccasion\/#breadcrumb"},"inLanguage":"fr-FR","potentialAction":[{"@type":"ReadAction","target":["https:\/\/www.daco-solutions.com\/fr\/machines-doccasion\/"]}]},{"@type":"BreadcrumbList","@id":"https:\/\/www.daco-solutions.com\/fr\/machines-doccasion\/#breadcrumb","itemListElement":[{"@type":"ListItem","position":1,"name":"Home","item":"https:\/\/www.daco-solutions.com\/fr\/"},{"@type":"ListItem","position":2,"name":"Machines d&rsquo;occasion"}]},{"@type":"WebSite","@id":"https:\/\/www.daco-solutions.com\/fr\/#website","url":"https:\/\/www.daco-solutions.com\/fr\/","name":"Daco Solutions","description":"\u00c9quipement de d\u00e9coupe et fa\u00e7onnage","publisher":{"@id":"https:\/\/www.daco-solutions.com\/fr\/#organization"},"potentialAction":[{"@type":"SearchAction","target":{"@type":"EntryPoint","urlTemplate":"https:\/\/www.daco-solutions.com\/fr\/?s={search_term_string}"},"query-input":{"@type":"PropertyValueSpecification","valueRequired":true,"valueName":"search_term_string"}}],"inLanguage":"fr-FR"},{"@type":"Organization","@id":"https:\/\/www.daco-solutions.com\/fr\/#organization","name":"Daco Solutions Ltd","url":"https:\/\/www.daco-solutions.com\/fr\/","logo":{"@type":"ImageObject","inLanguage":"fr-FR","@id":"https:\/\/www.daco-solutions.com\/fr\/#\/schema\/logo\/image\/","url":"https:\/\/0xrad6.n3cdn1.secureserver.net\/wp-content\/uploads\/2015\/07\/DacoNewLogo.jpg?time=1716375896","contentUrl":"https:\/\/0xrad6.n3cdn1.secureserver.net\/wp-content\/uploads\/2015\/07\/DacoNewLogo.jpg?time=1716375896","width":5467,"height":1918,"caption":"Daco Solutions Ltd"},"image":{"@id":"https:\/\/www.daco-solutions.com\/fr\/#\/schema\/logo\/image\/"},"sameAs":["https:\/\/x.com\/DacoSolutions","https:\/\/www.instagram.com\/dacosolutions1\/","https:\/\/www.linkedin.com\/in\/mark-laurence-bab6492b\/","https:\/\/www.youtube.com\/user\/DacoSolutions1"],"description":"Daco Solutions are a UK manufacturer with a range of equipment for the self adhesive label converting industry. The equipment is designed in house, with all parts manufactured in our modern CNC machining facility, with electrical panel building, assembly and testing all performed by Daco.","email":"sales@daco-solutions.com","telephone":"+ 44 (0)1482 860288","legalName":"Daco Solutions Ltd","foundingDate":"2001-01-15"}]}},"_links":{"self":[{"href":"https:\/\/www.daco-solutions.com\/fr\/wp-json\/wp\/v2\/pages\/1595","targetHints":{"allow":["GET"]}}],"collection":[{"href":"https:\/\/www.daco-solutions.com\/fr\/wp-json\/wp\/v2\/pages"}],"about":[{"href":"https:\/\/www.daco-solutions.com\/fr\/wp-json\/wp\/v2\/types\/page"}],"author":[{"embeddable":true,"href":"https:\/\/www.daco-solutions.com\/fr\/wp-json\/wp\/v2\/users\/6"}],"replies":[{"embeddable":true,"href":"https:\/\/www.daco-solutions.com\/fr\/wp-json\/wp\/v2\/comments?post=1595"}],"version-history":[{"count":0,"href":"https:\/\/www.daco-solutions.com\/fr\/wp-json\/wp\/v2\/pages\/1595\/revisions"}],"wp:attachment":[{"href":"https:\/\/www.daco-solutions.com\/fr\/wp-json\/wp\/v2\/media?parent=1595"}],"curies":[{"name":"wp","href":"https:\/\/api.w.org\/{rel}","templated":true}]}}