{"id":1560,"date":"2014-08-18T10:59:24","date_gmt":"2014-08-18T09:59:24","guid":{"rendered":"http:\/\/www.web-translations.co.uk\/clients\/daco\/agents-required-2\/"},"modified":"2024-07-10T10:37:14","modified_gmt":"2024-07-10T09:37:14","slug":"devenir-agent","status":"publish","type":"page","link":"https:\/\/www.daco-solutions.com\/fr\/devenir-agent\/","title":{"rendered":"Devenir agent"},"content":{"rendered":"<p><strong>Do you have experience in selling label converting equipment?<\/strong><\/p>\n<p>Daco Solutions Ltd. offers agents, distributors and resellers the unique opportunity to resell equipment to their own clients and contacts.<\/p>\n<p>If you have experience in the label converting industry, we\u2019d be very interested in partnering with you.<\/p>\n<p><strong>Why Resell With Daco Solutions?<\/strong><\/p>\n<p>Daco Solutions offers a range of inspection slitter rewinders, rotary die cutters, turret rewinders and digital finishing equipment, from affordable entry-level models through to machines designated to high-volume production environments.<\/p>\n<p>Since the company\u2019s formation, we have exported machinery to more than 52 countries and have created bespoke equipment to order.<\/p>\n<p>By partnering with Daco, you can offer a broad range of products to your own contacts and clients, and you will benefit from our considerable expertise.<\/p>\n<p><strong>Benefits of Our Machinery<\/strong><\/p>\n<p>\u25cf All of the machinery we sell is fully CE marked, making the products suitable for resale in practically any location worldwide.<\/p>\n<p>\u25cf Our machinery is future-proof: it can be upgraded and enhanced over time should your customer need more features.<\/p>\n<p>\u25cf In the unlikely event of a fault, our specialist teams are standing by to assist your client with the problem. Often, a site visit is not required.<\/p>\n<p>\u25cf Machinery can be offered with maintenance contracts for trouble-free operating.<\/p>\n<p><strong>Getting Started As A Daco Reseller<\/strong><\/p>\n<p>Daco Solutions is keen to hear from prospective sales agents, resellers and distributors. If you are interested in reselling our products to your own contacts and customers, contact us today and help us to build a strong international presence for Daco Solutions around the world.<\/p>\n<p>For more information, email <a href=\"mailto:mark@daco-solutions.com\">mark@daco-solutions.com<\/a> for a speedy reply with no obligation.<\/p>\n","protected":false},"excerpt":{"rendered":"<p>Do you have experience in selling label converting equipment? Daco Solutions Ltd. offers agents, distributors and resellers the unique opportunity to resell equipment to their own clients and contacts. If you have experience in the label converting industry, we\u2019d be very interested in partnering with you. Why Resell With Daco Solutions? Daco Solutions offers a [&hellip;]<\/p>\n","protected":false},"author":6,"featured_media":0,"parent":0,"menu_order":0,"comment_status":"closed","ping_status":"closed","template":"","meta":{"_acf_changed":false,"footnotes":""},"class_list":["post-1560","page","type-page","status-publish","hentry"],"acf":[],"yoast_head":"<!-- This site is optimized with the Yoast SEO Premium plugin v27.2 (Yoast SEO v27.4) - https:\/\/yoast.com\/product\/yoast-seo-premium-wordpress\/ -->\n<title>Devenir agent - Mat\u00e9riel de transformation d\u2019\u00e9tiquettes - Daco Solutions<\/title>\n<meta name=\"description\" content=\"Daco Solutions - Fabricant britannique de mat\u00e9riel de transformation d\u2019\u00e9tiquettes notamment de d\u00e9coupeuses rotatives et de rembobineuses \u00e0 barillet. Contactez-nous pour devenir un agent.\" \/>\n<meta name=\"robots\" content=\"index, follow, max-snippet:-1, max-image-preview:large, max-video-preview:-1\" \/>\n<link rel=\"canonical\" href=\"https:\/\/www.daco-solutions.com\/fr\/devenir-agent\/\" \/>\n<meta property=\"og:locale\" content=\"fr_FR\" \/>\n<meta property=\"og:type\" content=\"article\" \/>\n<meta property=\"og:title\" content=\"Devenir agent\" \/>\n<meta property=\"og:description\" content=\"Daco Solutions - Fabricant britannique de mat\u00e9riel de transformation d\u2019\u00e9tiquettes notamment de d\u00e9coupeuses rotatives et de rembobineuses \u00e0 barillet. Contactez-nous pour devenir un agent.\" \/>\n<meta property=\"og:url\" content=\"https:\/\/www.daco-solutions.com\/fr\/devenir-agent\/\" \/>\n<meta property=\"og:site_name\" content=\"Daco Solutions\" \/>\n<meta property=\"article:modified_time\" content=\"2024-07-10T09:37:14+00:00\" \/>\n<meta name=\"twitter:card\" content=\"summary_large_image\" \/>\n<meta name=\"twitter:site\" content=\"@DacoSolutions\" \/>\n<meta name=\"twitter:label1\" content=\"Dur\u00e9e de lecture estim\u00e9e\" \/>\n\t<meta name=\"twitter:data1\" content=\"3 minutes\" \/>\n<script type=\"application\/ld+json\" class=\"yoast-schema-graph\">{\"@context\":\"https:\\\/\\\/schema.org\",\"@graph\":[{\"@type\":\"WebPage\",\"@id\":\"https:\\\/\\\/www.daco-solutions.com\\\/fr\\\/devenir-agent\\\/\",\"url\":\"https:\\\/\\\/www.daco-solutions.com\\\/fr\\\/devenir-agent\\\/\",\"name\":\"Devenir agent - Mat\u00e9riel de transformation d\u2019\u00e9tiquettes - Daco Solutions\",\"isPartOf\":{\"@id\":\"https:\\\/\\\/www.daco-solutions.com\\\/fr\\\/#website\"},\"datePublished\":\"2014-08-18T09:59:24+00:00\",\"dateModified\":\"2024-07-10T09:37:14+00:00\",\"description\":\"Daco Solutions - Fabricant britannique de mat\u00e9riel de transformation d\u2019\u00e9tiquettes notamment de d\u00e9coupeuses rotatives et de rembobineuses \u00e0 barillet. Contactez-nous pour devenir un agent.\",\"breadcrumb\":{\"@id\":\"https:\\\/\\\/www.daco-solutions.com\\\/fr\\\/devenir-agent\\\/#breadcrumb\"},\"inLanguage\":\"fr-FR\",\"potentialAction\":[{\"@type\":\"ReadAction\",\"target\":[\"https:\\\/\\\/www.daco-solutions.com\\\/fr\\\/devenir-agent\\\/\"]}]},{\"@type\":\"BreadcrumbList\",\"@id\":\"https:\\\/\\\/www.daco-solutions.com\\\/fr\\\/devenir-agent\\\/#breadcrumb\",\"itemListElement\":[{\"@type\":\"ListItem\",\"position\":1,\"name\":\"Home\",\"item\":\"https:\\\/\\\/www.daco-solutions.com\\\/fr\\\/\"},{\"@type\":\"ListItem\",\"position\":2,\"name\":\"Devenir agent\"}]},{\"@type\":\"WebSite\",\"@id\":\"https:\\\/\\\/www.daco-solutions.com\\\/fr\\\/#website\",\"url\":\"https:\\\/\\\/www.daco-solutions.com\\\/fr\\\/\",\"name\":\"Daco Solutions\",\"description\":\"\u00c9quipement de d\u00e9coupe et fa\u00e7onnage\",\"publisher\":{\"@id\":\"https:\\\/\\\/www.daco-solutions.com\\\/fr\\\/#organization\"},\"potentialAction\":[{\"@type\":\"SearchAction\",\"target\":{\"@type\":\"EntryPoint\",\"urlTemplate\":\"https:\\\/\\\/www.daco-solutions.com\\\/fr\\\/?s={search_term_string}\"},\"query-input\":{\"@type\":\"PropertyValueSpecification\",\"valueRequired\":true,\"valueName\":\"search_term_string\"}}],\"inLanguage\":\"fr-FR\"},{\"@type\":\"Organization\",\"@id\":\"https:\\\/\\\/www.daco-solutions.com\\\/fr\\\/#organization\",\"name\":\"Daco Solutions Ltd\",\"url\":\"https:\\\/\\\/www.daco-solutions.com\\\/fr\\\/\",\"logo\":{\"@type\":\"ImageObject\",\"inLanguage\":\"fr-FR\",\"@id\":\"https:\\\/\\\/www.daco-solutions.com\\\/fr\\\/#\\\/schema\\\/logo\\\/image\\\/\",\"url\":\"https:\\\/\\\/0xrad6.n3cdn1.secureserver.net\\\/wp-content\\\/uploads\\\/2015\\\/07\\\/DacoNewLogo.jpg?time=1716375896\",\"contentUrl\":\"https:\\\/\\\/0xrad6.n3cdn1.secureserver.net\\\/wp-content\\\/uploads\\\/2015\\\/07\\\/DacoNewLogo.jpg?time=1716375896\",\"width\":5467,\"height\":1918,\"caption\":\"Daco Solutions Ltd\"},\"image\":{\"@id\":\"https:\\\/\\\/www.daco-solutions.com\\\/fr\\\/#\\\/schema\\\/logo\\\/image\\\/\"},\"sameAs\":[\"https:\\\/\\\/x.com\\\/DacoSolutions\",\"https:\\\/\\\/www.instagram.com\\\/dacosolutions1\\\/\",\"https:\\\/\\\/www.linkedin.com\\\/in\\\/mark-laurence-bab6492b\\\/\",\"https:\\\/\\\/www.youtube.com\\\/user\\\/DacoSolutions1\"],\"description\":\"Daco Solutions are a UK manufacturer with a range of equipment for the self adhesive label converting industry. The equipment is designed in house, with all parts manufactured in our modern CNC machining facility, with electrical panel building, assembly and testing all performed by Daco.\",\"email\":\"sales@daco-solutions.com\",\"telephone\":\"+ 44 (0)1482 860288\",\"legalName\":\"Daco Solutions Ltd\",\"foundingDate\":\"2001-01-15\"}]}<\/script>\n<!-- \/ Yoast SEO Premium plugin. -->","yoast_head_json":{"title":"Devenir agent - Mat\u00e9riel de transformation d\u2019\u00e9tiquettes - Daco Solutions","description":"Daco Solutions - Fabricant britannique de mat\u00e9riel de transformation d\u2019\u00e9tiquettes notamment de d\u00e9coupeuses rotatives et de rembobineuses \u00e0 barillet. Contactez-nous pour devenir un agent.","robots":{"index":"index","follow":"follow","max-snippet":"max-snippet:-1","max-image-preview":"max-image-preview:large","max-video-preview":"max-video-preview:-1"},"canonical":"https:\/\/www.daco-solutions.com\/fr\/devenir-agent\/","og_locale":"fr_FR","og_type":"article","og_title":"Devenir agent","og_description":"Daco Solutions - Fabricant britannique de mat\u00e9riel de transformation d\u2019\u00e9tiquettes notamment de d\u00e9coupeuses rotatives et de rembobineuses \u00e0 barillet. Contactez-nous pour devenir un agent.","og_url":"https:\/\/www.daco-solutions.com\/fr\/devenir-agent\/","og_site_name":"Daco Solutions","article_modified_time":"2024-07-10T09:37:14+00:00","twitter_card":"summary_large_image","twitter_site":"@DacoSolutions","twitter_misc":{"Dur\u00e9e de lecture estim\u00e9e":"3 minutes"},"schema":{"@context":"https:\/\/schema.org","@graph":[{"@type":"WebPage","@id":"https:\/\/www.daco-solutions.com\/fr\/devenir-agent\/","url":"https:\/\/www.daco-solutions.com\/fr\/devenir-agent\/","name":"Devenir agent - Mat\u00e9riel de transformation d\u2019\u00e9tiquettes - Daco Solutions","isPartOf":{"@id":"https:\/\/www.daco-solutions.com\/fr\/#website"},"datePublished":"2014-08-18T09:59:24+00:00","dateModified":"2024-07-10T09:37:14+00:00","description":"Daco Solutions - Fabricant britannique de mat\u00e9riel de transformation d\u2019\u00e9tiquettes notamment de d\u00e9coupeuses rotatives et de rembobineuses \u00e0 barillet. Contactez-nous pour devenir un agent.","breadcrumb":{"@id":"https:\/\/www.daco-solutions.com\/fr\/devenir-agent\/#breadcrumb"},"inLanguage":"fr-FR","potentialAction":[{"@type":"ReadAction","target":["https:\/\/www.daco-solutions.com\/fr\/devenir-agent\/"]}]},{"@type":"BreadcrumbList","@id":"https:\/\/www.daco-solutions.com\/fr\/devenir-agent\/#breadcrumb","itemListElement":[{"@type":"ListItem","position":1,"name":"Home","item":"https:\/\/www.daco-solutions.com\/fr\/"},{"@type":"ListItem","position":2,"name":"Devenir agent"}]},{"@type":"WebSite","@id":"https:\/\/www.daco-solutions.com\/fr\/#website","url":"https:\/\/www.daco-solutions.com\/fr\/","name":"Daco Solutions","description":"\u00c9quipement de d\u00e9coupe et fa\u00e7onnage","publisher":{"@id":"https:\/\/www.daco-solutions.com\/fr\/#organization"},"potentialAction":[{"@type":"SearchAction","target":{"@type":"EntryPoint","urlTemplate":"https:\/\/www.daco-solutions.com\/fr\/?s={search_term_string}"},"query-input":{"@type":"PropertyValueSpecification","valueRequired":true,"valueName":"search_term_string"}}],"inLanguage":"fr-FR"},{"@type":"Organization","@id":"https:\/\/www.daco-solutions.com\/fr\/#organization","name":"Daco Solutions Ltd","url":"https:\/\/www.daco-solutions.com\/fr\/","logo":{"@type":"ImageObject","inLanguage":"fr-FR","@id":"https:\/\/www.daco-solutions.com\/fr\/#\/schema\/logo\/image\/","url":"https:\/\/0xrad6.n3cdn1.secureserver.net\/wp-content\/uploads\/2015\/07\/DacoNewLogo.jpg?time=1716375896","contentUrl":"https:\/\/0xrad6.n3cdn1.secureserver.net\/wp-content\/uploads\/2015\/07\/DacoNewLogo.jpg?time=1716375896","width":5467,"height":1918,"caption":"Daco Solutions Ltd"},"image":{"@id":"https:\/\/www.daco-solutions.com\/fr\/#\/schema\/logo\/image\/"},"sameAs":["https:\/\/x.com\/DacoSolutions","https:\/\/www.instagram.com\/dacosolutions1\/","https:\/\/www.linkedin.com\/in\/mark-laurence-bab6492b\/","https:\/\/www.youtube.com\/user\/DacoSolutions1"],"description":"Daco Solutions are a UK manufacturer with a range of equipment for the self adhesive label converting industry. The equipment is designed in house, with all parts manufactured in our modern CNC machining facility, with electrical panel building, assembly and testing all performed by Daco.","email":"sales@daco-solutions.com","telephone":"+ 44 (0)1482 860288","legalName":"Daco Solutions Ltd","foundingDate":"2001-01-15"}]}},"_links":{"self":[{"href":"https:\/\/www.daco-solutions.com\/fr\/wp-json\/wp\/v2\/pages\/1560","targetHints":{"allow":["GET"]}}],"collection":[{"href":"https:\/\/www.daco-solutions.com\/fr\/wp-json\/wp\/v2\/pages"}],"about":[{"href":"https:\/\/www.daco-solutions.com\/fr\/wp-json\/wp\/v2\/types\/page"}],"author":[{"embeddable":true,"href":"https:\/\/www.daco-solutions.com\/fr\/wp-json\/wp\/v2\/users\/6"}],"replies":[{"embeddable":true,"href":"https:\/\/www.daco-solutions.com\/fr\/wp-json\/wp\/v2\/comments?post=1560"}],"version-history":[{"count":1,"href":"https:\/\/www.daco-solutions.com\/fr\/wp-json\/wp\/v2\/pages\/1560\/revisions"}],"predecessor-version":[{"id":18187,"href":"https:\/\/www.daco-solutions.com\/fr\/wp-json\/wp\/v2\/pages\/1560\/revisions\/18187"}],"wp:attachment":[{"href":"https:\/\/www.daco-solutions.com\/fr\/wp-json\/wp\/v2\/media?parent=1560"}],"curies":[{"name":"wp","href":"https:\/\/api.w.org\/{rel}","templated":true}]}}