{"id":12247,"date":"2019-02-22T08:26:47","date_gmt":"2019-02-22T08:26:47","guid":{"rendered":"https:\/\/daco-solutions.com\/?page_id=12247"},"modified":"2024-07-16T12:21:11","modified_gmt":"2024-07-16T11:21:11","slug":"newsletter","status":"publish","type":"page","link":"https:\/\/www.daco-solutions.com\/fr\/newsletter\/","title":{"rendered":"Inscrivez-vous \u00e0 la newsletter mensuelle GRATUITE de Daco Solutions"},"content":{"rendered":"","protected":false},"excerpt":{"rendered":"","protected":false},"author":6,"featured_media":0,"parent":0,"menu_order":0,"comment_status":"closed","ping_status":"closed","template":"","meta":{"_acf_changed":false,"footnotes":""},"class_list":["post-12247","page","type-page","status-publish","hentry"],"acf":[],"yoast_head":"<!-- This site is optimized with the Yoast SEO Premium plugin v27.2 (Yoast SEO v27.4) - https:\/\/yoast.com\/product\/yoast-seo-premium-wordpress\/ -->\n<title>Newsletter - Inscrivez-vous \u00e0 nos derni\u00e8res nouvelles et d\u00e9veloppements - Daco Solutions<\/title>\n<meta name=\"description\" content=\"Inscrivez-vous \u00e0 notre bulletin \u00e9lectronique pour recevoir toutes les derni\u00e8res nouvelles et d\u00e9veloppements concernant la gamme d&#039;\u00e9quipements de conversion d&#039;\u00e9tiquettes et d&#039;\u00e9tiquettes num\u00e9riques de Daco Solutions.\" \/>\n<meta name=\"robots\" content=\"index, follow, max-snippet:-1, max-image-preview:large, max-video-preview:-1\" \/>\n<link rel=\"canonical\" href=\"https:\/\/www.daco-solutions.com\/fr\/newsletter\/\" \/>\n<meta property=\"og:locale\" content=\"fr_FR\" \/>\n<meta property=\"og:type\" content=\"article\" \/>\n<meta property=\"og:title\" content=\"Inscrivez-vous \u00e0 la newsletter mensuelle GRATUITE de Daco Solutions\" \/>\n<meta property=\"og:description\" content=\"Inscrivez-vous \u00e0 notre bulletin \u00e9lectronique pour recevoir toutes les derni\u00e8res nouvelles et d\u00e9veloppements concernant la gamme d&#039;\u00e9quipements de conversion d&#039;\u00e9tiquettes et d&#039;\u00e9tiquettes num\u00e9riques de Daco Solutions.\" \/>\n<meta property=\"og:url\" content=\"https:\/\/www.daco-solutions.com\/fr\/newsletter\/\" \/>\n<meta property=\"og:site_name\" content=\"Daco Solutions\" \/>\n<meta property=\"article:modified_time\" content=\"2024-07-16T11:21:11+00:00\" \/>\n<meta name=\"twitter:card\" content=\"summary_large_image\" \/>\n<meta name=\"twitter:site\" content=\"@DacoSolutions\" \/>\n<meta name=\"twitter:label1\" content=\"Dur\u00e9e de lecture estim\u00e9e\" \/>\n\t<meta name=\"twitter:data1\" content=\"1 minute\" \/>\n<script type=\"application\/ld+json\" class=\"yoast-schema-graph\">{\"@context\":\"https:\\\/\\\/schema.org\",\"@graph\":[{\"@type\":\"WebPage\",\"@id\":\"https:\\\/\\\/www.daco-solutions.com\\\/fr\\\/newsletter\\\/\",\"url\":\"https:\\\/\\\/www.daco-solutions.com\\\/fr\\\/newsletter\\\/\",\"name\":\"Newsletter - Inscrivez-vous \u00e0 nos derni\u00e8res nouvelles et d\u00e9veloppements - Daco Solutions\",\"isPartOf\":{\"@id\":\"https:\\\/\\\/www.daco-solutions.com\\\/fr\\\/#website\"},\"datePublished\":\"2019-02-22T08:26:47+00:00\",\"dateModified\":\"2024-07-16T11:21:11+00:00\",\"description\":\"Inscrivez-vous \u00e0 notre bulletin \u00e9lectronique pour recevoir toutes les derni\u00e8res nouvelles et d\u00e9veloppements concernant la gamme d'\u00e9quipements de conversion d'\u00e9tiquettes et d'\u00e9tiquettes num\u00e9riques de Daco Solutions.\",\"breadcrumb\":{\"@id\":\"https:\\\/\\\/www.daco-solutions.com\\\/fr\\\/newsletter\\\/#breadcrumb\"},\"inLanguage\":\"fr-FR\",\"potentialAction\":[{\"@type\":\"ReadAction\",\"target\":[\"https:\\\/\\\/www.daco-solutions.com\\\/fr\\\/newsletter\\\/\"]}]},{\"@type\":\"BreadcrumbList\",\"@id\":\"https:\\\/\\\/www.daco-solutions.com\\\/fr\\\/newsletter\\\/#breadcrumb\",\"itemListElement\":[{\"@type\":\"ListItem\",\"position\":1,\"name\":\"Home\",\"item\":\"https:\\\/\\\/www.daco-solutions.com\\\/fr\\\/\"},{\"@type\":\"ListItem\",\"position\":2,\"name\":\"Inscrivez-vous \u00e0 la newsletter mensuelle GRATUITE de Daco Solutions\"}]},{\"@type\":\"WebSite\",\"@id\":\"https:\\\/\\\/www.daco-solutions.com\\\/fr\\\/#website\",\"url\":\"https:\\\/\\\/www.daco-solutions.com\\\/fr\\\/\",\"name\":\"Daco Solutions\",\"description\":\"\u00c9quipement de d\u00e9coupe et fa\u00e7onnage\",\"publisher\":{\"@id\":\"https:\\\/\\\/www.daco-solutions.com\\\/fr\\\/#organization\"},\"potentialAction\":[{\"@type\":\"SearchAction\",\"target\":{\"@type\":\"EntryPoint\",\"urlTemplate\":\"https:\\\/\\\/www.daco-solutions.com\\\/fr\\\/?s={search_term_string}\"},\"query-input\":{\"@type\":\"PropertyValueSpecification\",\"valueRequired\":true,\"valueName\":\"search_term_string\"}}],\"inLanguage\":\"fr-FR\"},{\"@type\":\"Organization\",\"@id\":\"https:\\\/\\\/www.daco-solutions.com\\\/fr\\\/#organization\",\"name\":\"Daco Solutions Ltd\",\"url\":\"https:\\\/\\\/www.daco-solutions.com\\\/fr\\\/\",\"logo\":{\"@type\":\"ImageObject\",\"inLanguage\":\"fr-FR\",\"@id\":\"https:\\\/\\\/www.daco-solutions.com\\\/fr\\\/#\\\/schema\\\/logo\\\/image\\\/\",\"url\":\"https:\\\/\\\/0xrad6.n3cdn1.secureserver.net\\\/wp-content\\\/uploads\\\/2015\\\/07\\\/DacoNewLogo.jpg?time=1716375896\",\"contentUrl\":\"https:\\\/\\\/0xrad6.n3cdn1.secureserver.net\\\/wp-content\\\/uploads\\\/2015\\\/07\\\/DacoNewLogo.jpg?time=1716375896\",\"width\":5467,\"height\":1918,\"caption\":\"Daco Solutions Ltd\"},\"image\":{\"@id\":\"https:\\\/\\\/www.daco-solutions.com\\\/fr\\\/#\\\/schema\\\/logo\\\/image\\\/\"},\"sameAs\":[\"https:\\\/\\\/x.com\\\/DacoSolutions\",\"https:\\\/\\\/www.instagram.com\\\/dacosolutions1\\\/\",\"https:\\\/\\\/www.linkedin.com\\\/in\\\/mark-laurence-bab6492b\\\/\",\"https:\\\/\\\/www.youtube.com\\\/user\\\/DacoSolutions1\"],\"description\":\"Daco Solutions are a UK manufacturer with a range of equipment for the self adhesive label converting industry. The equipment is designed in house, with all parts manufactured in our modern CNC machining facility, with electrical panel building, assembly and testing all performed by Daco.\",\"email\":\"sales@daco-solutions.com\",\"telephone\":\"+ 44 (0)1482 860288\",\"legalName\":\"Daco Solutions Ltd\",\"foundingDate\":\"2001-01-15\"}]}<\/script>\n<!-- \/ Yoast SEO Premium plugin. -->","yoast_head_json":{"title":"Newsletter - Inscrivez-vous \u00e0 nos derni\u00e8res nouvelles et d\u00e9veloppements - Daco Solutions","description":"Inscrivez-vous \u00e0 notre bulletin \u00e9lectronique pour recevoir toutes les derni\u00e8res nouvelles et d\u00e9veloppements concernant la gamme d'\u00e9quipements de conversion d'\u00e9tiquettes et d'\u00e9tiquettes num\u00e9riques de Daco Solutions.","robots":{"index":"index","follow":"follow","max-snippet":"max-snippet:-1","max-image-preview":"max-image-preview:large","max-video-preview":"max-video-preview:-1"},"canonical":"https:\/\/www.daco-solutions.com\/fr\/newsletter\/","og_locale":"fr_FR","og_type":"article","og_title":"Inscrivez-vous \u00e0 la newsletter mensuelle GRATUITE de Daco Solutions","og_description":"Inscrivez-vous \u00e0 notre bulletin \u00e9lectronique pour recevoir toutes les derni\u00e8res nouvelles et d\u00e9veloppements concernant la gamme d'\u00e9quipements de conversion d'\u00e9tiquettes et d'\u00e9tiquettes num\u00e9riques de Daco Solutions.","og_url":"https:\/\/www.daco-solutions.com\/fr\/newsletter\/","og_site_name":"Daco Solutions","article_modified_time":"2024-07-16T11:21:11+00:00","twitter_card":"summary_large_image","twitter_site":"@DacoSolutions","twitter_misc":{"Dur\u00e9e de lecture estim\u00e9e":"1 minute"},"schema":{"@context":"https:\/\/schema.org","@graph":[{"@type":"WebPage","@id":"https:\/\/www.daco-solutions.com\/fr\/newsletter\/","url":"https:\/\/www.daco-solutions.com\/fr\/newsletter\/","name":"Newsletter - Inscrivez-vous \u00e0 nos derni\u00e8res nouvelles et d\u00e9veloppements - Daco Solutions","isPartOf":{"@id":"https:\/\/www.daco-solutions.com\/fr\/#website"},"datePublished":"2019-02-22T08:26:47+00:00","dateModified":"2024-07-16T11:21:11+00:00","description":"Inscrivez-vous \u00e0 notre bulletin \u00e9lectronique pour recevoir toutes les derni\u00e8res nouvelles et d\u00e9veloppements concernant la gamme d'\u00e9quipements de conversion d'\u00e9tiquettes et d'\u00e9tiquettes num\u00e9riques de Daco Solutions.","breadcrumb":{"@id":"https:\/\/www.daco-solutions.com\/fr\/newsletter\/#breadcrumb"},"inLanguage":"fr-FR","potentialAction":[{"@type":"ReadAction","target":["https:\/\/www.daco-solutions.com\/fr\/newsletter\/"]}]},{"@type":"BreadcrumbList","@id":"https:\/\/www.daco-solutions.com\/fr\/newsletter\/#breadcrumb","itemListElement":[{"@type":"ListItem","position":1,"name":"Home","item":"https:\/\/www.daco-solutions.com\/fr\/"},{"@type":"ListItem","position":2,"name":"Inscrivez-vous \u00e0 la newsletter mensuelle GRATUITE de Daco Solutions"}]},{"@type":"WebSite","@id":"https:\/\/www.daco-solutions.com\/fr\/#website","url":"https:\/\/www.daco-solutions.com\/fr\/","name":"Daco Solutions","description":"\u00c9quipement de d\u00e9coupe et fa\u00e7onnage","publisher":{"@id":"https:\/\/www.daco-solutions.com\/fr\/#organization"},"potentialAction":[{"@type":"SearchAction","target":{"@type":"EntryPoint","urlTemplate":"https:\/\/www.daco-solutions.com\/fr\/?s={search_term_string}"},"query-input":{"@type":"PropertyValueSpecification","valueRequired":true,"valueName":"search_term_string"}}],"inLanguage":"fr-FR"},{"@type":"Organization","@id":"https:\/\/www.daco-solutions.com\/fr\/#organization","name":"Daco Solutions Ltd","url":"https:\/\/www.daco-solutions.com\/fr\/","logo":{"@type":"ImageObject","inLanguage":"fr-FR","@id":"https:\/\/www.daco-solutions.com\/fr\/#\/schema\/logo\/image\/","url":"https:\/\/0xrad6.n3cdn1.secureserver.net\/wp-content\/uploads\/2015\/07\/DacoNewLogo.jpg?time=1716375896","contentUrl":"https:\/\/0xrad6.n3cdn1.secureserver.net\/wp-content\/uploads\/2015\/07\/DacoNewLogo.jpg?time=1716375896","width":5467,"height":1918,"caption":"Daco Solutions Ltd"},"image":{"@id":"https:\/\/www.daco-solutions.com\/fr\/#\/schema\/logo\/image\/"},"sameAs":["https:\/\/x.com\/DacoSolutions","https:\/\/www.instagram.com\/dacosolutions1\/","https:\/\/www.linkedin.com\/in\/mark-laurence-bab6492b\/","https:\/\/www.youtube.com\/user\/DacoSolutions1"],"description":"Daco Solutions are a UK manufacturer with a range of equipment for the self adhesive label converting industry. The equipment is designed in house, with all parts manufactured in our modern CNC machining facility, with electrical panel building, assembly and testing all performed by Daco.","email":"sales@daco-solutions.com","telephone":"+ 44 (0)1482 860288","legalName":"Daco Solutions Ltd","foundingDate":"2001-01-15"}]}},"_links":{"self":[{"href":"https:\/\/www.daco-solutions.com\/fr\/wp-json\/wp\/v2\/pages\/12247","targetHints":{"allow":["GET"]}}],"collection":[{"href":"https:\/\/www.daco-solutions.com\/fr\/wp-json\/wp\/v2\/pages"}],"about":[{"href":"https:\/\/www.daco-solutions.com\/fr\/wp-json\/wp\/v2\/types\/page"}],"author":[{"embeddable":true,"href":"https:\/\/www.daco-solutions.com\/fr\/wp-json\/wp\/v2\/users\/6"}],"replies":[{"embeddable":true,"href":"https:\/\/www.daco-solutions.com\/fr\/wp-json\/wp\/v2\/comments?post=12247"}],"version-history":[{"count":1,"href":"https:\/\/www.daco-solutions.com\/fr\/wp-json\/wp\/v2\/pages\/12247\/revisions"}],"predecessor-version":[{"id":18217,"href":"https:\/\/www.daco-solutions.com\/fr\/wp-json\/wp\/v2\/pages\/12247\/revisions\/18217"}],"wp:attachment":[{"href":"https:\/\/www.daco-solutions.com\/fr\/wp-json\/wp\/v2\/media?parent=12247"}],"curies":[{"name":"wp","href":"https:\/\/api.w.org\/{rel}","templated":true}]}}