{"id":3095,"date":"2014-09-09T14:28:52","date_gmt":"2014-09-09T13:28:52","guid":{"rendered":"https:\/\/daco-solutions.com\/automatic-tension-control-2\/"},"modified":"2019-12-16T18:16:25","modified_gmt":"2019-12-16T18:16:25","slug":"control-de-tension-de-cono","status":"publish","type":"page","link":"https:\/\/www.daco-solutions.com\/es\/control-de-tension-de-cono\/","title":{"rendered":"Control de tensi\u00f3n de cono (control de tensi\u00f3n autom\u00e1tico)"},"content":{"rendered":"","protected":false},"excerpt":{"rendered":"","protected":false},"author":6,"featured_media":0,"parent":0,"menu_order":0,"comment_status":"open","ping_status":"open","template":"","meta":{"_acf_changed":false,"footnotes":""},"class_list":["post-3095","page","type-page","status-publish","hentry"],"acf":[],"yoast_head":"<!-- This site is optimized with the Yoast SEO Premium plugin v27.2 (Yoast SEO v27.4) - https:\/\/yoast.com\/product\/yoast-seo-premium-wordpress\/ -->\n<title>Control de tensi\u00f3n de cono | Daco Solutions<\/title>\n<meta name=\"description\" content=\"Control de tensi\u00f3n de cono para bobina desenrollada y para bobina enrollada\" \/>\n<meta name=\"robots\" content=\"index, follow, max-snippet:-1, max-image-preview:large, max-video-preview:-1\" \/>\n<link rel=\"canonical\" href=\"https:\/\/www.daco-solutions.com\/es\/control-de-tension-de-cono\/\" \/>\n<meta property=\"og:locale\" content=\"es_ES\" \/>\n<meta property=\"og:type\" content=\"article\" \/>\n<meta property=\"og:title\" content=\"Control de tensi\u00f3n de cono (control de tensi\u00f3n autom\u00e1tico)\" \/>\n<meta property=\"og:description\" content=\"Control de tensi\u00f3n de cono para bobina desenrollada y para bobina enrollada\" \/>\n<meta property=\"og:url\" content=\"https:\/\/www.daco-solutions.com\/es\/control-de-tension-de-cono\/\" \/>\n<meta property=\"og:site_name\" content=\"Daco Solutions\" \/>\n<meta property=\"article:modified_time\" content=\"2019-12-16T18:16:25+00:00\" \/>\n<meta name=\"twitter:card\" content=\"summary_large_image\" \/>\n<meta name=\"twitter:site\" content=\"@DacoSolutions\" \/>\n<script type=\"application\/ld+json\" class=\"yoast-schema-graph\">{\"@context\":\"https:\\\/\\\/schema.org\",\"@graph\":[{\"@type\":\"WebPage\",\"@id\":\"https:\\\/\\\/www.daco-solutions.com\\\/es\\\/control-de-tension-de-cono\\\/\",\"url\":\"https:\\\/\\\/www.daco-solutions.com\\\/es\\\/control-de-tension-de-cono\\\/\",\"name\":\"Control de tensi\u00f3n de cono | Daco Solutions\",\"isPartOf\":{\"@id\":\"https:\\\/\\\/www.daco-solutions.com\\\/es\\\/#website\"},\"datePublished\":\"2014-09-09T13:28:52+00:00\",\"dateModified\":\"2019-12-16T18:16:25+00:00\",\"description\":\"Control de tensi\u00f3n de cono para bobina desenrollada y para bobina enrollada\",\"breadcrumb\":{\"@id\":\"https:\\\/\\\/www.daco-solutions.com\\\/es\\\/control-de-tension-de-cono\\\/#breadcrumb\"},\"inLanguage\":\"es\",\"potentialAction\":[{\"@type\":\"ReadAction\",\"target\":[\"https:\\\/\\\/www.daco-solutions.com\\\/es\\\/control-de-tension-de-cono\\\/\"]}]},{\"@type\":\"BreadcrumbList\",\"@id\":\"https:\\\/\\\/www.daco-solutions.com\\\/es\\\/control-de-tension-de-cono\\\/#breadcrumb\",\"itemListElement\":[{\"@type\":\"ListItem\",\"position\":1,\"name\":\"Home\",\"item\":\"https:\\\/\\\/www.daco-solutions.com\\\/es\\\/\"},{\"@type\":\"ListItem\",\"position\":2,\"name\":\"Control de tensi\u00f3n de cono (control de tensi\u00f3n autom\u00e1tico)\"}]},{\"@type\":\"WebSite\",\"@id\":\"https:\\\/\\\/www.daco-solutions.com\\\/es\\\/#website\",\"url\":\"https:\\\/\\\/www.daco-solutions.com\\\/es\\\/\",\"name\":\"Daco Solutions\",\"description\":\"Maquinaria de troquelado y cortado\",\"publisher\":{\"@id\":\"https:\\\/\\\/www.daco-solutions.com\\\/es\\\/#organization\"},\"potentialAction\":[{\"@type\":\"SearchAction\",\"target\":{\"@type\":\"EntryPoint\",\"urlTemplate\":\"https:\\\/\\\/www.daco-solutions.com\\\/es\\\/?s={search_term_string}\"},\"query-input\":{\"@type\":\"PropertyValueSpecification\",\"valueRequired\":true,\"valueName\":\"search_term_string\"}}],\"inLanguage\":\"es\"},{\"@type\":\"Organization\",\"@id\":\"https:\\\/\\\/www.daco-solutions.com\\\/es\\\/#organization\",\"name\":\"Daco Solutions Ltd\",\"url\":\"https:\\\/\\\/www.daco-solutions.com\\\/es\\\/\",\"logo\":{\"@type\":\"ImageObject\",\"inLanguage\":\"es\",\"@id\":\"https:\\\/\\\/www.daco-solutions.com\\\/es\\\/#\\\/schema\\\/logo\\\/image\\\/\",\"url\":\"https:\\\/\\\/0xrad6.n3cdn1.secureserver.net\\\/wp-content\\\/uploads\\\/2015\\\/07\\\/DacoNewLogo.jpg?time=1716375896\",\"contentUrl\":\"https:\\\/\\\/0xrad6.n3cdn1.secureserver.net\\\/wp-content\\\/uploads\\\/2015\\\/07\\\/DacoNewLogo.jpg?time=1716375896\",\"width\":5467,\"height\":1918,\"caption\":\"Daco Solutions Ltd\"},\"image\":{\"@id\":\"https:\\\/\\\/www.daco-solutions.com\\\/es\\\/#\\\/schema\\\/logo\\\/image\\\/\"},\"sameAs\":[\"https:\\\/\\\/x.com\\\/DacoSolutions\",\"https:\\\/\\\/www.instagram.com\\\/dacosolutions1\\\/\",\"https:\\\/\\\/www.linkedin.com\\\/in\\\/mark-laurence-bab6492b\\\/\",\"https:\\\/\\\/www.youtube.com\\\/user\\\/DacoSolutions1\"],\"description\":\"Daco Solutions are a UK manufacturer with a range of equipment for the self adhesive label converting industry. The equipment is designed in house, with all parts manufactured in our modern CNC machining facility, with electrical panel building, assembly and testing all performed by Daco.\",\"email\":\"sales@daco-solutions.com\",\"telephone\":\"+ 44 (0)1482 860288\",\"legalName\":\"Daco Solutions Ltd\",\"foundingDate\":\"2001-01-15\"}]}<\/script>\n<!-- \/ Yoast SEO Premium plugin. -->","yoast_head_json":{"title":"Control de tensi\u00f3n de cono | Daco Solutions","description":"Control de tensi\u00f3n de cono para bobina desenrollada y para bobina enrollada","robots":{"index":"index","follow":"follow","max-snippet":"max-snippet:-1","max-image-preview":"max-image-preview:large","max-video-preview":"max-video-preview:-1"},"canonical":"https:\/\/www.daco-solutions.com\/es\/control-de-tension-de-cono\/","og_locale":"es_ES","og_type":"article","og_title":"Control de tensi\u00f3n de cono (control de tensi\u00f3n autom\u00e1tico)","og_description":"Control de tensi\u00f3n de cono para bobina desenrollada y para bobina enrollada","og_url":"https:\/\/www.daco-solutions.com\/es\/control-de-tension-de-cono\/","og_site_name":"Daco Solutions","article_modified_time":"2019-12-16T18:16:25+00:00","twitter_card":"summary_large_image","twitter_site":"@DacoSolutions","schema":{"@context":"https:\/\/schema.org","@graph":[{"@type":"WebPage","@id":"https:\/\/www.daco-solutions.com\/es\/control-de-tension-de-cono\/","url":"https:\/\/www.daco-solutions.com\/es\/control-de-tension-de-cono\/","name":"Control de tensi\u00f3n de cono | Daco Solutions","isPartOf":{"@id":"https:\/\/www.daco-solutions.com\/es\/#website"},"datePublished":"2014-09-09T13:28:52+00:00","dateModified":"2019-12-16T18:16:25+00:00","description":"Control de tensi\u00f3n de cono para bobina desenrollada y para bobina enrollada","breadcrumb":{"@id":"https:\/\/www.daco-solutions.com\/es\/control-de-tension-de-cono\/#breadcrumb"},"inLanguage":"es","potentialAction":[{"@type":"ReadAction","target":["https:\/\/www.daco-solutions.com\/es\/control-de-tension-de-cono\/"]}]},{"@type":"BreadcrumbList","@id":"https:\/\/www.daco-solutions.com\/es\/control-de-tension-de-cono\/#breadcrumb","itemListElement":[{"@type":"ListItem","position":1,"name":"Home","item":"https:\/\/www.daco-solutions.com\/es\/"},{"@type":"ListItem","position":2,"name":"Control de tensi\u00f3n de cono (control de tensi\u00f3n autom\u00e1tico)"}]},{"@type":"WebSite","@id":"https:\/\/www.daco-solutions.com\/es\/#website","url":"https:\/\/www.daco-solutions.com\/es\/","name":"Daco Solutions","description":"Maquinaria de troquelado y cortado","publisher":{"@id":"https:\/\/www.daco-solutions.com\/es\/#organization"},"potentialAction":[{"@type":"SearchAction","target":{"@type":"EntryPoint","urlTemplate":"https:\/\/www.daco-solutions.com\/es\/?s={search_term_string}"},"query-input":{"@type":"PropertyValueSpecification","valueRequired":true,"valueName":"search_term_string"}}],"inLanguage":"es"},{"@type":"Organization","@id":"https:\/\/www.daco-solutions.com\/es\/#organization","name":"Daco Solutions Ltd","url":"https:\/\/www.daco-solutions.com\/es\/","logo":{"@type":"ImageObject","inLanguage":"es","@id":"https:\/\/www.daco-solutions.com\/es\/#\/schema\/logo\/image\/","url":"https:\/\/0xrad6.n3cdn1.secureserver.net\/wp-content\/uploads\/2015\/07\/DacoNewLogo.jpg?time=1716375896","contentUrl":"https:\/\/0xrad6.n3cdn1.secureserver.net\/wp-content\/uploads\/2015\/07\/DacoNewLogo.jpg?time=1716375896","width":5467,"height":1918,"caption":"Daco Solutions Ltd"},"image":{"@id":"https:\/\/www.daco-solutions.com\/es\/#\/schema\/logo\/image\/"},"sameAs":["https:\/\/x.com\/DacoSolutions","https:\/\/www.instagram.com\/dacosolutions1\/","https:\/\/www.linkedin.com\/in\/mark-laurence-bab6492b\/","https:\/\/www.youtube.com\/user\/DacoSolutions1"],"description":"Daco Solutions are a UK manufacturer with a range of equipment for the self adhesive label converting industry. The equipment is designed in house, with all parts manufactured in our modern CNC machining facility, with electrical panel building, assembly and testing all performed by Daco.","email":"sales@daco-solutions.com","telephone":"+ 44 (0)1482 860288","legalName":"Daco Solutions Ltd","foundingDate":"2001-01-15"}]}},"_links":{"self":[{"href":"https:\/\/www.daco-solutions.com\/es\/wp-json\/wp\/v2\/pages\/3095","targetHints":{"allow":["GET"]}}],"collection":[{"href":"https:\/\/www.daco-solutions.com\/es\/wp-json\/wp\/v2\/pages"}],"about":[{"href":"https:\/\/www.daco-solutions.com\/es\/wp-json\/wp\/v2\/types\/page"}],"author":[{"embeddable":true,"href":"https:\/\/www.daco-solutions.com\/es\/wp-json\/wp\/v2\/users\/6"}],"replies":[{"embeddable":true,"href":"https:\/\/www.daco-solutions.com\/es\/wp-json\/wp\/v2\/comments?post=3095"}],"version-history":[{"count":0,"href":"https:\/\/www.daco-solutions.com\/es\/wp-json\/wp\/v2\/pages\/3095\/revisions"}],"wp:attachment":[{"href":"https:\/\/www.daco-solutions.com\/es\/wp-json\/wp\/v2\/media?parent=3095"}],"curies":[{"name":"wp","href":"https:\/\/api.w.org\/{rel}","templated":true}]}}