{"id":3078,"date":"2014-11-03T15:48:13","date_gmt":"2014-11-03T15:48:13","guid":{"rendered":"https:\/\/daco-solutions.com\/rotometrics-hydra-jack-system-2\/"},"modified":"2024-04-10T13:17:08","modified_gmt":"2024-04-10T12:17:08","slug":"hydra-jack-de-rotometrics","status":"publish","type":"page","link":"https:\/\/www.daco-solutions.com\/es\/hydra-jack-de-rotometrics\/","title":{"rendered":"Hydra\u00a0Jack de RotoMetrics"},"content":{"rendered":"","protected":false},"excerpt":{"rendered":"","protected":false},"author":6,"featured_media":11227,"parent":0,"menu_order":0,"comment_status":"open","ping_status":"open","template":"","meta":{"_acf_changed":false,"footnotes":""},"class_list":["post-3078","page","type-page","status-publish","has-post-thumbnail","hentry"],"acf":[],"yoast_head":"<!-- This site is optimized with the Yoast SEO Premium plugin v27.2 (Yoast SEO v27.4) - https:\/\/yoast.com\/product\/yoast-seo-premium-wordpress\/ -->\n<title>Hydra\u00a0Jack de RotoMetrics - Daco Solutions<\/title>\n<meta name=\"description\" content=\"Soportes de troquel hidr\u00e1ulicos RotoMetrics de liberaci\u00f3n r\u00e1pida para una colocaci\u00f3n precisa del troquel rotativo\" \/>\n<meta name=\"robots\" content=\"index, follow, max-snippet:-1, max-image-preview:large, max-video-preview:-1\" \/>\n<link rel=\"canonical\" href=\"https:\/\/www.daco-solutions.com\/es\/hydra-jack-de-rotometrics\/\" \/>\n<meta property=\"og:locale\" content=\"es_ES\" \/>\n<meta property=\"og:type\" content=\"article\" \/>\n<meta property=\"og:title\" content=\"Hydra\u00a0Jack de RotoMetrics\" \/>\n<meta property=\"og:description\" content=\"Soportes de troquel hidr\u00e1ulicos RotoMetrics de liberaci\u00f3n r\u00e1pida para una colocaci\u00f3n precisa del troquel rotativo\" \/>\n<meta property=\"og:url\" content=\"https:\/\/www.daco-solutions.com\/es\/hydra-jack-de-rotometrics\/\" \/>\n<meta property=\"og:site_name\" content=\"Daco Solutions\" \/>\n<meta property=\"article:modified_time\" content=\"2024-04-10T12:17:08+00:00\" \/>\n<meta property=\"og:image\" content=\"https:\/\/www.daco-solutions.com\/wp-content\/uploads\/2016\/08\/RotoMetrics-Hydra-Jacks1.jpg\" \/>\n\t<meta property=\"og:image:width\" content=\"557\" \/>\n\t<meta property=\"og:image:height\" content=\"669\" \/>\n\t<meta property=\"og:image:type\" content=\"image\/jpeg\" \/>\n<meta name=\"twitter:card\" content=\"summary_large_image\" \/>\n<meta name=\"twitter:site\" content=\"@DacoSolutions\" \/>\n<meta name=\"twitter:label1\" content=\"Tiempo de lectura\" \/>\n\t<meta name=\"twitter:data1\" content=\"2 minutos\" \/>\n<script type=\"application\/ld+json\" class=\"yoast-schema-graph\">{\"@context\":\"https:\\\/\\\/schema.org\",\"@graph\":[{\"@type\":\"WebPage\",\"@id\":\"https:\\\/\\\/www.daco-solutions.com\\\/es\\\/hydra-jack-de-rotometrics\\\/\",\"url\":\"https:\\\/\\\/www.daco-solutions.com\\\/es\\\/hydra-jack-de-rotometrics\\\/\",\"name\":\"Hydra\u00a0Jack de RotoMetrics - Daco Solutions\",\"isPartOf\":{\"@id\":\"https:\\\/\\\/www.daco-solutions.com\\\/es\\\/#website\"},\"primaryImageOfPage\":{\"@id\":\"https:\\\/\\\/www.daco-solutions.com\\\/es\\\/hydra-jack-de-rotometrics\\\/#primaryimage\"},\"image\":{\"@id\":\"https:\\\/\\\/www.daco-solutions.com\\\/es\\\/hydra-jack-de-rotometrics\\\/#primaryimage\"},\"thumbnailUrl\":\"https:\\\/\\\/www.daco-solutions.com\\\/wp-content\\\/uploads\\\/2016\\\/08\\\/RotoMetrics-Hydra-Jacks1.jpg\",\"datePublished\":\"2014-11-03T15:48:13+00:00\",\"dateModified\":\"2024-04-10T12:17:08+00:00\",\"description\":\"Soportes de troquel hidr\u00e1ulicos RotoMetrics de liberaci\u00f3n r\u00e1pida para una colocaci\u00f3n precisa del troquel rotativo\",\"breadcrumb\":{\"@id\":\"https:\\\/\\\/www.daco-solutions.com\\\/es\\\/hydra-jack-de-rotometrics\\\/#breadcrumb\"},\"inLanguage\":\"es\",\"potentialAction\":[{\"@type\":\"ReadAction\",\"target\":[\"https:\\\/\\\/www.daco-solutions.com\\\/es\\\/hydra-jack-de-rotometrics\\\/\"]}]},{\"@type\":\"ImageObject\",\"inLanguage\":\"es\",\"@id\":\"https:\\\/\\\/www.daco-solutions.com\\\/es\\\/hydra-jack-de-rotometrics\\\/#primaryimage\",\"url\":\"https:\\\/\\\/www.daco-solutions.com\\\/wp-content\\\/uploads\\\/2016\\\/08\\\/RotoMetrics-Hydra-Jacks1.jpg\",\"contentUrl\":\"https:\\\/\\\/www.daco-solutions.com\\\/wp-content\\\/uploads\\\/2016\\\/08\\\/RotoMetrics-Hydra-Jacks1.jpg\",\"width\":557,\"height\":669,\"caption\":\"RotoMetrics Hydra Jacks fitted to a Daco Solutions rotary die cutter\"},{\"@type\":\"BreadcrumbList\",\"@id\":\"https:\\\/\\\/www.daco-solutions.com\\\/es\\\/hydra-jack-de-rotometrics\\\/#breadcrumb\",\"itemListElement\":[{\"@type\":\"ListItem\",\"position\":1,\"name\":\"Home\",\"item\":\"https:\\\/\\\/www.daco-solutions.com\\\/es\\\/\"},{\"@type\":\"ListItem\",\"position\":2,\"name\":\"Hydra\u00a0Jack de RotoMetrics\"}]},{\"@type\":\"WebSite\",\"@id\":\"https:\\\/\\\/www.daco-solutions.com\\\/es\\\/#website\",\"url\":\"https:\\\/\\\/www.daco-solutions.com\\\/es\\\/\",\"name\":\"Daco Solutions\",\"description\":\"Maquinaria de troquelado y cortado\",\"publisher\":{\"@id\":\"https:\\\/\\\/www.daco-solutions.com\\\/es\\\/#organization\"},\"potentialAction\":[{\"@type\":\"SearchAction\",\"target\":{\"@type\":\"EntryPoint\",\"urlTemplate\":\"https:\\\/\\\/www.daco-solutions.com\\\/es\\\/?s={search_term_string}\"},\"query-input\":{\"@type\":\"PropertyValueSpecification\",\"valueRequired\":true,\"valueName\":\"search_term_string\"}}],\"inLanguage\":\"es\"},{\"@type\":\"Organization\",\"@id\":\"https:\\\/\\\/www.daco-solutions.com\\\/es\\\/#organization\",\"name\":\"Daco Solutions Ltd\",\"url\":\"https:\\\/\\\/www.daco-solutions.com\\\/es\\\/\",\"logo\":{\"@type\":\"ImageObject\",\"inLanguage\":\"es\",\"@id\":\"https:\\\/\\\/www.daco-solutions.com\\\/es\\\/#\\\/schema\\\/logo\\\/image\\\/\",\"url\":\"https:\\\/\\\/0xrad6.n3cdn1.secureserver.net\\\/wp-content\\\/uploads\\\/2015\\\/07\\\/DacoNewLogo.jpg?time=1716375896\",\"contentUrl\":\"https:\\\/\\\/0xrad6.n3cdn1.secureserver.net\\\/wp-content\\\/uploads\\\/2015\\\/07\\\/DacoNewLogo.jpg?time=1716375896\",\"width\":5467,\"height\":1918,\"caption\":\"Daco Solutions Ltd\"},\"image\":{\"@id\":\"https:\\\/\\\/www.daco-solutions.com\\\/es\\\/#\\\/schema\\\/logo\\\/image\\\/\"},\"sameAs\":[\"https:\\\/\\\/x.com\\\/DacoSolutions\",\"https:\\\/\\\/www.instagram.com\\\/dacosolutions1\\\/\",\"https:\\\/\\\/www.linkedin.com\\\/in\\\/mark-laurence-bab6492b\\\/\",\"https:\\\/\\\/www.youtube.com\\\/user\\\/DacoSolutions1\"],\"description\":\"Daco Solutions are a UK manufacturer with a range of equipment for the self adhesive label converting industry. The equipment is designed in house, with all parts manufactured in our modern CNC machining facility, with electrical panel building, assembly and testing all performed by Daco.\",\"email\":\"sales@daco-solutions.com\",\"telephone\":\"+ 44 (0)1482 860288\",\"legalName\":\"Daco Solutions Ltd\",\"foundingDate\":\"2001-01-15\"}]}<\/script>\n<!-- \/ Yoast SEO Premium plugin. -->","yoast_head_json":{"title":"Hydra\u00a0Jack de RotoMetrics - Daco Solutions","description":"Soportes de troquel hidr\u00e1ulicos RotoMetrics de liberaci\u00f3n r\u00e1pida para una colocaci\u00f3n precisa del troquel rotativo","robots":{"index":"index","follow":"follow","max-snippet":"max-snippet:-1","max-image-preview":"max-image-preview:large","max-video-preview":"max-video-preview:-1"},"canonical":"https:\/\/www.daco-solutions.com\/es\/hydra-jack-de-rotometrics\/","og_locale":"es_ES","og_type":"article","og_title":"Hydra\u00a0Jack de RotoMetrics","og_description":"Soportes de troquel hidr\u00e1ulicos RotoMetrics de liberaci\u00f3n r\u00e1pida para una colocaci\u00f3n precisa del troquel rotativo","og_url":"https:\/\/www.daco-solutions.com\/es\/hydra-jack-de-rotometrics\/","og_site_name":"Daco Solutions","article_modified_time":"2024-04-10T12:17:08+00:00","og_image":[{"width":557,"height":669,"url":"https:\/\/www.daco-solutions.com\/wp-content\/uploads\/2016\/08\/RotoMetrics-Hydra-Jacks1.jpg","type":"image\/jpeg"}],"twitter_card":"summary_large_image","twitter_site":"@DacoSolutions","twitter_misc":{"Tiempo de lectura":"2 minutos"},"schema":{"@context":"https:\/\/schema.org","@graph":[{"@type":"WebPage","@id":"https:\/\/www.daco-solutions.com\/es\/hydra-jack-de-rotometrics\/","url":"https:\/\/www.daco-solutions.com\/es\/hydra-jack-de-rotometrics\/","name":"Hydra\u00a0Jack de RotoMetrics - Daco Solutions","isPartOf":{"@id":"https:\/\/www.daco-solutions.com\/es\/#website"},"primaryImageOfPage":{"@id":"https:\/\/www.daco-solutions.com\/es\/hydra-jack-de-rotometrics\/#primaryimage"},"image":{"@id":"https:\/\/www.daco-solutions.com\/es\/hydra-jack-de-rotometrics\/#primaryimage"},"thumbnailUrl":"https:\/\/www.daco-solutions.com\/wp-content\/uploads\/2016\/08\/RotoMetrics-Hydra-Jacks1.jpg","datePublished":"2014-11-03T15:48:13+00:00","dateModified":"2024-04-10T12:17:08+00:00","description":"Soportes de troquel hidr\u00e1ulicos RotoMetrics de liberaci\u00f3n r\u00e1pida para una colocaci\u00f3n precisa del troquel rotativo","breadcrumb":{"@id":"https:\/\/www.daco-solutions.com\/es\/hydra-jack-de-rotometrics\/#breadcrumb"},"inLanguage":"es","potentialAction":[{"@type":"ReadAction","target":["https:\/\/www.daco-solutions.com\/es\/hydra-jack-de-rotometrics\/"]}]},{"@type":"ImageObject","inLanguage":"es","@id":"https:\/\/www.daco-solutions.com\/es\/hydra-jack-de-rotometrics\/#primaryimage","url":"https:\/\/www.daco-solutions.com\/wp-content\/uploads\/2016\/08\/RotoMetrics-Hydra-Jacks1.jpg","contentUrl":"https:\/\/www.daco-solutions.com\/wp-content\/uploads\/2016\/08\/RotoMetrics-Hydra-Jacks1.jpg","width":557,"height":669,"caption":"RotoMetrics Hydra Jacks fitted to a Daco Solutions rotary die cutter"},{"@type":"BreadcrumbList","@id":"https:\/\/www.daco-solutions.com\/es\/hydra-jack-de-rotometrics\/#breadcrumb","itemListElement":[{"@type":"ListItem","position":1,"name":"Home","item":"https:\/\/www.daco-solutions.com\/es\/"},{"@type":"ListItem","position":2,"name":"Hydra\u00a0Jack de RotoMetrics"}]},{"@type":"WebSite","@id":"https:\/\/www.daco-solutions.com\/es\/#website","url":"https:\/\/www.daco-solutions.com\/es\/","name":"Daco Solutions","description":"Maquinaria de troquelado y cortado","publisher":{"@id":"https:\/\/www.daco-solutions.com\/es\/#organization"},"potentialAction":[{"@type":"SearchAction","target":{"@type":"EntryPoint","urlTemplate":"https:\/\/www.daco-solutions.com\/es\/?s={search_term_string}"},"query-input":{"@type":"PropertyValueSpecification","valueRequired":true,"valueName":"search_term_string"}}],"inLanguage":"es"},{"@type":"Organization","@id":"https:\/\/www.daco-solutions.com\/es\/#organization","name":"Daco Solutions Ltd","url":"https:\/\/www.daco-solutions.com\/es\/","logo":{"@type":"ImageObject","inLanguage":"es","@id":"https:\/\/www.daco-solutions.com\/es\/#\/schema\/logo\/image\/","url":"https:\/\/0xrad6.n3cdn1.secureserver.net\/wp-content\/uploads\/2015\/07\/DacoNewLogo.jpg?time=1716375896","contentUrl":"https:\/\/0xrad6.n3cdn1.secureserver.net\/wp-content\/uploads\/2015\/07\/DacoNewLogo.jpg?time=1716375896","width":5467,"height":1918,"caption":"Daco Solutions Ltd"},"image":{"@id":"https:\/\/www.daco-solutions.com\/es\/#\/schema\/logo\/image\/"},"sameAs":["https:\/\/x.com\/DacoSolutions","https:\/\/www.instagram.com\/dacosolutions1\/","https:\/\/www.linkedin.com\/in\/mark-laurence-bab6492b\/","https:\/\/www.youtube.com\/user\/DacoSolutions1"],"description":"Daco Solutions are a UK manufacturer with a range of equipment for the self adhesive label converting industry. The equipment is designed in house, with all parts manufactured in our modern CNC machining facility, with electrical panel building, assembly and testing all performed by Daco.","email":"sales@daco-solutions.com","telephone":"+ 44 (0)1482 860288","legalName":"Daco Solutions Ltd","foundingDate":"2001-01-15"}]}},"_links":{"self":[{"href":"https:\/\/www.daco-solutions.com\/es\/wp-json\/wp\/v2\/pages\/3078","targetHints":{"allow":["GET"]}}],"collection":[{"href":"https:\/\/www.daco-solutions.com\/es\/wp-json\/wp\/v2\/pages"}],"about":[{"href":"https:\/\/www.daco-solutions.com\/es\/wp-json\/wp\/v2\/types\/page"}],"author":[{"embeddable":true,"href":"https:\/\/www.daco-solutions.com\/es\/wp-json\/wp\/v2\/users\/6"}],"replies":[{"embeddable":true,"href":"https:\/\/www.daco-solutions.com\/es\/wp-json\/wp\/v2\/comments?post=3078"}],"version-history":[{"count":5,"href":"https:\/\/www.daco-solutions.com\/es\/wp-json\/wp\/v2\/pages\/3078\/revisions"}],"predecessor-version":[{"id":17469,"href":"https:\/\/www.daco-solutions.com\/es\/wp-json\/wp\/v2\/pages\/3078\/revisions\/17469"}],"wp:featuredmedia":[{"embeddable":true,"href":"https:\/\/www.daco-solutions.com\/es\/wp-json\/wp\/v2\/media\/11227"}],"wp:attachment":[{"href":"https:\/\/www.daco-solutions.com\/es\/wp-json\/wp\/v2\/media?parent=3078"}],"curies":[{"name":"wp","href":"https:\/\/api.w.org\/{rel}","templated":true}]}}