{"id":1564,"date":"2014-08-18T10:59:24","date_gmt":"2014-08-18T09:59:24","guid":{"rendered":"http:\/\/www.web-translations.co.uk\/clients\/daco\/agents-required-2\/"},"modified":"2024-07-10T10:41:12","modified_gmt":"2024-07-10T09:41:12","slug":"se-necesitan-agentes","status":"publish","type":"page","link":"https:\/\/www.daco-solutions.com\/es\/se-necesitan-agentes\/","title":{"rendered":"Se necesitan representantes"},"content":{"rendered":"<p>Daco Solutions est\u00e1 tratando de crear una fuerte presencia internacional en los mercados existentes y en desarrollo de todo el mundo.<\/p>\n<p>Como l\u00edder en la fabricaci\u00f3n de innovadoras cortadoras-rebobinadoras, troqueladoras rotativas y rebobinadoras de revolver, queremos promover nuestra amplia cartera de equipos para la industria de banda estrecha y de conversi\u00f3n de etiquetas.<\/p>\n<p>Por este motivo, nos gustar\u00eda trabajar con los socios, agentes y distribuidores que compartan nuestros valores. Si se compromete en ofrecer un servicio excelente y le gustar\u00eda formar parte de nuestro equipo internacional, p\u00f3ngase en contacto con Mark Laurence en <a href=\"mailto:mark@daco-solutions.com\">mark@daco-solutions.com<\/a><\/p>\n","protected":false},"excerpt":{"rendered":"<p>Daco Solutions est\u00e1 tratando de crear una fuerte presencia internacional en los mercados existentes y en desarrollo de todo el mundo. Como l\u00edder en la fabricaci\u00f3n de innovadoras cortadoras-rebobinadoras, troqueladoras rotativas y rebobinadoras de revolver, queremos promover nuestra amplia cartera de equipos para la industria de banda estrecha y de conversi\u00f3n de etiquetas. Por este [&hellip;]<\/p>\n","protected":false},"author":6,"featured_media":0,"parent":0,"menu_order":0,"comment_status":"closed","ping_status":"closed","template":"","meta":{"_acf_changed":false,"footnotes":""},"class_list":["post-1564","page","type-page","status-publish","hentry"],"acf":[],"yoast_head":"<!-- This site is optimized with the Yoast SEO Premium plugin v27.4 (Yoast SEO v27.5) - https:\/\/yoast.com\/product\/yoast-seo-premium-wordpress\/ -->\n<title>Se necesitan representantes - Equipos de conversi\u00f3n de etiquetas - Daco Solutions<\/title>\n<meta name=\"description\" content=\"Daco Solutions - fabricante brit\u00e1nico de equipos de conversi\u00f3n de etiquetas incluyendo troqueladoras rotativas y rebobinadoras de torre. Cont\u00e1ctenos para convertirse en representante.\" \/>\n<meta name=\"robots\" content=\"index, follow, max-snippet:-1, max-image-preview:large, max-video-preview:-1\" \/>\n<link rel=\"canonical\" href=\"https:\/\/www.daco-solutions.com\/es\/se-necesitan-agentes\/\" \/>\n<meta property=\"og:locale\" content=\"es_ES\" \/>\n<meta property=\"og:type\" content=\"article\" \/>\n<meta property=\"og:title\" content=\"Se necesitan representantes\" \/>\n<meta property=\"og:description\" content=\"Daco Solutions - fabricante brit\u00e1nico de equipos de conversi\u00f3n de etiquetas incluyendo troqueladoras rotativas y rebobinadoras de torre. Cont\u00e1ctenos para convertirse en representante.\" \/>\n<meta property=\"og:url\" content=\"https:\/\/www.daco-solutions.com\/es\/se-necesitan-agentes\/\" \/>\n<meta property=\"og:site_name\" content=\"Daco Solutions\" \/>\n<meta property=\"article:modified_time\" content=\"2024-07-10T09:41:12+00:00\" \/>\n<meta name=\"twitter:card\" content=\"summary_large_image\" \/>\n<meta name=\"twitter:site\" content=\"@DacoSolutions\" \/>\n<meta name=\"twitter:label1\" content=\"Tiempo de lectura\" \/>\n\t<meta name=\"twitter:data1\" content=\"2 minutos\" \/>\n<script type=\"application\/ld+json\" class=\"yoast-schema-graph\">{\"@context\":\"https:\\\/\\\/schema.org\",\"@graph\":[{\"@type\":\"WebPage\",\"@id\":\"https:\\\/\\\/www.daco-solutions.com\\\/es\\\/se-necesitan-agentes\\\/\",\"url\":\"https:\\\/\\\/www.daco-solutions.com\\\/es\\\/se-necesitan-agentes\\\/\",\"name\":\"Se necesitan representantes - Equipos de conversi\u00f3n de etiquetas - Daco Solutions\",\"isPartOf\":{\"@id\":\"https:\\\/\\\/www.daco-solutions.com\\\/es\\\/#website\"},\"datePublished\":\"2014-08-18T09:59:24+00:00\",\"dateModified\":\"2024-07-10T09:41:12+00:00\",\"description\":\"Daco Solutions - fabricante brit\u00e1nico de equipos de conversi\u00f3n de etiquetas incluyendo troqueladoras rotativas y rebobinadoras de torre. Cont\u00e1ctenos para convertirse en representante.\",\"breadcrumb\":{\"@id\":\"https:\\\/\\\/www.daco-solutions.com\\\/es\\\/se-necesitan-agentes\\\/#breadcrumb\"},\"inLanguage\":\"es\",\"potentialAction\":[{\"@type\":\"ReadAction\",\"target\":[\"https:\\\/\\\/www.daco-solutions.com\\\/es\\\/se-necesitan-agentes\\\/\"]}]},{\"@type\":\"BreadcrumbList\",\"@id\":\"https:\\\/\\\/www.daco-solutions.com\\\/es\\\/se-necesitan-agentes\\\/#breadcrumb\",\"itemListElement\":[{\"@type\":\"ListItem\",\"position\":1,\"name\":\"Home\",\"item\":\"https:\\\/\\\/www.daco-solutions.com\\\/es\\\/\"},{\"@type\":\"ListItem\",\"position\":2,\"name\":\"Se necesitan representantes\"}]},{\"@type\":\"WebSite\",\"@id\":\"https:\\\/\\\/www.daco-solutions.com\\\/es\\\/#website\",\"url\":\"https:\\\/\\\/www.daco-solutions.com\\\/es\\\/\",\"name\":\"Daco Solutions\",\"description\":\"Maquinaria de troquelado y cortado\",\"publisher\":{\"@id\":\"https:\\\/\\\/www.daco-solutions.com\\\/es\\\/#organization\"},\"potentialAction\":[{\"@type\":\"SearchAction\",\"target\":{\"@type\":\"EntryPoint\",\"urlTemplate\":\"https:\\\/\\\/www.daco-solutions.com\\\/es\\\/?s={search_term_string}\"},\"query-input\":{\"@type\":\"PropertyValueSpecification\",\"valueRequired\":true,\"valueName\":\"search_term_string\"}}],\"inLanguage\":\"es\"},{\"@type\":\"Organization\",\"@id\":\"https:\\\/\\\/www.daco-solutions.com\\\/es\\\/#organization\",\"name\":\"Daco Solutions Ltd\",\"url\":\"https:\\\/\\\/www.daco-solutions.com\\\/es\\\/\",\"logo\":{\"@type\":\"ImageObject\",\"inLanguage\":\"es\",\"@id\":\"https:\\\/\\\/www.daco-solutions.com\\\/es\\\/#\\\/schema\\\/logo\\\/image\\\/\",\"url\":\"https:\\\/\\\/0xrad6.n3cdn1.secureserver.net\\\/wp-content\\\/uploads\\\/2015\\\/07\\\/DacoNewLogo.jpg?time=1716375896\",\"contentUrl\":\"https:\\\/\\\/0xrad6.n3cdn1.secureserver.net\\\/wp-content\\\/uploads\\\/2015\\\/07\\\/DacoNewLogo.jpg?time=1716375896\",\"width\":5467,\"height\":1918,\"caption\":\"Daco Solutions Ltd\"},\"image\":{\"@id\":\"https:\\\/\\\/www.daco-solutions.com\\\/es\\\/#\\\/schema\\\/logo\\\/image\\\/\"},\"sameAs\":[\"https:\\\/\\\/x.com\\\/DacoSolutions\",\"https:\\\/\\\/www.instagram.com\\\/dacosolutions1\\\/\",\"https:\\\/\\\/www.linkedin.com\\\/in\\\/mark-laurence-bab6492b\\\/\",\"https:\\\/\\\/www.youtube.com\\\/user\\\/DacoSolutions1\"],\"description\":\"Daco Solutions are a UK manufacturer with a range of equipment for the self adhesive label converting industry. The equipment is designed in house, with all parts manufactured in our modern CNC machining facility, with electrical panel building, assembly and testing all performed by Daco.\",\"email\":\"sales@daco-solutions.com\",\"telephone\":\"+ 44 (0)1482 860288\",\"legalName\":\"Daco Solutions Ltd\",\"foundingDate\":\"2001-01-15\"}]}<\/script>\n<!-- \/ Yoast SEO Premium plugin. -->","yoast_head_json":{"title":"Se necesitan representantes - Equipos de conversi\u00f3n de etiquetas - Daco Solutions","description":"Daco Solutions - fabricante brit\u00e1nico de equipos de conversi\u00f3n de etiquetas incluyendo troqueladoras rotativas y rebobinadoras de torre. Cont\u00e1ctenos para convertirse en representante.","robots":{"index":"index","follow":"follow","max-snippet":"max-snippet:-1","max-image-preview":"max-image-preview:large","max-video-preview":"max-video-preview:-1"},"canonical":"https:\/\/www.daco-solutions.com\/es\/se-necesitan-agentes\/","og_locale":"es_ES","og_type":"article","og_title":"Se necesitan representantes","og_description":"Daco Solutions - fabricante brit\u00e1nico de equipos de conversi\u00f3n de etiquetas incluyendo troqueladoras rotativas y rebobinadoras de torre. Cont\u00e1ctenos para convertirse en representante.","og_url":"https:\/\/www.daco-solutions.com\/es\/se-necesitan-agentes\/","og_site_name":"Daco Solutions","article_modified_time":"2024-07-10T09:41:12+00:00","twitter_card":"summary_large_image","twitter_site":"@DacoSolutions","twitter_misc":{"Tiempo de lectura":"2 minutos"},"schema":{"@context":"https:\/\/schema.org","@graph":[{"@type":"WebPage","@id":"https:\/\/www.daco-solutions.com\/es\/se-necesitan-agentes\/","url":"https:\/\/www.daco-solutions.com\/es\/se-necesitan-agentes\/","name":"Se necesitan representantes - Equipos de conversi\u00f3n de etiquetas - Daco Solutions","isPartOf":{"@id":"https:\/\/www.daco-solutions.com\/es\/#website"},"datePublished":"2014-08-18T09:59:24+00:00","dateModified":"2024-07-10T09:41:12+00:00","description":"Daco Solutions - fabricante brit\u00e1nico de equipos de conversi\u00f3n de etiquetas incluyendo troqueladoras rotativas y rebobinadoras de torre. Cont\u00e1ctenos para convertirse en representante.","breadcrumb":{"@id":"https:\/\/www.daco-solutions.com\/es\/se-necesitan-agentes\/#breadcrumb"},"inLanguage":"es","potentialAction":[{"@type":"ReadAction","target":["https:\/\/www.daco-solutions.com\/es\/se-necesitan-agentes\/"]}]},{"@type":"BreadcrumbList","@id":"https:\/\/www.daco-solutions.com\/es\/se-necesitan-agentes\/#breadcrumb","itemListElement":[{"@type":"ListItem","position":1,"name":"Home","item":"https:\/\/www.daco-solutions.com\/es\/"},{"@type":"ListItem","position":2,"name":"Se necesitan representantes"}]},{"@type":"WebSite","@id":"https:\/\/www.daco-solutions.com\/es\/#website","url":"https:\/\/www.daco-solutions.com\/es\/","name":"Daco Solutions","description":"Maquinaria de troquelado y cortado","publisher":{"@id":"https:\/\/www.daco-solutions.com\/es\/#organization"},"potentialAction":[{"@type":"SearchAction","target":{"@type":"EntryPoint","urlTemplate":"https:\/\/www.daco-solutions.com\/es\/?s={search_term_string}"},"query-input":{"@type":"PropertyValueSpecification","valueRequired":true,"valueName":"search_term_string"}}],"inLanguage":"es"},{"@type":"Organization","@id":"https:\/\/www.daco-solutions.com\/es\/#organization","name":"Daco Solutions Ltd","url":"https:\/\/www.daco-solutions.com\/es\/","logo":{"@type":"ImageObject","inLanguage":"es","@id":"https:\/\/www.daco-solutions.com\/es\/#\/schema\/logo\/image\/","url":"https:\/\/0xrad6.n3cdn1.secureserver.net\/wp-content\/uploads\/2015\/07\/DacoNewLogo.jpg?time=1716375896","contentUrl":"https:\/\/0xrad6.n3cdn1.secureserver.net\/wp-content\/uploads\/2015\/07\/DacoNewLogo.jpg?time=1716375896","width":5467,"height":1918,"caption":"Daco Solutions Ltd"},"image":{"@id":"https:\/\/www.daco-solutions.com\/es\/#\/schema\/logo\/image\/"},"sameAs":["https:\/\/x.com\/DacoSolutions","https:\/\/www.instagram.com\/dacosolutions1\/","https:\/\/www.linkedin.com\/in\/mark-laurence-bab6492b\/","https:\/\/www.youtube.com\/user\/DacoSolutions1"],"description":"Daco Solutions are a UK manufacturer with a range of equipment for the self adhesive label converting industry. The equipment is designed in house, with all parts manufactured in our modern CNC machining facility, with electrical panel building, assembly and testing all performed by Daco.","email":"sales@daco-solutions.com","telephone":"+ 44 (0)1482 860288","legalName":"Daco Solutions Ltd","foundingDate":"2001-01-15"}]}},"_links":{"self":[{"href":"https:\/\/www.daco-solutions.com\/es\/wp-json\/wp\/v2\/pages\/1564","targetHints":{"allow":["GET"]}}],"collection":[{"href":"https:\/\/www.daco-solutions.com\/es\/wp-json\/wp\/v2\/pages"}],"about":[{"href":"https:\/\/www.daco-solutions.com\/es\/wp-json\/wp\/v2\/types\/page"}],"author":[{"embeddable":true,"href":"https:\/\/www.daco-solutions.com\/es\/wp-json\/wp\/v2\/users\/6"}],"replies":[{"embeddable":true,"href":"https:\/\/www.daco-solutions.com\/es\/wp-json\/wp\/v2\/comments?post=1564"}],"version-history":[{"count":1,"href":"https:\/\/www.daco-solutions.com\/es\/wp-json\/wp\/v2\/pages\/1564\/revisions"}],"predecessor-version":[{"id":18191,"href":"https:\/\/www.daco-solutions.com\/es\/wp-json\/wp\/v2\/pages\/1564\/revisions\/18191"}],"wp:attachment":[{"href":"https:\/\/www.daco-solutions.com\/es\/wp-json\/wp\/v2\/media?parent=1564"}],"curies":[{"name":"wp","href":"https:\/\/api.w.org\/{rel}","templated":true}]}}