{"id":3071,"date":"2014-11-03T15:40:47","date_gmt":"2014-11-03T15:40:47","guid":{"rendered":"https:\/\/daco-solutions.com\/marqueur-daco-dbs-2\/"},"modified":"2024-05-29T12:28:05","modified_gmt":"2024-05-29T11:28:05","slug":"daco-dbs-ruckseitenritzwerk","status":"publish","type":"page","link":"https:\/\/www.daco-solutions.com\/de\/daco-dbs-ruckseitenritzwerk\/","title":{"rendered":"Daco DBS R\u00fcckseitenritzwerk"},"content":{"rendered":"","protected":false},"excerpt":{"rendered":"","protected":false},"author":6,"featured_media":0,"parent":0,"menu_order":0,"comment_status":"open","ping_status":"open","template":"","meta":{"_acf_changed":false,"footnotes":""},"class_list":["post-3071","page","type-page","status-publish","hentry"],"acf":[],"yoast_head":"<!-- This site is optimized with the Yoast SEO Premium plugin v27.4 (Yoast SEO v27.5) - https:\/\/yoast.com\/product\/yoast-seo-premium-wordpress\/ -->\n<title>Daco DBS R\u00fcckseitenritzwerk - Daco Solutions<\/title>\n<meta name=\"description\" content=\"Daco DBS R\u00fcckseitenritzwerk - Erm\u00f6glicht das Aufwickeln des Randbeschnitts mit dem Gitterpapierabzug\" \/>\n<meta name=\"robots\" content=\"index, follow, max-snippet:-1, max-image-preview:large, max-video-preview:-1\" \/>\n<link rel=\"canonical\" href=\"https:\/\/www.daco-solutions.com\/de\/daco-dbs-ruckseitenritzwerk\/\" \/>\n<meta property=\"og:locale\" content=\"de_DE\" \/>\n<meta property=\"og:type\" content=\"article\" \/>\n<meta property=\"og:title\" content=\"Daco DBS R\u00fcckseitenritzwerk\" \/>\n<meta property=\"og:description\" content=\"Daco DBS R\u00fcckseitenritzwerk - Erm\u00f6glicht das Aufwickeln des Randbeschnitts mit dem Gitterpapierabzug\" \/>\n<meta property=\"og:url\" content=\"https:\/\/www.daco-solutions.com\/de\/daco-dbs-ruckseitenritzwerk\/\" \/>\n<meta property=\"og:site_name\" content=\"Daco Solutions\" \/>\n<meta property=\"article:modified_time\" content=\"2024-05-29T11:28:05+00:00\" \/>\n<meta name=\"twitter:card\" content=\"summary_large_image\" \/>\n<meta name=\"twitter:site\" content=\"@DacoSolutions\" \/>\n<meta name=\"twitter:label1\" content=\"Gesch\u00e4tzte Lesezeit\" \/>\n\t<meta name=\"twitter:data1\" content=\"1\u00a0Minute\" \/>\n<script type=\"application\/ld+json\" class=\"yoast-schema-graph\">{\"@context\":\"https:\\\/\\\/schema.org\",\"@graph\":[{\"@type\":\"WebPage\",\"@id\":\"https:\\\/\\\/www.daco-solutions.com\\\/de\\\/daco-dbs-ruckseitenritzwerk\\\/\",\"url\":\"https:\\\/\\\/www.daco-solutions.com\\\/de\\\/daco-dbs-ruckseitenritzwerk\\\/\",\"name\":\"Daco DBS R\u00fcckseitenritzwerk - Daco Solutions\",\"isPartOf\":{\"@id\":\"https:\\\/\\\/www.daco-solutions.com\\\/de\\\/#website\"},\"datePublished\":\"2014-11-03T15:40:47+00:00\",\"dateModified\":\"2024-05-29T11:28:05+00:00\",\"description\":\"Daco DBS R\u00fcckseitenritzwerk - Erm\u00f6glicht das Aufwickeln des Randbeschnitts mit dem Gitterpapierabzug\",\"breadcrumb\":{\"@id\":\"https:\\\/\\\/www.daco-solutions.com\\\/de\\\/daco-dbs-ruckseitenritzwerk\\\/#breadcrumb\"},\"inLanguage\":\"de\",\"potentialAction\":[{\"@type\":\"ReadAction\",\"target\":[\"https:\\\/\\\/www.daco-solutions.com\\\/de\\\/daco-dbs-ruckseitenritzwerk\\\/\"]}]},{\"@type\":\"BreadcrumbList\",\"@id\":\"https:\\\/\\\/www.daco-solutions.com\\\/de\\\/daco-dbs-ruckseitenritzwerk\\\/#breadcrumb\",\"itemListElement\":[{\"@type\":\"ListItem\",\"position\":1,\"name\":\"Home\",\"item\":\"https:\\\/\\\/www.daco-solutions.com\\\/de\\\/\"},{\"@type\":\"ListItem\",\"position\":2,\"name\":\"Daco DBS R\u00fcckseitenritzwerk\"}]},{\"@type\":\"WebSite\",\"@id\":\"https:\\\/\\\/www.daco-solutions.com\\\/de\\\/#website\",\"url\":\"https:\\\/\\\/www.daco-solutions.com\\\/de\\\/\",\"name\":\"Daco Solutions\",\"description\":\"Stanz- und Schneidemaschinen\",\"publisher\":{\"@id\":\"https:\\\/\\\/www.daco-solutions.com\\\/de\\\/#organization\"},\"potentialAction\":[{\"@type\":\"SearchAction\",\"target\":{\"@type\":\"EntryPoint\",\"urlTemplate\":\"https:\\\/\\\/www.daco-solutions.com\\\/de\\\/?s={search_term_string}\"},\"query-input\":{\"@type\":\"PropertyValueSpecification\",\"valueRequired\":true,\"valueName\":\"search_term_string\"}}],\"inLanguage\":\"de\"},{\"@type\":\"Organization\",\"@id\":\"https:\\\/\\\/www.daco-solutions.com\\\/de\\\/#organization\",\"name\":\"Daco Solutions Ltd\",\"url\":\"https:\\\/\\\/www.daco-solutions.com\\\/de\\\/\",\"logo\":{\"@type\":\"ImageObject\",\"inLanguage\":\"de\",\"@id\":\"https:\\\/\\\/www.daco-solutions.com\\\/de\\\/#\\\/schema\\\/logo\\\/image\\\/\",\"url\":\"https:\\\/\\\/0xrad6.n3cdn1.secureserver.net\\\/wp-content\\\/uploads\\\/2015\\\/07\\\/DacoNewLogo.jpg?time=1716375896\",\"contentUrl\":\"https:\\\/\\\/0xrad6.n3cdn1.secureserver.net\\\/wp-content\\\/uploads\\\/2015\\\/07\\\/DacoNewLogo.jpg?time=1716375896\",\"width\":5467,\"height\":1918,\"caption\":\"Daco Solutions Ltd\"},\"image\":{\"@id\":\"https:\\\/\\\/www.daco-solutions.com\\\/de\\\/#\\\/schema\\\/logo\\\/image\\\/\"},\"sameAs\":[\"https:\\\/\\\/x.com\\\/DacoSolutions\",\"https:\\\/\\\/www.instagram.com\\\/dacosolutions1\\\/\",\"https:\\\/\\\/www.linkedin.com\\\/in\\\/mark-laurence-bab6492b\\\/\",\"https:\\\/\\\/www.youtube.com\\\/user\\\/DacoSolutions1\"],\"description\":\"Daco Solutions are a UK manufacturer with a range of equipment for the self adhesive label converting industry. The equipment is designed in house, with all parts manufactured in our modern CNC machining facility, with electrical panel building, assembly and testing all performed by Daco.\",\"email\":\"sales@daco-solutions.com\",\"telephone\":\"+ 44 (0)1482 860288\",\"legalName\":\"Daco Solutions Ltd\",\"foundingDate\":\"2001-01-15\"}]}<\/script>\n<!-- \/ Yoast SEO Premium plugin. -->","yoast_head_json":{"title":"Daco DBS R\u00fcckseitenritzwerk - Daco Solutions","description":"Daco DBS R\u00fcckseitenritzwerk - Erm\u00f6glicht das Aufwickeln des Randbeschnitts mit dem Gitterpapierabzug","robots":{"index":"index","follow":"follow","max-snippet":"max-snippet:-1","max-image-preview":"max-image-preview:large","max-video-preview":"max-video-preview:-1"},"canonical":"https:\/\/www.daco-solutions.com\/de\/daco-dbs-ruckseitenritzwerk\/","og_locale":"de_DE","og_type":"article","og_title":"Daco DBS R\u00fcckseitenritzwerk","og_description":"Daco DBS R\u00fcckseitenritzwerk - Erm\u00f6glicht das Aufwickeln des Randbeschnitts mit dem Gitterpapierabzug","og_url":"https:\/\/www.daco-solutions.com\/de\/daco-dbs-ruckseitenritzwerk\/","og_site_name":"Daco Solutions","article_modified_time":"2024-05-29T11:28:05+00:00","twitter_card":"summary_large_image","twitter_site":"@DacoSolutions","twitter_misc":{"Gesch\u00e4tzte Lesezeit":"1\u00a0Minute"},"schema":{"@context":"https:\/\/schema.org","@graph":[{"@type":"WebPage","@id":"https:\/\/www.daco-solutions.com\/de\/daco-dbs-ruckseitenritzwerk\/","url":"https:\/\/www.daco-solutions.com\/de\/daco-dbs-ruckseitenritzwerk\/","name":"Daco DBS R\u00fcckseitenritzwerk - Daco Solutions","isPartOf":{"@id":"https:\/\/www.daco-solutions.com\/de\/#website"},"datePublished":"2014-11-03T15:40:47+00:00","dateModified":"2024-05-29T11:28:05+00:00","description":"Daco DBS R\u00fcckseitenritzwerk - Erm\u00f6glicht das Aufwickeln des Randbeschnitts mit dem Gitterpapierabzug","breadcrumb":{"@id":"https:\/\/www.daco-solutions.com\/de\/daco-dbs-ruckseitenritzwerk\/#breadcrumb"},"inLanguage":"de","potentialAction":[{"@type":"ReadAction","target":["https:\/\/www.daco-solutions.com\/de\/daco-dbs-ruckseitenritzwerk\/"]}]},{"@type":"BreadcrumbList","@id":"https:\/\/www.daco-solutions.com\/de\/daco-dbs-ruckseitenritzwerk\/#breadcrumb","itemListElement":[{"@type":"ListItem","position":1,"name":"Home","item":"https:\/\/www.daco-solutions.com\/de\/"},{"@type":"ListItem","position":2,"name":"Daco DBS R\u00fcckseitenritzwerk"}]},{"@type":"WebSite","@id":"https:\/\/www.daco-solutions.com\/de\/#website","url":"https:\/\/www.daco-solutions.com\/de\/","name":"Daco Solutions","description":"Stanz- und Schneidemaschinen","publisher":{"@id":"https:\/\/www.daco-solutions.com\/de\/#organization"},"potentialAction":[{"@type":"SearchAction","target":{"@type":"EntryPoint","urlTemplate":"https:\/\/www.daco-solutions.com\/de\/?s={search_term_string}"},"query-input":{"@type":"PropertyValueSpecification","valueRequired":true,"valueName":"search_term_string"}}],"inLanguage":"de"},{"@type":"Organization","@id":"https:\/\/www.daco-solutions.com\/de\/#organization","name":"Daco Solutions Ltd","url":"https:\/\/www.daco-solutions.com\/de\/","logo":{"@type":"ImageObject","inLanguage":"de","@id":"https:\/\/www.daco-solutions.com\/de\/#\/schema\/logo\/image\/","url":"https:\/\/0xrad6.n3cdn1.secureserver.net\/wp-content\/uploads\/2015\/07\/DacoNewLogo.jpg?time=1716375896","contentUrl":"https:\/\/0xrad6.n3cdn1.secureserver.net\/wp-content\/uploads\/2015\/07\/DacoNewLogo.jpg?time=1716375896","width":5467,"height":1918,"caption":"Daco Solutions Ltd"},"image":{"@id":"https:\/\/www.daco-solutions.com\/de\/#\/schema\/logo\/image\/"},"sameAs":["https:\/\/x.com\/DacoSolutions","https:\/\/www.instagram.com\/dacosolutions1\/","https:\/\/www.linkedin.com\/in\/mark-laurence-bab6492b\/","https:\/\/www.youtube.com\/user\/DacoSolutions1"],"description":"Daco Solutions are a UK manufacturer with a range of equipment for the self adhesive label converting industry. The equipment is designed in house, with all parts manufactured in our modern CNC machining facility, with electrical panel building, assembly and testing all performed by Daco.","email":"sales@daco-solutions.com","telephone":"+ 44 (0)1482 860288","legalName":"Daco Solutions Ltd","foundingDate":"2001-01-15"}]}},"_links":{"self":[{"href":"https:\/\/www.daco-solutions.com\/de\/wp-json\/wp\/v2\/pages\/3071","targetHints":{"allow":["GET"]}}],"collection":[{"href":"https:\/\/www.daco-solutions.com\/de\/wp-json\/wp\/v2\/pages"}],"about":[{"href":"https:\/\/www.daco-solutions.com\/de\/wp-json\/wp\/v2\/types\/page"}],"author":[{"embeddable":true,"href":"https:\/\/www.daco-solutions.com\/de\/wp-json\/wp\/v2\/users\/6"}],"replies":[{"embeddable":true,"href":"https:\/\/www.daco-solutions.com\/de\/wp-json\/wp\/v2\/comments?post=3071"}],"version-history":[{"count":2,"href":"https:\/\/www.daco-solutions.com\/de\/wp-json\/wp\/v2\/pages\/3071\/revisions"}],"predecessor-version":[{"id":17994,"href":"https:\/\/www.daco-solutions.com\/de\/wp-json\/wp\/v2\/pages\/3071\/revisions\/17994"}],"wp:attachment":[{"href":"https:\/\/www.daco-solutions.com\/de\/wp-json\/wp\/v2\/media?parent=3071"}],"curies":[{"name":"wp","href":"https:\/\/api.w.org\/{rel}","templated":true}]}}